{"id":113458,"date":"2022-06-01T20:22:05","date_gmt":"2022-06-01T18:22:05","guid":{"rendered":"https:\/\/www.fabioferro.eu\/uhr-festina-classic-weisses-lederarmband-40-mm.html"},"modified":"2024-10-05T19:53:47","modified_gmt":"2024-10-05T17:53:47","slug":"uhr-festina-classic-weisses-lederarmband-40-mm","status":"publish","type":"product","link":"https:\/\/www.fabioferro.eu\/de\/uhr-festina-classic-weisses-lederarmband-40-mm.html","title":{"rendered":"Uhr Festina Classic Wei\u00dfes Lederarmband 40 mm"},"content":{"rendered":"<p>Uhr mit Quarzwerk. Stahlgeh\u00e4use, 40 mm Durchmesser, 9,1 mm dick. Wasserdicht bis zu 10 bar\/100 Meter. Antireflektierendes Saphirglas. Wei\u00dfes Zifferblatt, Logo bei 12 Uhr und Datumsfenster bei 3 Uhr. Arabische Ziffern. Schwarzes Lederband, Abstand zwischen den Anst\u00f6\u00dfen 21 mm. Schlie\u00dfe mit Dornschlie\u00dfe. Mit offizieller Verpackung und Garantie von Festina.<\/p>\n","protected":false},"excerpt":{"rendered":"<p>Uhr mit Quarzwerk. Stahlgeh\u00e4use, 40 mm Durchmesser, 9,1 mm dick. Wasserdicht bis zu 10 bar\/100 Meter. Antireflektierendes Saphirglas. Wei\u00dfes Zifferblatt, Logo bei 12 Uhr und Datumsfenster bei 3 Uhr. Arabische Ziffern. Schwarzes Lederband, Abstand zwischen den Anst\u00f6\u00dfen 21 mm. Schlie\u00dfe mit Dornschlie\u00dfe. Mit offizieller Verpackung und Garantie von Festina.<\/p>\n","protected":false},"featured_media":113464,"comment_status":"open","ping_status":"closed","template":"","meta":[],"product_brand":[171],"product_cat":[5998],"product_tag":[7442],"class_list":{"0":"post-113458","1":"product","2":"type-product","3":"status-publish","4":"has-post-thumbnail","6":"product_brand-festina","7":"product_cat-festina-herrenuhren","8":"product_tag-verfugbar","10":"first","11":"instock","12":"sale","13":"taxable","14":"shipping-taxable","15":"purchasable","16":"product-type-simple"},"exclude_global_add_ons":[],"addons":[],"df_price":55.208,"df_sale_price":55.208,"df_regular_price":69.01,"df_image_link":"https:\/\/cdn02.fabioferro.eu\/wp-content\/uploads\/virtuemart\/product\/orologio-festina-classic-bianco-f20446-1.jpg","_links":{"self":[{"href":"https:\/\/www.fabioferro.eu\/de\/wp-json\/wp\/v2\/product\/113458","targetHints":{"allow":["GET"]}}],"collection":[{"href":"https:\/\/www.fabioferro.eu\/de\/wp-json\/wp\/v2\/product"}],"about":[{"href":"https:\/\/www.fabioferro.eu\/de\/wp-json\/wp\/v2\/types\/product"}],"replies":[{"embeddable":true,"href":"https:\/\/www.fabioferro.eu\/de\/wp-json\/wp\/v2\/comments?post=113458"}],"version-history":[{"count":0,"href":"https:\/\/www.fabioferro.eu\/de\/wp-json\/wp\/v2\/product\/113458\/revisions"}],"wp:featuredmedia":[{"embeddable":true,"href":"https:\/\/www.fabioferro.eu\/de\/wp-json\/wp\/v2\/media\/113464"}],"wp:attachment":[{"href":"https:\/\/www.fabioferro.eu\/de\/wp-json\/wp\/v2\/media?parent=113458"}],"wp:term":[{"taxonomy":"product_brand","embeddable":true,"href":"https:\/\/www.fabioferro.eu\/de\/wp-json\/wp\/v2\/product_brand?post=113458"},{"taxonomy":"product_cat","embeddable":true,"href":"https:\/\/www.fabioferro.eu\/de\/wp-json\/wp\/v2\/product_cat?post=113458"},{"taxonomy":"product_tag","embeddable":true,"href":"https:\/\/www.fabioferro.eu\/de\/wp-json\/wp\/v2\/product_tag?post=113458"}],"curies":[{"name":"wp","href":"https:\/\/api.w.org\/{rel}","templated":true}]}}