{"id":113468,"date":"2022-06-01T20:22:03","date_gmt":"2022-06-01T18:22:03","guid":{"rendered":"https:\/\/www.fabioferro.eu\/festina-mademoiselle-schwarz-stahl-302-mm-uhr.html"},"modified":"2022-06-01T20:22:03","modified_gmt":"2022-06-01T18:22:03","slug":"festina-mademoiselle-schwarz-stahl-302-mm-uhr","status":"publish","type":"product","link":"https:\/\/www.fabioferro.eu\/de\/festina-mademoiselle-schwarz-stahl-302-mm-uhr.html","title":{"rendered":"Festina Mademoiselle Schwarz Stahl 30,2 mm Uhr"},"content":{"rendered":"<p>Uhr mit Quarzwerk.<\/p>\n<p>Stahlgeh\u00e4use, Durchmesser 30,2 mm, Dicke 7,45 mm. Wasserdicht bis 5 bar\/50 Meter.<\/p>\n<p>Geh\u00e4rtetes Mineralglas.<\/p>\n<p>Schwarzes Zifferblatt, Logo bei 12 Uhr.<\/p>\n<p>Armband aus br\u00fcniertem Edelstahl, Abstand zwischen den Anst\u00f6\u00dfen 11,95 mm. Schnappschlie\u00dfe.<\/p>\n<p>Mit offizieller Verpackung und Garantie von Festina.<\/p>\n","protected":false},"excerpt":{"rendered":"<p>Uhr mit Quarzwerk. Stahlgeh\u00e4use, Durchmesser 30,2 mm, Dicke 7,45 mm. Wasserdicht bis 5 bar\/50 Meter. Geh\u00e4rtetes Mineralglas. Schwarzes Zifferblatt, Logo bei 12 Uhr. Armband aus br\u00fcniertem Edelstahl, Abstand zwischen den Anst\u00f6\u00dfen 11,95 mm. Schnappschlie\u00dfe. Mit offizieller Verpackung und Garantie von Festina.<\/p>\n","protected":false},"featured_media":113476,"comment_status":"open","ping_status":"closed","template":"","meta":[],"product_brand":[],"product_cat":[5976],"product_tag":[7442],"class_list":{"0":"post-113468","1":"product","2":"type-product","3":"status-publish","4":"has-post-thumbnail","6":"product_cat-festina-damenuhren","7":"product_tag-verfugbar","9":"first","10":"instock","11":"sale","12":"taxable","13":"shipping-taxable","14":"purchasable","15":"product-type-simple"},"exclude_global_add_ons":[],"addons":[],"df_price":95.2,"df_sale_price":95.2,"df_regular_price":119,"df_image_link":"https:\/\/cdn02.fabioferro.eu\/wp-content\/uploads\/virtuemart\/product\/orologio-festina-mdemoiselle-f20496-2.jpg","_links":{"self":[{"href":"https:\/\/www.fabioferro.eu\/de\/wp-json\/wp\/v2\/product\/113468","targetHints":{"allow":["GET"]}}],"collection":[{"href":"https:\/\/www.fabioferro.eu\/de\/wp-json\/wp\/v2\/product"}],"about":[{"href":"https:\/\/www.fabioferro.eu\/de\/wp-json\/wp\/v2\/types\/product"}],"replies":[{"embeddable":true,"href":"https:\/\/www.fabioferro.eu\/de\/wp-json\/wp\/v2\/comments?post=113468"}],"version-history":[{"count":0,"href":"https:\/\/www.fabioferro.eu\/de\/wp-json\/wp\/v2\/product\/113468\/revisions"}],"wp:featuredmedia":[{"embeddable":true,"href":"https:\/\/www.fabioferro.eu\/de\/wp-json\/wp\/v2\/media\/113476"}],"wp:attachment":[{"href":"https:\/\/www.fabioferro.eu\/de\/wp-json\/wp\/v2\/media?parent=113468"}],"wp:term":[{"taxonomy":"product_brand","embeddable":true,"href":"https:\/\/www.fabioferro.eu\/de\/wp-json\/wp\/v2\/product_brand?post=113468"},{"taxonomy":"product_cat","embeddable":true,"href":"https:\/\/www.fabioferro.eu\/de\/wp-json\/wp\/v2\/product_cat?post=113468"},{"taxonomy":"product_tag","embeddable":true,"href":"https:\/\/www.fabioferro.eu\/de\/wp-json\/wp\/v2\/product_tag?post=113468"}],"curies":[{"name":"wp","href":"https:\/\/api.w.org\/{rel}","templated":true}]}}