{"id":113471,"date":"2022-06-01T20:21:55","date_gmt":"2022-06-01T18:21:55","guid":{"rendered":"https:\/\/www.fabioferro.eu\/festina-mademoiselle-stahl-325-mm-uhr.html"},"modified":"2022-06-01T20:21:55","modified_gmt":"2022-06-01T18:21:55","slug":"festina-mademoiselle-stahl-325-mm-uhr","status":"publish","type":"product","link":"https:\/\/www.fabioferro.eu\/de\/festina-mademoiselle-stahl-325-mm-uhr.html","title":{"rendered":"Festina Mademoiselle Stahl 32,5 mm Uhr"},"content":{"rendered":"<p>Uhr mit Quarzwerk.<\/p>\n<p>Stahlgeh\u00e4use, Durchmesser 32,5 mm, Dicke 7,9 mm. Wasserdicht bis 5 bar\/50 Meter.<\/p>\n<p>Geh\u00e4rtetes Mineralglas.<\/p>\n<p>Silbernes Zifferblatt, Logo bei 12 Uhr.<\/p>\n<p>Edelstahlarmband, Abstand zwischen den Anst\u00f6\u00dfen 18,8 mm. Butterfly-Schlie\u00dfe.<\/p>\n<p>Mit offizieller Verpackung und Garantie von Festina.<\/p>\n","protected":false},"excerpt":{"rendered":"<p>Uhr mit Quarzwerk. Stahlgeh\u00e4use, Durchmesser 32,5 mm, Dicke 7,9 mm. Wasserdicht bis 5 bar\/50 Meter. Geh\u00e4rtetes Mineralglas. Silbernes Zifferblatt, Logo bei 12 Uhr. Edelstahlarmband, Abstand zwischen den Anst\u00f6\u00dfen 18,8 mm. Butterfly-Schlie\u00dfe. Mit offizieller Verpackung und Garantie von Festina.<\/p>\n","protected":false},"featured_media":113480,"comment_status":"open","ping_status":"closed","template":"","meta":[],"product_brand":[171],"product_cat":[5976],"product_tag":[7442],"class_list":{"0":"post-113471","1":"product","2":"type-product","3":"status-publish","4":"has-post-thumbnail","6":"product_brand-festina","7":"product_cat-festina-damenuhren","8":"product_tag-verfugbar","10":"first","11":"instock","12":"sale","13":"taxable","14":"shipping-taxable","15":"purchasable","16":"product-type-simple"},"exclude_global_add_ons":[],"addons":[],"df_price":71.2,"df_sale_price":71.2,"df_regular_price":89,"df_image_link":"https:\/\/cdn02.fabioferro.eu\/wp-content\/uploads\/virtuemart\/product\/orologio-festina-mademoiselle-f16936-a.jpg","_links":{"self":[{"href":"https:\/\/www.fabioferro.eu\/de\/wp-json\/wp\/v2\/product\/113471","targetHints":{"allow":["GET"]}}],"collection":[{"href":"https:\/\/www.fabioferro.eu\/de\/wp-json\/wp\/v2\/product"}],"about":[{"href":"https:\/\/www.fabioferro.eu\/de\/wp-json\/wp\/v2\/types\/product"}],"replies":[{"embeddable":true,"href":"https:\/\/www.fabioferro.eu\/de\/wp-json\/wp\/v2\/comments?post=113471"}],"version-history":[{"count":0,"href":"https:\/\/www.fabioferro.eu\/de\/wp-json\/wp\/v2\/product\/113471\/revisions"}],"wp:featuredmedia":[{"embeddable":true,"href":"https:\/\/www.fabioferro.eu\/de\/wp-json\/wp\/v2\/media\/113480"}],"wp:attachment":[{"href":"https:\/\/www.fabioferro.eu\/de\/wp-json\/wp\/v2\/media?parent=113471"}],"wp:term":[{"taxonomy":"product_brand","embeddable":true,"href":"https:\/\/www.fabioferro.eu\/de\/wp-json\/wp\/v2\/product_brand?post=113471"},{"taxonomy":"product_cat","embeddable":true,"href":"https:\/\/www.fabioferro.eu\/de\/wp-json\/wp\/v2\/product_cat?post=113471"},{"taxonomy":"product_tag","embeddable":true,"href":"https:\/\/www.fabioferro.eu\/de\/wp-json\/wp\/v2\/product_tag?post=113471"}],"curies":[{"name":"wp","href":"https:\/\/api.w.org\/{rel}","templated":true}]}}