{"id":113481,"date":"2022-06-01T20:21:59","date_gmt":"2022-06-01T18:21:59","guid":{"rendered":"https:\/\/www.fabioferro.eu\/festina-allegria-weiss-stahl-368-mm-uhr.html"},"modified":"2025-05-02T17:48:27","modified_gmt":"2025-05-02T15:48:27","slug":"festina-allegria-weiss-stahl-368-mm-uhr","status":"publish","type":"product","link":"https:\/\/www.fabioferro.eu\/de\/festina-allegria-weiss-stahl-368-mm-uhr.html","title":{"rendered":"Festina Allegria Wei\u00df Stahl 36,8 mm Uhr"},"content":{"rendered":"<p>Uhr mit Quarzwerk.<\/p>\n<p>Stahlgeh\u00e4use, Durchmesser 36,8 mm, Dicke 9,2 mm. Wasserdicht bis 5 bar\/50 Meter.<\/p>\n<p>Geh\u00e4rtetes Mineralglas.<\/p>\n<p>Wei\u00dfes Zifferblatt, Logo bei 12 Uhr.<\/p>\n<p>Armband aus Edelstahl, 18,8 mm Ansto\u00dfabstand. Faltschlie\u00dfe.<\/p>\n<p>Mit offizieller Festina-Box und Garantie.<\/p>\n","protected":false},"excerpt":{"rendered":"<p>Uhr mit Quarzwerk. Stahlgeh\u00e4use, Durchmesser 36,8 mm, Dicke 9,2 mm. Wasserdicht bis 5 bar\/50 Meter. Geh\u00e4rtetes Mineralglas. Wei\u00dfes Zifferblatt, Logo bei 12 Uhr. Armband aus Edelstahl, 18,8 mm Ansto\u00dfabstand. Faltschlie\u00dfe. Mit offizieller Festina-Box und Garantie.<\/p>\n","protected":false},"featured_media":113489,"comment_status":"open","ping_status":"closed","template":"","meta":[],"product_brand":[171],"product_cat":[5976],"product_tag":[7442],"class_list":{"0":"post-113481","1":"product","2":"type-product","3":"status-publish","4":"has-post-thumbnail","6":"product_brand-festina","7":"product_cat-festina-damenuhren","8":"product_tag-verfugbar","10":"first","11":"instock","12":"sale","13":"taxable","14":"shipping-taxable","15":"purchasable","16":"product-type-simple"},"exclude_global_add_ons":[],"addons":[],"df_price":79.2,"df_sale_price":79.2,"df_regular_price":99,"df_image_link":"https:\/\/cdn02.fabioferro.eu\/wp-content\/uploads\/virtuemart\/product\/orologio-festina-donna-acciaio-f20622-1.jpg","_links":{"self":[{"href":"https:\/\/www.fabioferro.eu\/de\/wp-json\/wp\/v2\/product\/113481","targetHints":{"allow":["GET"]}}],"collection":[{"href":"https:\/\/www.fabioferro.eu\/de\/wp-json\/wp\/v2\/product"}],"about":[{"href":"https:\/\/www.fabioferro.eu\/de\/wp-json\/wp\/v2\/types\/product"}],"replies":[{"embeddable":true,"href":"https:\/\/www.fabioferro.eu\/de\/wp-json\/wp\/v2\/comments?post=113481"}],"version-history":[{"count":0,"href":"https:\/\/www.fabioferro.eu\/de\/wp-json\/wp\/v2\/product\/113481\/revisions"}],"wp:featuredmedia":[{"embeddable":true,"href":"https:\/\/www.fabioferro.eu\/de\/wp-json\/wp\/v2\/media\/113489"}],"wp:attachment":[{"href":"https:\/\/www.fabioferro.eu\/de\/wp-json\/wp\/v2\/media?parent=113481"}],"wp:term":[{"taxonomy":"product_brand","embeddable":true,"href":"https:\/\/www.fabioferro.eu\/de\/wp-json\/wp\/v2\/product_brand?post=113481"},{"taxonomy":"product_cat","embeddable":true,"href":"https:\/\/www.fabioferro.eu\/de\/wp-json\/wp\/v2\/product_cat?post=113481"},{"taxonomy":"product_tag","embeddable":true,"href":"https:\/\/www.fabioferro.eu\/de\/wp-json\/wp\/v2\/product_tag?post=113481"}],"curies":[{"name":"wp","href":"https:\/\/api.w.org\/{rel}","templated":true}]}}