{"id":113626,"date":"2022-06-01T20:21:50","date_gmt":"2022-06-01T18:21:50","guid":{"rendered":"https:\/\/www.fabioferro.eu\/festina-classic-versilberte-lederuhr.html"},"modified":"2022-06-01T20:21:50","modified_gmt":"2022-06-01T18:21:50","slug":"festina-classic-versilberte-lederuhr","status":"publish","type":"product","link":"https:\/\/www.fabioferro.eu\/de\/festina-classic-versilberte-lederuhr.html","title":{"rendered":"Festina Classic Versilberte Lederuhr"},"content":{"rendered":"<p>Uhr aus vergoldetem Edelstahl.<\/p>\n<p>Geh\u00e4usedurchmesser 36 mm, Dicke 9,1 mm.<\/p>\n<p>Quarzwerk.<\/p>\n<p>Wei\u00dfes Zifferblatt, kleines Zifferblatt bei 6 Uhr.<\/p>\n<p>Braunes Lederband.<\/p>\n<p>Geh\u00e4rtetes Mineralglas.<\/p>\n<p>Mit Verpackung und Garantie von Festina.<\/p>\n","protected":false},"excerpt":{"rendered":"<p>Uhr aus vergoldetem Edelstahl. Geh\u00e4usedurchmesser 36 mm, Dicke 9,1 mm. Quarzwerk. Wei\u00dfes Zifferblatt, kleines Zifferblatt bei 6 Uhr. Braunes Lederband. Geh\u00e4rtetes Mineralglas. Mit Verpackung und Garantie von Festina.<\/p>\n","protected":false},"featured_media":113639,"comment_status":"open","ping_status":"closed","template":"","meta":[],"product_brand":[171],"product_cat":[5998],"product_tag":[],"class_list":{"0":"post-113626","1":"product","2":"type-product","3":"status-publish","4":"has-post-thumbnail","6":"product_brand-festina","7":"product_cat-festina-herrenuhren","9":"first","10":"outofstock","11":"sale","12":"taxable","13":"shipping-taxable","14":"purchasable","15":"product-type-simple"},"exclude_global_add_ons":[],"addons":[],"df_price":63.2,"df_sale_price":63.2,"df_regular_price":79,"df_image_link":"https:\/\/cdn02.fabioferro.eu\/wp-content\/uploads\/virtuemart\/product\/orologio-festina-uomo-20567-1.jpg","_links":{"self":[{"href":"https:\/\/www.fabioferro.eu\/de\/wp-json\/wp\/v2\/product\/113626","targetHints":{"allow":["GET"]}}],"collection":[{"href":"https:\/\/www.fabioferro.eu\/de\/wp-json\/wp\/v2\/product"}],"about":[{"href":"https:\/\/www.fabioferro.eu\/de\/wp-json\/wp\/v2\/types\/product"}],"replies":[{"embeddable":true,"href":"https:\/\/www.fabioferro.eu\/de\/wp-json\/wp\/v2\/comments?post=113626"}],"version-history":[{"count":0,"href":"https:\/\/www.fabioferro.eu\/de\/wp-json\/wp\/v2\/product\/113626\/revisions"}],"wp:featuredmedia":[{"embeddable":true,"href":"https:\/\/www.fabioferro.eu\/de\/wp-json\/wp\/v2\/media\/113639"}],"wp:attachment":[{"href":"https:\/\/www.fabioferro.eu\/de\/wp-json\/wp\/v2\/media?parent=113626"}],"wp:term":[{"taxonomy":"product_brand","embeddable":true,"href":"https:\/\/www.fabioferro.eu\/de\/wp-json\/wp\/v2\/product_brand?post=113626"},{"taxonomy":"product_cat","embeddable":true,"href":"https:\/\/www.fabioferro.eu\/de\/wp-json\/wp\/v2\/product_cat?post=113626"},{"taxonomy":"product_tag","embeddable":true,"href":"https:\/\/www.fabioferro.eu\/de\/wp-json\/wp\/v2\/product_tag?post=113626"}],"curies":[{"name":"wp","href":"https:\/\/api.w.org\/{rel}","templated":true}]}}