{"id":113649,"date":"2022-06-01T20:20:56","date_gmt":"2022-06-01T18:20:56","guid":{"rendered":"https:\/\/www.fabioferro.eu\/hamilton-khaki-aviation-pilot-pioneer-43-mm-uhr.html"},"modified":"2025-04-03T10:07:21","modified_gmt":"2025-04-03T08:07:21","slug":"hamilton-khaki-aviation-pilot-pioneer-43-mm-uhr","status":"publish","type":"product","link":"https:\/\/www.fabioferro.eu\/de\/hamilton-khaki-aviation-pilot-pioneer-43-mm-uhr.html","title":{"rendered":"Hamilton Khaki Aviation Pilot Pioneer 43mm H76719530"},"content":{"rendered":"<p>Hamilton Khaki Aviation Pilot Pioneer 43mm H76719530 mit einem automatischen mechanischen Uhrwerk, Kaliber ETA 6498-1, mit einer Gangreserve von 50 Stunden.<\/p>\n<p>Geh\u00e4use aus rostfreiem Stahl, 43 mm Durchmesser.<\/p>\n<p>Wasserdicht bis zu 10 bar\/100 Meter. Ger\u00e4ndelte \u00e4u\u00dfere Krone. Geh\u00e4useboden mit 6 Druckschrauben verschlossen.<\/p>\n<p>Armband aus Kalbsleder, Dornschlie\u00dfe, 16 mm breit.<\/p>\n<p>Breite zwischen den Laschen von 20 mm.<\/p>\n<p>Kratzfestes, leicht gew\u00f6lbtes Saphirglas.<\/p>\n<p>Schwarzes Zifferblatt mit im Dunkeln leuchtenden Indizes und Zeigern. Logo auf 12 Uhr.<\/p>\n<p>Wird von der offiziellen Hamilton-Garantie und -Verpackung begleitet.<\/p>\n","protected":false},"excerpt":{"rendered":"<p>Hamilton Khaki Aviation Pilot Pioneer 43mm H76719530, eine Hommage an die Luftfahrt von Hamilton, die damit eine starke Verbindung zur Welt der Fliegerei aufrechterh\u00e4lt.<\/p>\n","protected":false},"featured_media":113658,"comment_status":"open","ping_status":"closed","template":"","meta":[],"product_brand":[161],"product_cat":[5974],"product_tag":[],"class_list":{"0":"post-113649","1":"product","2":"type-product","3":"status-publish","4":"has-post-thumbnail","6":"product_brand-hamilton","7":"product_cat-hamilton-herrenuhren","9":"first","10":"instock","11":"sale","12":"taxable","13":"shipping-taxable","14":"purchasable","15":"product-type-simple"},"exclude_global_add_ons":[],"addons":[],"df_price":1092,"df_sale_price":1092,"df_regular_price":1365,"df_image_link":"https:\/\/cdn02.fabioferro.eu\/wp-content\/uploads\/virtuemart\/product\/orologio-hamilton-pilot-pioneer-mechanical-h76719530.jpg","_links":{"self":[{"href":"https:\/\/www.fabioferro.eu\/de\/wp-json\/wp\/v2\/product\/113649","targetHints":{"allow":["GET"]}}],"collection":[{"href":"https:\/\/www.fabioferro.eu\/de\/wp-json\/wp\/v2\/product"}],"about":[{"href":"https:\/\/www.fabioferro.eu\/de\/wp-json\/wp\/v2\/types\/product"}],"replies":[{"embeddable":true,"href":"https:\/\/www.fabioferro.eu\/de\/wp-json\/wp\/v2\/comments?post=113649"}],"version-history":[{"count":0,"href":"https:\/\/www.fabioferro.eu\/de\/wp-json\/wp\/v2\/product\/113649\/revisions"}],"wp:featuredmedia":[{"embeddable":true,"href":"https:\/\/www.fabioferro.eu\/de\/wp-json\/wp\/v2\/media\/113658"}],"wp:attachment":[{"href":"https:\/\/www.fabioferro.eu\/de\/wp-json\/wp\/v2\/media?parent=113649"}],"wp:term":[{"taxonomy":"product_brand","embeddable":true,"href":"https:\/\/www.fabioferro.eu\/de\/wp-json\/wp\/v2\/product_brand?post=113649"},{"taxonomy":"product_cat","embeddable":true,"href":"https:\/\/www.fabioferro.eu\/de\/wp-json\/wp\/v2\/product_cat?post=113649"},{"taxonomy":"product_tag","embeddable":true,"href":"https:\/\/www.fabioferro.eu\/de\/wp-json\/wp\/v2\/product_tag?post=113649"}],"curies":[{"name":"wp","href":"https:\/\/api.w.org\/{rel}","templated":true}]}}