{"id":113710,"date":"2022-06-01T20:15:56","date_gmt":"2022-06-01T18:15:56","guid":{"rendered":"https:\/\/www.fabioferro.eu\/mono-ohrring-rue-des-mille-stardust-magnetisches-herz-matto.html"},"modified":"2024-09-18T16:38:36","modified_gmt":"2024-09-18T14:38:36","slug":"mono-ohrring-rue-des-mille-stardust-magnetisches-herz-matto","status":"publish","type":"product","link":"https:\/\/www.fabioferro.eu\/de\/mono-ohrring-rue-des-mille-stardust-magnetisches-herz-matto.html","title":{"rendered":"Mono-Ohrring Rue des Mille Stardust Magnetisches Herz Matto"},"content":{"rendered":"<p>Ohrring aus 925\/1000 Sterlingsilber, 18K vergoldet. Kreisgr\u00f6\u00dfe 1 cm. Objektgr\u00f6\u00dfe 0,6 cm. Hergestellt in Italien. Mit offizieller Rue des Mille-Box und Garantie.<\/p>\n","protected":false},"excerpt":{"rendered":"<p>Direkt aus dem romantischen und schicken Stil der Rue des Mille.<\/p>\n","protected":false},"featured_media":113723,"comment_status":"open","ping_status":"closed","template":"","meta":[],"product_brand":[205],"product_cat":[6205],"product_tag":[],"class_list":{"0":"post-113710","1":"product","2":"type-product","3":"status-publish","4":"has-post-thumbnail","6":"product_brand-rue-des-mille","7":"product_cat-ohrringe-rue-des-mille","9":"first","10":"outofstock","11":"sale","12":"taxable","13":"shipping-taxable","14":"purchasable","15":"product-type-simple"},"exclude_global_add_ons":[],"addons":[],"df_price":22.8,"df_sale_price":22.8,"df_regular_price":38,"df_image_link":"https:\/\/cdn02.fabioferro.eu\/wp-content\/uploads\/virtuemart\/product\/orecchino-rue-des-mille-magnetica-orz-010-m3-au.jpg","_links":{"self":[{"href":"https:\/\/www.fabioferro.eu\/de\/wp-json\/wp\/v2\/product\/113710","targetHints":{"allow":["GET"]}}],"collection":[{"href":"https:\/\/www.fabioferro.eu\/de\/wp-json\/wp\/v2\/product"}],"about":[{"href":"https:\/\/www.fabioferro.eu\/de\/wp-json\/wp\/v2\/types\/product"}],"replies":[{"embeddable":true,"href":"https:\/\/www.fabioferro.eu\/de\/wp-json\/wp\/v2\/comments?post=113710"}],"version-history":[{"count":0,"href":"https:\/\/www.fabioferro.eu\/de\/wp-json\/wp\/v2\/product\/113710\/revisions"}],"wp:featuredmedia":[{"embeddable":true,"href":"https:\/\/www.fabioferro.eu\/de\/wp-json\/wp\/v2\/media\/113723"}],"wp:attachment":[{"href":"https:\/\/www.fabioferro.eu\/de\/wp-json\/wp\/v2\/media?parent=113710"}],"wp:term":[{"taxonomy":"product_brand","embeddable":true,"href":"https:\/\/www.fabioferro.eu\/de\/wp-json\/wp\/v2\/product_brand?post=113710"},{"taxonomy":"product_cat","embeddable":true,"href":"https:\/\/www.fabioferro.eu\/de\/wp-json\/wp\/v2\/product_cat?post=113710"},{"taxonomy":"product_tag","embeddable":true,"href":"https:\/\/www.fabioferro.eu\/de\/wp-json\/wp\/v2\/product_tag?post=113710"}],"curies":[{"name":"wp","href":"https:\/\/api.w.org\/{rel}","templated":true}]}}