{"id":113775,"date":"2022-06-01T20:16:00","date_gmt":"2022-06-01T18:16:00","guid":{"rendered":"https:\/\/www.fabioferro.eu\/mono-ohrring-rue-des-mille-mini-reifen-quadrifoglio.html"},"modified":"2025-06-06T16:15:15","modified_gmt":"2025-06-06T14:15:15","slug":"mono-ohrring-rue-des-mille-mini-reifen-quadrifoglio","status":"publish","type":"product","link":"https:\/\/www.fabioferro.eu\/de\/mono-ohrring-rue-des-mille-mini-reifen-quadrifoglio.html","title":{"rendered":"Mono-Ohrring Rue des Mille Mini-Reifen Quadrifoglio"},"content":{"rendered":"<p>Ohrring aus 925\/1000 Sterlingsilber, 18K vergoldet. Kreisgr\u00f6\u00dfe 1 cm. Motivgr\u00f6\u00dfe 1 cm. Hergestellt in Italien. Mit offizieller Rue des Mille-Box und Garantie.<\/p>\n","protected":false},"excerpt":{"rendered":"<p>Direkt aus dem romantischen und schicken Stil der Rue des Mille.<\/p>\n","protected":false},"featured_media":113783,"comment_status":"open","ping_status":"closed","template":"","meta":[],"product_brand":[205],"product_cat":[6205],"product_tag":[],"class_list":{"0":"post-113775","1":"product","2":"type-product","3":"status-publish","4":"has-post-thumbnail","6":"product_brand-rue-des-mille","7":"product_cat-ohrringe-rue-des-mille","9":"first","10":"outofstock","11":"sale","12":"taxable","13":"shipping-taxable","14":"purchasable","15":"product-type-simple"},"exclude_global_add_ons":[],"addons":[],"df_price":21,"df_sale_price":21,"df_regular_price":35,"df_image_link":"https:\/\/cdn02.fabioferro.eu\/wp-content\/uploads\/virtuemart\/product\/orecchino-rue-des-mille-quadrifoglio-orz-cerc-quad-au.jpg","_links":{"self":[{"href":"https:\/\/www.fabioferro.eu\/de\/wp-json\/wp\/v2\/product\/113775","targetHints":{"allow":["GET"]}}],"collection":[{"href":"https:\/\/www.fabioferro.eu\/de\/wp-json\/wp\/v2\/product"}],"about":[{"href":"https:\/\/www.fabioferro.eu\/de\/wp-json\/wp\/v2\/types\/product"}],"replies":[{"embeddable":true,"href":"https:\/\/www.fabioferro.eu\/de\/wp-json\/wp\/v2\/comments?post=113775"}],"version-history":[{"count":0,"href":"https:\/\/www.fabioferro.eu\/de\/wp-json\/wp\/v2\/product\/113775\/revisions"}],"wp:featuredmedia":[{"embeddable":true,"href":"https:\/\/www.fabioferro.eu\/de\/wp-json\/wp\/v2\/media\/113783"}],"wp:attachment":[{"href":"https:\/\/www.fabioferro.eu\/de\/wp-json\/wp\/v2\/media?parent=113775"}],"wp:term":[{"taxonomy":"product_brand","embeddable":true,"href":"https:\/\/www.fabioferro.eu\/de\/wp-json\/wp\/v2\/product_brand?post=113775"},{"taxonomy":"product_cat","embeddable":true,"href":"https:\/\/www.fabioferro.eu\/de\/wp-json\/wp\/v2\/product_cat?post=113775"},{"taxonomy":"product_tag","embeddable":true,"href":"https:\/\/www.fabioferro.eu\/de\/wp-json\/wp\/v2\/product_tag?post=113775"}],"curies":[{"name":"wp","href":"https:\/\/api.w.org\/{rel}","templated":true}]}}