{"id":113780,"date":"2022-06-01T20:16:23","date_gmt":"2022-06-01T18:16:23","guid":{"rendered":"https:\/\/www.fabioferro.eu\/original-tibetisches-regenbogenstein-tamashii-armband.html"},"modified":"2024-09-18T16:38:16","modified_gmt":"2024-09-18T14:38:16","slug":"original-tibetisches-regenbogenstein-tamashii-armband","status":"publish","type":"product","link":"https:\/\/www.fabioferro.eu\/de\/original-tibetisches-regenbogenstein-tamashii-armband.html","title":{"rendered":"Original tibetisches Regenbogenstein-Tamashii-Armband"},"content":{"rendered":"<p>Dieser Stein, der f\u00fcr seine hellen und reflektierenden Eigenschaften bekannt ist, hilft den Menschen, ihre Qualit\u00e4ten zu erkennen, aber auch ihre negativen Eigenschaften zu \u00fcberdenken, um sie zu beseitigen und sie auf eine positivere Einstellung umzulenken. Der Regenbogenstein wird auch verwendet, um negative und feindliche Energien zu reduzieren. Dieser Stein verringert die nerv\u00f6se Energie und hilft, sich auf positive, h\u00f6here Ziele zu konzentrieren.  &nbsp;  Das Armband ist mit Zacken versehen und mit brauner Kordel handgekn\u00fcpft. Die Gesamtl\u00e4nge des Armbands betr\u00e4gt 24,00 cm, aber es kann auch bis zu 18,00 cm getragen werden. Praktischer Knopfverschluss aus Metall. Was dieses Schmuckst\u00fcck einzigartig macht, ist die Tatsache, dass es in Tibet handgefertigt und von tibetischen M\u00f6nchen gesegnet wurde. Neues Produkt in Originalverpackung mit Tamashii-Echtheitsgarantie.<\/p>\n","protected":false},"excerpt":{"rendered":"<p>Lass deinen Gef\u00fchlen freien Lauf, dieses Armband wird sie leiten.<\/p>\n","protected":false},"featured_media":113788,"comment_status":"open","ping_status":"closed","template":"","meta":[],"product_brand":[199],"product_cat":[6318],"product_tag":[7442],"class_list":{"0":"post-113780","1":"product","2":"type-product","3":"status-publish","4":"has-post-thumbnail","6":"product_brand-tamashii","7":"product_cat-tamashii","8":"product_tag-verfugbar","10":"first","11":"instock","12":"taxable","13":"shipping-taxable","14":"purchasable","15":"product-type-simple"},"exclude_global_add_ons":[],"addons":[],"df_price":42,"df_sale_price":"","df_regular_price":42,"df_image_link":"https:\/\/cdn02.fabioferro.eu\/wp-content\/uploads\/virtuemart\/product\/bracciale-tamashii-rainbow-stone-bhs900-250.jpg","_links":{"self":[{"href":"https:\/\/www.fabioferro.eu\/de\/wp-json\/wp\/v2\/product\/113780","targetHints":{"allow":["GET"]}}],"collection":[{"href":"https:\/\/www.fabioferro.eu\/de\/wp-json\/wp\/v2\/product"}],"about":[{"href":"https:\/\/www.fabioferro.eu\/de\/wp-json\/wp\/v2\/types\/product"}],"replies":[{"embeddable":true,"href":"https:\/\/www.fabioferro.eu\/de\/wp-json\/wp\/v2\/comments?post=113780"}],"version-history":[{"count":0,"href":"https:\/\/www.fabioferro.eu\/de\/wp-json\/wp\/v2\/product\/113780\/revisions"}],"wp:featuredmedia":[{"embeddable":true,"href":"https:\/\/www.fabioferro.eu\/de\/wp-json\/wp\/v2\/media\/113788"}],"wp:attachment":[{"href":"https:\/\/www.fabioferro.eu\/de\/wp-json\/wp\/v2\/media?parent=113780"}],"wp:term":[{"taxonomy":"product_brand","embeddable":true,"href":"https:\/\/www.fabioferro.eu\/de\/wp-json\/wp\/v2\/product_brand?post=113780"},{"taxonomy":"product_cat","embeddable":true,"href":"https:\/\/www.fabioferro.eu\/de\/wp-json\/wp\/v2\/product_cat?post=113780"},{"taxonomy":"product_tag","embeddable":true,"href":"https:\/\/www.fabioferro.eu\/de\/wp-json\/wp\/v2\/product_tag?post=113780"}],"curies":[{"name":"wp","href":"https:\/\/api.w.org\/{rel}","templated":true}]}}