{"id":113792,"date":"2024-01-24T20:14:56","date_gmt":"2024-01-24T19:14:56","guid":{"rendered":"https:\/\/www.fabioferro.eu\/fabio-eisen-punkt-licht-halskette-in-weissgold-041-karat-igi.html"},"modified":"2024-02-07T18:27:17","modified_gmt":"2024-02-07T17:27:17","slug":"fabio-eisen-punkt-licht-halskette-in-weissgold-041-karat-igi","status":"publish","type":"product","link":"https:\/\/www.fabioferro.eu\/de\/fabio-eisen-punkt-licht-halskette-in-weissgold-041-karat-igi.html","title":{"rendered":"Fabio Eisen Punkt Licht Halskette in Wei\u00dfgold 0,41 Karat IGI"},"content":{"rendered":"<p>IGI-zertifiziertes Brillant-Collier mit 0,41 Karat, handgefertigt in unserer Goldschmiedewerkstatt.<\/p>\n<p>Das venezianische Gliedercollier aus 18 Karat Wei\u00dfgold wiegt 2,85 g. Sie ist 45 cm lang, kann aber auch mit 42 cm getragen werden, da sie eine Schlaufe am Ende der Kette hat. Der Sicherheitsverschluss ist ein Karabinerhaken.<\/p>\n<p>Die L\u00fcnette mit dem Diamanten ist verschiebbar und hat eine Gr\u00f6\u00dfe von 5 x 5 mm. Die Fassung hat kleine seitliche Rillen, die es dem Diamanten erm\u00f6glichen, das Licht zu reflektieren.<\/p>\n<p>Der Diamant im Brillantschliff hat ein Gewicht von 0,41 Karat, ist von der Farbe G und der Reinheit SI1 und tr\u00e4gt einen einzigartigen Lasercode auf dem G\u00fcrtel.<\/p>\n<p>Begleitet von der IGI-Zertifizierung des Diamanten.<\/p>\n<p>Das Schmuckst\u00fcck wird mit der Qualit\u00e4ts- und Echtheitsgarantie von Fabio Ferro sowie einer speziellen Verpackung f\u00fcr jeden Anlass geliefert.<\/p>\n<p><img decoding=\"async\" class=\"alignnone size-full wp-image-68675\" src=\"https:\/\/cdn02.fabioferro.eu\/wp-content\/uploads\/IGI-4cs-chart-IT-scaled.jpg\" alt=\"\" width=\"1864\" height=\"2560\" title=\"\" srcset=\"https:\/\/cdn02.fabioferro.eu\/wp-content\/uploads\/IGI-4cs-chart-IT-scaled.jpg 1864w, https:\/\/cdn02.fabioferro.eu\/wp-content\/uploads\/IGI-4cs-chart-IT-768x1055.jpg 768w, https:\/\/cdn02.fabioferro.eu\/wp-content\/uploads\/IGI-4cs-chart-IT-1119x1536.jpg 1119w, https:\/\/cdn02.fabioferro.eu\/wp-content\/uploads\/IGI-4cs-chart-IT-1491x2048.jpg 1491w, https:\/\/cdn02.fabioferro.eu\/wp-content\/uploads\/IGI-4cs-chart-IT-990x1359.jpg 990w, https:\/\/cdn02.fabioferro.eu\/wp-content\/uploads\/IGI-4cs-chart-IT-441x606.jpg 441w, https:\/\/cdn02.fabioferro.eu\/wp-content\/uploads\/IGI-4cs-chart-IT-600x824.jpg 600w, https:\/\/cdn02.fabioferro.eu\/wp-content\/uploads\/IGI-4cs-chart-IT-150x206.jpg 150w\" sizes=\"(max-width: 1864px) 100vw, 1864px\" \/><\/p>\n","protected":false},"excerpt":{"rendered":"<p>Puntoluce-Halskette mit IGI-Brillant 0,41 Karat<\/p>\n","protected":false},"featured_media":113803,"comment_status":"open","ping_status":"closed","template":"","meta":[],"product_brand":[152],"product_cat":[6016],"product_tag":[],"class_list":{"0":"post-113792","1":"product","2":"type-product","3":"status-publish","4":"has-post-thumbnail","6":"product_brand-fabio-ferro-i-gioielli","7":"product_cat-dot-light-halsketten","9":"first","10":"instock","11":"sale","12":"taxable","13":"shipping-taxable","14":"purchasable","15":"product-type-simple"},"exclude_global_add_ons":[],"addons":[],"df_price":2400,"df_sale_price":2400,"df_regular_price":3000,"df_image_link":"https:\/\/cdn02.fabioferro.eu\/wp-content\/uploads\/collana-punto-luce-fabio-ferro-in-oro-bianco-e-diamanti-ff1027.jpg","_links":{"self":[{"href":"https:\/\/www.fabioferro.eu\/de\/wp-json\/wp\/v2\/product\/113792","targetHints":{"allow":["GET"]}}],"collection":[{"href":"https:\/\/www.fabioferro.eu\/de\/wp-json\/wp\/v2\/product"}],"about":[{"href":"https:\/\/www.fabioferro.eu\/de\/wp-json\/wp\/v2\/types\/product"}],"replies":[{"embeddable":true,"href":"https:\/\/www.fabioferro.eu\/de\/wp-json\/wp\/v2\/comments?post=113792"}],"version-history":[{"count":0,"href":"https:\/\/www.fabioferro.eu\/de\/wp-json\/wp\/v2\/product\/113792\/revisions"}],"wp:featuredmedia":[{"embeddable":true,"href":"https:\/\/www.fabioferro.eu\/de\/wp-json\/wp\/v2\/media\/113803"}],"wp:attachment":[{"href":"https:\/\/www.fabioferro.eu\/de\/wp-json\/wp\/v2\/media?parent=113792"}],"wp:term":[{"taxonomy":"product_brand","embeddable":true,"href":"https:\/\/www.fabioferro.eu\/de\/wp-json\/wp\/v2\/product_brand?post=113792"},{"taxonomy":"product_cat","embeddable":true,"href":"https:\/\/www.fabioferro.eu\/de\/wp-json\/wp\/v2\/product_cat?post=113792"},{"taxonomy":"product_tag","embeddable":true,"href":"https:\/\/www.fabioferro.eu\/de\/wp-json\/wp\/v2\/product_tag?post=113792"}],"curies":[{"name":"wp","href":"https:\/\/api.w.org\/{rel}","templated":true}]}}