{"id":113799,"date":"2022-06-01T20:14:28","date_gmt":"2022-06-01T18:14:28","guid":{"rendered":"https:\/\/www.fabioferro.eu\/madi-halskette-laguna-pesca-kollektion-mit-hydrothermalem-quarz.html"},"modified":"2024-09-06T16:55:40","modified_gmt":"2024-09-06T14:55:40","slug":"madi-halskette-laguna-pesca-kollektion-mit-hydrothermalem-quarz","status":"publish","type":"product","link":"https:\/\/www.fabioferro.eu\/de\/madi-halskette-laguna-pesca-kollektion-mit-hydrothermalem-quarz.html","title":{"rendered":"Mad\u00ec Halskette Laguna Pesca Kollektion mit hydrothermalem Quarz"},"content":{"rendered":"<p>Interpunktionshalskette aus ros\u00e9vergoldetem Sterlingsilber. L\u00e4nge 42 cm mit 3,5 cm abfallendem Anh\u00e4nger. Handgefertigt, Hergestellt in Italien. Rosa und schwarzer hydrothermaler Quarz. Verschluss mit Karabinerhaken. Juwel mit Garantie, Einkaufstasche und offizieller Mad\u00ec-Box.<\/p>\n","protected":false},"excerpt":{"rendered":"<p>Ein besonderer, weicher Quarz, der auf der Brust einer jeden Frau gl\u00e4nzt.<\/p>\n","protected":false},"featured_media":113812,"comment_status":"open","ping_status":"closed","template":"","meta":[],"product_brand":[],"product_cat":[5951],"product_tag":[],"class_list":{"0":"post-113799","1":"product","2":"type-product","3":"status-publish","4":"has-post-thumbnail","6":"product_cat-madi-halsketten","8":"first","9":"instock","10":"sale","11":"taxable","12":"shipping-taxable","13":"purchasable","14":"product-type-simple"},"exclude_global_add_ons":[],"addons":[],"df_price":107.55,"df_sale_price":107.55,"df_regular_price":119.5,"df_image_link":"https:\/\/cdn02.fabioferro.eu\/wp-content\/uploads\/virtuemart\/product\/collana-madi-collezione-laguna-pesca-38841.jpg","_links":{"self":[{"href":"https:\/\/www.fabioferro.eu\/de\/wp-json\/wp\/v2\/product\/113799","targetHints":{"allow":["GET"]}}],"collection":[{"href":"https:\/\/www.fabioferro.eu\/de\/wp-json\/wp\/v2\/product"}],"about":[{"href":"https:\/\/www.fabioferro.eu\/de\/wp-json\/wp\/v2\/types\/product"}],"replies":[{"embeddable":true,"href":"https:\/\/www.fabioferro.eu\/de\/wp-json\/wp\/v2\/comments?post=113799"}],"version-history":[{"count":0,"href":"https:\/\/www.fabioferro.eu\/de\/wp-json\/wp\/v2\/product\/113799\/revisions"}],"wp:featuredmedia":[{"embeddable":true,"href":"https:\/\/www.fabioferro.eu\/de\/wp-json\/wp\/v2\/media\/113812"}],"wp:attachment":[{"href":"https:\/\/www.fabioferro.eu\/de\/wp-json\/wp\/v2\/media?parent=113799"}],"wp:term":[{"taxonomy":"product_brand","embeddable":true,"href":"https:\/\/www.fabioferro.eu\/de\/wp-json\/wp\/v2\/product_brand?post=113799"},{"taxonomy":"product_cat","embeddable":true,"href":"https:\/\/www.fabioferro.eu\/de\/wp-json\/wp\/v2\/product_cat?post=113799"},{"taxonomy":"product_tag","embeddable":true,"href":"https:\/\/www.fabioferro.eu\/de\/wp-json\/wp\/v2\/product_tag?post=113799"}],"curies":[{"name":"wp","href":"https:\/\/api.w.org\/{rel}","templated":true}]}}