{"id":113823,"date":"2022-06-01T20:15:00","date_gmt":"2022-06-01T18:15:00","guid":{"rendered":"https:\/\/www.fabioferro.eu\/original-tibetisches-angelit-blau-tamashii-armband.html"},"modified":"2024-09-18T16:38:51","modified_gmt":"2024-09-18T14:38:51","slug":"original-tibetisches-angelit-blau-tamashii-armband","status":"publish","type":"product","link":"https:\/\/www.fabioferro.eu\/de\/original-tibetisches-angelit-blau-tamashii-armband.html","title":{"rendered":"Original tibetisches Angelit-Blau-Tamashii-Armband"},"content":{"rendered":"<p>Der Angelitstein f\u00f6rdert die F\u00e4higkeit, Ideen auszudr\u00fccken. Hervorragend, wenn Sie unter Stress leiden oder von \u00c4ngsten, Sorgen und Bef\u00fcrchtungen gefangen sind. Es hilft, die Qualit\u00e4t des Schlafes zu verbessern und kann auch dazu verwendet werden, aus Tr\u00e4umen einige n\u00fctzliche Mitteilungen f\u00fcr das t\u00e4gliche Leben abzuleiten.  &nbsp;  Das Armband ist mit Zacken versehen und mit brauner Kordel handgekn\u00fcpft. Die Gesamtl\u00e4nge des Armbands betr\u00e4gt 24,00 cm, aber es kann auch bis zu 18,00 cm getragen werden. Praktischer Knopfverschluss aus Metall. Was dieses Schmuckst\u00fcck einzigartig macht, ist die Tatsache, dass es in Tibet handgefertigt und von tibetischen M\u00f6nchen gesegnet wurde. Neues Produkt in Originalverpackung mit Tamashii-Echtheitsgarantie.<\/p>\n","protected":false},"excerpt":{"rendered":"<p>Verlangsamen Sie Ihr \u00fcbliches Tempo, vergessen Sie Ihre \u00fcblichen \u00c4ngste.<\/p>\n","protected":false},"featured_media":113830,"comment_status":"open","ping_status":"closed","template":"","meta":[],"product_brand":[199],"product_cat":[6318],"product_tag":[],"class_list":{"0":"post-113823","1":"product","2":"type-product","3":"status-publish","4":"has-post-thumbnail","6":"product_brand-tamashii","7":"product_cat-tamashii","9":"first","10":"instock","11":"taxable","12":"shipping-taxable","13":"purchasable","14":"product-type-simple"},"exclude_global_add_ons":[],"addons":[],"df_price":49,"df_sale_price":"","df_regular_price":49,"df_image_link":"https:\/\/cdn02.fabioferro.eu\/wp-content\/uploads\/virtuemart\/product\/bracciale-tamashii-pietra-angelica-blu-bhs900-211.jpg","_links":{"self":[{"href":"https:\/\/www.fabioferro.eu\/de\/wp-json\/wp\/v2\/product\/113823","targetHints":{"allow":["GET"]}}],"collection":[{"href":"https:\/\/www.fabioferro.eu\/de\/wp-json\/wp\/v2\/product"}],"about":[{"href":"https:\/\/www.fabioferro.eu\/de\/wp-json\/wp\/v2\/types\/product"}],"replies":[{"embeddable":true,"href":"https:\/\/www.fabioferro.eu\/de\/wp-json\/wp\/v2\/comments?post=113823"}],"version-history":[{"count":0,"href":"https:\/\/www.fabioferro.eu\/de\/wp-json\/wp\/v2\/product\/113823\/revisions"}],"wp:featuredmedia":[{"embeddable":true,"href":"https:\/\/www.fabioferro.eu\/de\/wp-json\/wp\/v2\/media\/113830"}],"wp:attachment":[{"href":"https:\/\/www.fabioferro.eu\/de\/wp-json\/wp\/v2\/media?parent=113823"}],"wp:term":[{"taxonomy":"product_brand","embeddable":true,"href":"https:\/\/www.fabioferro.eu\/de\/wp-json\/wp\/v2\/product_brand?post=113823"},{"taxonomy":"product_cat","embeddable":true,"href":"https:\/\/www.fabioferro.eu\/de\/wp-json\/wp\/v2\/product_cat?post=113823"},{"taxonomy":"product_tag","embeddable":true,"href":"https:\/\/www.fabioferro.eu\/de\/wp-json\/wp\/v2\/product_tag?post=113823"}],"curies":[{"name":"wp","href":"https:\/\/api.w.org\/{rel}","templated":true}]}}