{"id":113862,"date":"2022-06-01T20:14:31","date_gmt":"2022-06-01T18:14:31","guid":{"rendered":"https:\/\/www.fabioferro.eu\/madi-ring-laguna-kollektion-trio-aus-hydrothermalen-quarzen.html"},"modified":"2025-06-06T15:49:14","modified_gmt":"2025-06-06T13:49:14","slug":"madi-ring-laguna-kollektion-trio-aus-hydrothermalen-quarzen","status":"publish","type":"product","link":"https:\/\/www.fabioferro.eu\/de\/madi-ring-laguna-kollektion-trio-aus-hydrothermalen-quarzen.html","title":{"rendered":"Mad\u00ec Ring Laguna Kollektion Trio aus hydrothermalen Quarzen"},"content":{"rendered":"<p>Ring aus der Laguna-Kollektion aus ros\u00e9farbenem 925er Silber. Roter hydrothermaler Quarz. Produkt hergestellt in Italien. Schmuckst\u00fcck mit Garantie, Einkaufstasche und offizieller Mad\u00ec-Box.<\/p>\n","protected":false},"excerpt":{"rendered":"<p>Leichtigkeit, Eleganz und Einfachheit. Dies sind die drei Merkmale, die dieses Juwel auszeichnen.<\/p>\n","protected":false},"featured_media":113871,"comment_status":"open","ping_status":"closed","template":"","meta":[],"product_brand":[],"product_cat":[7595],"product_tag":[],"class_list":{"0":"post-113862","1":"product","2":"type-product","3":"status-publish","4":"has-post-thumbnail","6":"product_cat-madi-ringe-de","8":"first","9":"instock","10":"sale","11":"taxable","12":"shipping-taxable","13":"purchasable","14":"product-type-variable","15":"has-default-attributes"},"exclude_global_add_ons":[],"addons":[],"df_price":179.1,"df_sale_price":"","df_regular_price":179.1,"df_image_link":"https:\/\/cdn02.fabioferro.eu\/wp-content\/uploads\/virtuemart\/product\/anello-madi-quarzi-rosa-38889.jpg","_links":{"self":[{"href":"https:\/\/www.fabioferro.eu\/de\/wp-json\/wp\/v2\/product\/113862","targetHints":{"allow":["GET"]}}],"collection":[{"href":"https:\/\/www.fabioferro.eu\/de\/wp-json\/wp\/v2\/product"}],"about":[{"href":"https:\/\/www.fabioferro.eu\/de\/wp-json\/wp\/v2\/types\/product"}],"replies":[{"embeddable":true,"href":"https:\/\/www.fabioferro.eu\/de\/wp-json\/wp\/v2\/comments?post=113862"}],"version-history":[{"count":0,"href":"https:\/\/www.fabioferro.eu\/de\/wp-json\/wp\/v2\/product\/113862\/revisions"}],"wp:featuredmedia":[{"embeddable":true,"href":"https:\/\/www.fabioferro.eu\/de\/wp-json\/wp\/v2\/media\/113871"}],"wp:attachment":[{"href":"https:\/\/www.fabioferro.eu\/de\/wp-json\/wp\/v2\/media?parent=113862"}],"wp:term":[{"taxonomy":"product_brand","embeddable":true,"href":"https:\/\/www.fabioferro.eu\/de\/wp-json\/wp\/v2\/product_brand?post=113862"},{"taxonomy":"product_cat","embeddable":true,"href":"https:\/\/www.fabioferro.eu\/de\/wp-json\/wp\/v2\/product_cat?post=113862"},{"taxonomy":"product_tag","embeddable":true,"href":"https:\/\/www.fabioferro.eu\/de\/wp-json\/wp\/v2\/product_tag?post=113862"}],"curies":[{"name":"wp","href":"https:\/\/api.w.org\/{rel}","templated":true}]}}