{"id":113884,"date":"2022-06-01T20:14:03","date_gmt":"2022-06-01T18:14:03","guid":{"rendered":"https:\/\/www.fabioferro.eu\/madi-ohrringe-laguna-peach-kollektion.html"},"modified":"2024-09-06T16:55:21","modified_gmt":"2024-09-06T14:55:21","slug":"madi-ohrringe-laguna-peach-kollektion","status":"publish","type":"product","link":"https:\/\/www.fabioferro.eu\/de\/madi-ohrringe-laguna-peach-kollektion.html","title":{"rendered":"Madi-Ohrringe Laguna Peach Kollektion"},"content":{"rendered":"<p>Ohrringe aus ros\u00e9vergoldetem Sterlingsilber. Gef\u00e4rbter hydrothermaler Quarz. Handgefertigt, Hergestellt in Italien. Klickverschluss, bequem zu tragen. Schmuckst\u00fcck mit Garantie und offizieller Mad\u00ec-Box.<\/p>\n","protected":false},"excerpt":{"rendered":"<p>Ein Paar Ohrringe in einzigartigen und unnachahmlichen Farben.<\/p>\n","protected":false},"featured_media":113890,"comment_status":"open","ping_status":"closed","template":"","meta":[],"product_brand":[],"product_cat":[5921],"product_tag":[],"class_list":{"0":"post-113884","1":"product","2":"type-product","3":"status-publish","4":"has-post-thumbnail","6":"product_cat-madi-ohrringe","8":"first","9":"instock","10":"sale","11":"taxable","12":"shipping-taxable","13":"purchasable","14":"product-type-simple"},"exclude_global_add_ons":[],"addons":[],"df_price":134.55,"df_sale_price":134.55,"df_regular_price":149.5,"df_image_link":"https:\/\/cdn02.fabioferro.eu\/wp-content\/uploads\/virtuemart\/product\/orecchini-madi-laguna-pesca-38839.jpg","_links":{"self":[{"href":"https:\/\/www.fabioferro.eu\/de\/wp-json\/wp\/v2\/product\/113884","targetHints":{"allow":["GET"]}}],"collection":[{"href":"https:\/\/www.fabioferro.eu\/de\/wp-json\/wp\/v2\/product"}],"about":[{"href":"https:\/\/www.fabioferro.eu\/de\/wp-json\/wp\/v2\/types\/product"}],"replies":[{"embeddable":true,"href":"https:\/\/www.fabioferro.eu\/de\/wp-json\/wp\/v2\/comments?post=113884"}],"version-history":[{"count":0,"href":"https:\/\/www.fabioferro.eu\/de\/wp-json\/wp\/v2\/product\/113884\/revisions"}],"wp:featuredmedia":[{"embeddable":true,"href":"https:\/\/www.fabioferro.eu\/de\/wp-json\/wp\/v2\/media\/113890"}],"wp:attachment":[{"href":"https:\/\/www.fabioferro.eu\/de\/wp-json\/wp\/v2\/media?parent=113884"}],"wp:term":[{"taxonomy":"product_brand","embeddable":true,"href":"https:\/\/www.fabioferro.eu\/de\/wp-json\/wp\/v2\/product_brand?post=113884"},{"taxonomy":"product_cat","embeddable":true,"href":"https:\/\/www.fabioferro.eu\/de\/wp-json\/wp\/v2\/product_cat?post=113884"},{"taxonomy":"product_tag","embeddable":true,"href":"https:\/\/www.fabioferro.eu\/de\/wp-json\/wp\/v2\/product_tag?post=113884"}],"curies":[{"name":"wp","href":"https:\/\/api.w.org\/{rel}","templated":true}]}}