{"id":113911,"date":"2022-06-01T20:12:20","date_gmt":"2022-06-01T18:12:20","guid":{"rendered":"https:\/\/www.fabioferro.eu\/rue-des-mille-armband-kette-5-rosa-herzen.html"},"modified":"2024-09-18T16:40:12","modified_gmt":"2024-09-18T14:40:12","slug":"rue-des-mille-armband-kette-5-rosa-herzen","status":"publish","type":"product","link":"https:\/\/www.fabioferro.eu\/de\/rue-des-mille-armband-kette-5-rosa-herzen.html","title":{"rendered":"Rue des Mille Armband Kette 5 Rosa Herzen"},"content":{"rendered":"<p>Armband aus 925\/1000 Silber, 18K vergoldet. L\u00e4nge 17 cm mit 3 cm Verl\u00e4ngerung. Hergestellt in Italien. Mit einer offiziellen Garantie der Rue des Mille und einer Verpackung.<\/p>\n","protected":false},"excerpt":{"rendered":"<p>F\u00fcnf s\u00fc\u00dfe Herzen, die jeweils in eine andere Richtung zeigen.<\/p>\n","protected":false},"featured_media":113925,"comment_status":"open","ping_status":"closed","template":"","meta":[],"product_brand":[205],"product_cat":[6206],"product_tag":[],"class_list":{"0":"post-113911","1":"product","2":"type-product","3":"status-publish","4":"has-post-thumbnail","6":"product_brand-rue-des-mille","7":"product_cat-rue-des-mille-armbander","9":"first","10":"outofstock","11":"sale","12":"taxable","13":"shipping-taxable","14":"purchasable","15":"product-type-simple"},"exclude_global_add_ons":[],"addons":[],"df_price":39,"df_sale_price":39,"df_regular_price":65,"df_image_link":"https:\/\/cdn02.fabioferro.eu\/wp-content\/uploads\/virtuemart\/product\/bracciale-rue-des-mille-catenella-5-cuori.jpg","_links":{"self":[{"href":"https:\/\/www.fabioferro.eu\/de\/wp-json\/wp\/v2\/product\/113911","targetHints":{"allow":["GET"]}}],"collection":[{"href":"https:\/\/www.fabioferro.eu\/de\/wp-json\/wp\/v2\/product"}],"about":[{"href":"https:\/\/www.fabioferro.eu\/de\/wp-json\/wp\/v2\/types\/product"}],"replies":[{"embeddable":true,"href":"https:\/\/www.fabioferro.eu\/de\/wp-json\/wp\/v2\/comments?post=113911"}],"version-history":[{"count":0,"href":"https:\/\/www.fabioferro.eu\/de\/wp-json\/wp\/v2\/product\/113911\/revisions"}],"wp:featuredmedia":[{"embeddable":true,"href":"https:\/\/www.fabioferro.eu\/de\/wp-json\/wp\/v2\/media\/113925"}],"wp:attachment":[{"href":"https:\/\/www.fabioferro.eu\/de\/wp-json\/wp\/v2\/media?parent=113911"}],"wp:term":[{"taxonomy":"product_brand","embeddable":true,"href":"https:\/\/www.fabioferro.eu\/de\/wp-json\/wp\/v2\/product_brand?post=113911"},{"taxonomy":"product_cat","embeddable":true,"href":"https:\/\/www.fabioferro.eu\/de\/wp-json\/wp\/v2\/product_cat?post=113911"},{"taxonomy":"product_tag","embeddable":true,"href":"https:\/\/www.fabioferro.eu\/de\/wp-json\/wp\/v2\/product_tag?post=113911"}],"curies":[{"name":"wp","href":"https:\/\/api.w.org\/{rel}","templated":true}]}}