{"id":113938,"date":"2022-06-01T20:14:04","date_gmt":"2022-06-01T18:14:04","guid":{"rendered":"https:\/\/www.fabioferro.eu\/madi-halskette-laguna-kaffee-kollektion.html"},"modified":"2024-10-17T18:08:09","modified_gmt":"2024-10-17T16:08:09","slug":"madi-halskette-laguna-kaffee-kollektion","status":"publish","type":"product","link":"https:\/\/www.fabioferro.eu\/de\/madi-halskette-laguna-kaffee-kollektion.html","title":{"rendered":"Madi Halskette Laguna Kaffee Kollektion"},"content":{"rendered":"<p>Halskette aus ros\u00e9-vergoldetem 925er Silber, gef\u00e4rbter hydrothermaler Quarz, handgefertigt, Made in Italy, Klickverschluss, angenehm zu tragen, Schmuckst\u00fcck mit Garantie und offizieller Mad\u00ec-Box.<\/p>\n","protected":false},"excerpt":{"rendered":"<p>Eine zarte Perlfarbe im Vergleich zu Kaffeebraun.<\/p>\n","protected":false},"featured_media":113946,"comment_status":"open","ping_status":"closed","template":"","meta":[],"product_brand":[203],"product_cat":[5951],"product_tag":[7442],"class_list":{"0":"post-113938","1":"product","2":"type-product","3":"status-publish","4":"has-post-thumbnail","6":"product_brand-madi","7":"product_cat-madi-halsketten","8":"product_tag-verfugbar","10":"first","11":"instock","12":"sale","13":"taxable","14":"shipping-taxable","15":"purchasable","16":"product-type-simple"},"exclude_global_add_ons":[],"addons":[],"df_price":106.2,"df_sale_price":106.2,"df_regular_price":118,"df_image_link":"https:\/\/cdn02.fabioferro.eu\/wp-content\/uploads\/virtuemart\/product\/collana-madi-coffee-38675.jpg","_links":{"self":[{"href":"https:\/\/www.fabioferro.eu\/de\/wp-json\/wp\/v2\/product\/113938","targetHints":{"allow":["GET"]}}],"collection":[{"href":"https:\/\/www.fabioferro.eu\/de\/wp-json\/wp\/v2\/product"}],"about":[{"href":"https:\/\/www.fabioferro.eu\/de\/wp-json\/wp\/v2\/types\/product"}],"replies":[{"embeddable":true,"href":"https:\/\/www.fabioferro.eu\/de\/wp-json\/wp\/v2\/comments?post=113938"}],"version-history":[{"count":0,"href":"https:\/\/www.fabioferro.eu\/de\/wp-json\/wp\/v2\/product\/113938\/revisions"}],"wp:featuredmedia":[{"embeddable":true,"href":"https:\/\/www.fabioferro.eu\/de\/wp-json\/wp\/v2\/media\/113946"}],"wp:attachment":[{"href":"https:\/\/www.fabioferro.eu\/de\/wp-json\/wp\/v2\/media?parent=113938"}],"wp:term":[{"taxonomy":"product_brand","embeddable":true,"href":"https:\/\/www.fabioferro.eu\/de\/wp-json\/wp\/v2\/product_brand?post=113938"},{"taxonomy":"product_cat","embeddable":true,"href":"https:\/\/www.fabioferro.eu\/de\/wp-json\/wp\/v2\/product_cat?post=113938"},{"taxonomy":"product_tag","embeddable":true,"href":"https:\/\/www.fabioferro.eu\/de\/wp-json\/wp\/v2\/product_tag?post=113938"}],"curies":[{"name":"wp","href":"https:\/\/api.w.org\/{rel}","templated":true}]}}