{"id":114084,"date":"2022-06-01T20:09:03","date_gmt":"2022-06-01T18:09:03","guid":{"rendered":"https:\/\/www.fabioferro.eu\/ti-sento-milano-tuerkis-ketten-ohrringe.html"},"modified":"2022-06-01T20:09:03","modified_gmt":"2022-06-01T18:09:03","slug":"ti-sento-milano-tuerkis-ketten-ohrringe","status":"publish","type":"product","link":"https:\/\/www.fabioferro.eu\/de\/ti-sento-milano-tuerkis-ketten-ohrringe.html","title":{"rendered":"Ti Sento Milano T\u00fcrkis-Ketten-Ohrringe"},"content":{"rendered":"<p>Ohrringe aus 925\/1000 Silber.<\/p>\n<p>Druckknopf-Verschluss.<\/p>\n<p>Hergestellt in Italien.<\/p>\n<p>Begleitet von Ti Sento Milano Garantie und Verpackung.<\/p>\n","protected":false},"excerpt":{"rendered":"<p>Die t\u00fcrkise Farbe bes\u00e4nftigt die Gem\u00fcter.<\/p>\n","protected":false},"featured_media":114105,"comment_status":"open","ping_status":"closed","template":"","meta":[],"product_brand":[158],"product_cat":[6060],"product_tag":[],"class_list":{"0":"post-114084","1":"product","2":"type-product","3":"status-publish","4":"has-post-thumbnail","6":"product_brand-ti-sento-milano","7":"product_cat-ti-sento-milano-ohrringe","9":"first","10":"outofstock","11":"taxable","12":"shipping-taxable","13":"purchasable","14":"product-type-simple"},"exclude_global_add_ons":[],"addons":[],"df_price":139,"df_sale_price":"","df_regular_price":139,"df_image_link":"https:\/\/cdn02.fabioferro.eu\/wp-content\/uploads\/virtuemart\/product\/orecchini-ti-sento-milano-turchese-7843TQ.jpg","_links":{"self":[{"href":"https:\/\/www.fabioferro.eu\/de\/wp-json\/wp\/v2\/product\/114084","targetHints":{"allow":["GET"]}}],"collection":[{"href":"https:\/\/www.fabioferro.eu\/de\/wp-json\/wp\/v2\/product"}],"about":[{"href":"https:\/\/www.fabioferro.eu\/de\/wp-json\/wp\/v2\/types\/product"}],"replies":[{"embeddable":true,"href":"https:\/\/www.fabioferro.eu\/de\/wp-json\/wp\/v2\/comments?post=114084"}],"version-history":[{"count":0,"href":"https:\/\/www.fabioferro.eu\/de\/wp-json\/wp\/v2\/product\/114084\/revisions"}],"wp:featuredmedia":[{"embeddable":true,"href":"https:\/\/www.fabioferro.eu\/de\/wp-json\/wp\/v2\/media\/114105"}],"wp:attachment":[{"href":"https:\/\/www.fabioferro.eu\/de\/wp-json\/wp\/v2\/media?parent=114084"}],"wp:term":[{"taxonomy":"product_brand","embeddable":true,"href":"https:\/\/www.fabioferro.eu\/de\/wp-json\/wp\/v2\/product_brand?post=114084"},{"taxonomy":"product_cat","embeddable":true,"href":"https:\/\/www.fabioferro.eu\/de\/wp-json\/wp\/v2\/product_cat?post=114084"},{"taxonomy":"product_tag","embeddable":true,"href":"https:\/\/www.fabioferro.eu\/de\/wp-json\/wp\/v2\/product_tag?post=114084"}],"curies":[{"name":"wp","href":"https:\/\/api.w.org\/{rel}","templated":true}]}}