{"id":114150,"date":"2022-06-01T20:09:24","date_gmt":"2022-06-01T18:09:24","guid":{"rendered":"https:\/\/www.fabioferro.eu\/giovanni-raspini-sonnenaufgang-armband.html"},"modified":"2024-09-18T16:04:11","modified_gmt":"2024-09-18T14:04:11","slug":"giovanni-raspini-sonnenaufgang-armband","status":"publish","type":"product","link":"https:\/\/www.fabioferro.eu\/de\/giovanni-raspini-sonnenaufgang-armband.html","title":{"rendered":"Giovanni Raspini Sonnenaufgang-Armband"},"content":{"rendered":"<p>Armband der Kollektion Sunrise aus 925\/1000 Silber. Nat\u00fcrliche Perlen, rosa und gr\u00fcnes Perlmutt mit Quarz verdoppelt. L\u00e4nge 20 cm. Gesamtgewicht 42 g. Karabinerverschluss mit Raspini-Logo. Hergestellt in Italien. Juwel begleitet von Giovanni Raspini Garantie, Box und Shopper.<\/p>\n","protected":false},"excerpt":{"rendered":"<p>Das br\u00fcnierte Silber erinnert an eine mystische Situation, die jeden verzaubern kann.<\/p>\n","protected":false},"featured_media":114161,"comment_status":"open","ping_status":"closed","template":"","meta":[],"product_brand":[155],"product_cat":[7569],"product_tag":[],"class_list":{"0":"post-114150","1":"product","2":"type-product","3":"status-publish","4":"has-post-thumbnail","6":"product_brand-raspini","7":"product_cat-armbander-giovanni-raspini","9":"first","10":"instock","11":"sale","12":"taxable","13":"shipping-taxable","14":"purchasable","15":"product-type-simple"},"exclude_global_add_ons":[],"addons":[],"df_price":472.5,"df_sale_price":472.5,"df_regular_price":525,"df_image_link":"https:\/\/cdn02.fabioferro.eu\/wp-content\/uploads\/virtuemart\/product\/bracciale-giovanni-raspini-sunrise-11201.jpg-2.jpg","_links":{"self":[{"href":"https:\/\/www.fabioferro.eu\/de\/wp-json\/wp\/v2\/product\/114150","targetHints":{"allow":["GET"]}}],"collection":[{"href":"https:\/\/www.fabioferro.eu\/de\/wp-json\/wp\/v2\/product"}],"about":[{"href":"https:\/\/www.fabioferro.eu\/de\/wp-json\/wp\/v2\/types\/product"}],"replies":[{"embeddable":true,"href":"https:\/\/www.fabioferro.eu\/de\/wp-json\/wp\/v2\/comments?post=114150"}],"version-history":[{"count":0,"href":"https:\/\/www.fabioferro.eu\/de\/wp-json\/wp\/v2\/product\/114150\/revisions"}],"wp:featuredmedia":[{"embeddable":true,"href":"https:\/\/www.fabioferro.eu\/de\/wp-json\/wp\/v2\/media\/114161"}],"wp:attachment":[{"href":"https:\/\/www.fabioferro.eu\/de\/wp-json\/wp\/v2\/media?parent=114150"}],"wp:term":[{"taxonomy":"product_brand","embeddable":true,"href":"https:\/\/www.fabioferro.eu\/de\/wp-json\/wp\/v2\/product_brand?post=114150"},{"taxonomy":"product_cat","embeddable":true,"href":"https:\/\/www.fabioferro.eu\/de\/wp-json\/wp\/v2\/product_cat?post=114150"},{"taxonomy":"product_tag","embeddable":true,"href":"https:\/\/www.fabioferro.eu\/de\/wp-json\/wp\/v2\/product_tag?post=114150"}],"curies":[{"name":"wp","href":"https:\/\/api.w.org\/{rel}","templated":true}]}}