{"id":114235,"date":"2022-06-01T20:06:32","date_gmt":"2022-06-01T18:06:32","guid":{"rendered":"https:\/\/www.fabioferro.eu\/hamilton-american-classic-intra-matic-chronograph-h-40-mm-uhr-2.html"},"modified":"2025-04-02T21:20:58","modified_gmt":"2025-04-02T19:20:58","slug":"hamilton-american-classic-intra-matic-chronograph-h-40-mm-uhr-2","status":"publish","type":"product","link":"https:\/\/www.fabioferro.eu\/de\/hamilton-american-classic-intra-matic-chronograph-h-40-mm-uhr-2.html","title":{"rendered":"Hamilton Intra-Matic American Classic 40mm H38429730"},"content":{"rendered":"<p>Hamilton Intra-Matic H38429730 mit mechanischem Uhrwerk, Kaliber H-51, mit 60 Stunden Gangreserve.<\/p>\n<p>Edelstahlgeh\u00e4use, 40 mm Durchmesser. Logo-Krone bei 3 Uhr, verschraubter Geh\u00e4useboden. Dr\u00fccker f\u00fcr die Chronographenfunktionen bei 2 und 4 Uhr.<\/p>\n<p>Wasserdicht bis zu 10 bar\/100 Meter.<\/p>\n<p>Schwarzes Zifferblatt mit zwei unteren Zifferbl\u00e4ttern bei 3 und 9 Uhr. Logo auf 12 Uhr.<\/p>\n<p>Versilberte Stundenmarkierungen und Zeiger in Lumibrite f\u00fcr die Ablesung im Dunkeln.<\/p>\n<p>Armband aus schwarzem Rindsleder, Faltschlie\u00dfe. Ansto\u00dfbreite 20 mm, Schnalle 18 mm.<\/p>\n<p>Kratzfestes, leicht gew\u00f6lbtes Saphirglas.<\/p>\n<p>Die Uhr wird von der offiziellen Hamilton Garantie und Verpackung begleitet.<\/p>\n","protected":false},"excerpt":{"rendered":"<p>Hamilton Intra-Matic H38429730, ein ikonischer und einzigartiger Zeitmesser, der sich durch die Tatsache auszeichnet, dass er mechanisch und nicht automatisch ist.<\/p>\n","protected":false},"featured_media":114239,"comment_status":"open","ping_status":"closed","template":"","meta":[],"product_brand":[161],"product_cat":[5974],"product_tag":[],"class_list":{"0":"post-114235","1":"product","2":"type-product","3":"status-publish","4":"has-post-thumbnail","6":"product_brand-hamilton","7":"product_cat-hamilton-herrenuhren","9":"first","10":"instock","11":"sale","12":"taxable","13":"shipping-taxable","14":"purchasable","15":"product-type-simple"},"exclude_global_add_ons":[],"addons":[],"df_price":1836,"df_sale_price":1836,"df_regular_price":2295,"df_image_link":"https:\/\/cdn02.fabioferro.eu\/wp-content\/uploads\/virtuemart\/product\/orologio-hamilton-intra-matic-cronografo-h38429730.jpg","_links":{"self":[{"href":"https:\/\/www.fabioferro.eu\/de\/wp-json\/wp\/v2\/product\/114235","targetHints":{"allow":["GET"]}}],"collection":[{"href":"https:\/\/www.fabioferro.eu\/de\/wp-json\/wp\/v2\/product"}],"about":[{"href":"https:\/\/www.fabioferro.eu\/de\/wp-json\/wp\/v2\/types\/product"}],"replies":[{"embeddable":true,"href":"https:\/\/www.fabioferro.eu\/de\/wp-json\/wp\/v2\/comments?post=114235"}],"version-history":[{"count":0,"href":"https:\/\/www.fabioferro.eu\/de\/wp-json\/wp\/v2\/product\/114235\/revisions"}],"wp:featuredmedia":[{"embeddable":true,"href":"https:\/\/www.fabioferro.eu\/de\/wp-json\/wp\/v2\/media\/114239"}],"wp:attachment":[{"href":"https:\/\/www.fabioferro.eu\/de\/wp-json\/wp\/v2\/media?parent=114235"}],"wp:term":[{"taxonomy":"product_brand","embeddable":true,"href":"https:\/\/www.fabioferro.eu\/de\/wp-json\/wp\/v2\/product_brand?post=114235"},{"taxonomy":"product_cat","embeddable":true,"href":"https:\/\/www.fabioferro.eu\/de\/wp-json\/wp\/v2\/product_cat?post=114235"},{"taxonomy":"product_tag","embeddable":true,"href":"https:\/\/www.fabioferro.eu\/de\/wp-json\/wp\/v2\/product_tag?post=114235"}],"curies":[{"name":"wp","href":"https:\/\/api.w.org\/{rel}","templated":true}]}}