{"id":114244,"date":"2022-06-01T20:07:12","date_gmt":"2022-06-01T18:07:12","guid":{"rendered":"https:\/\/www.fabioferro.eu\/charme-giovanni-raspini-marienkaefer-gluecksbringer.html"},"modified":"2024-10-08T16:30:43","modified_gmt":"2024-10-08T14:30:43","slug":"charme-giovanni-raspini-marienkaefer-gluecksbringer","status":"publish","type":"product","link":"https:\/\/www.fabioferro.eu\/de\/charme-giovanni-raspini-marienkaefer-gluecksbringer.html","title":{"rendered":"Charme Giovanni Raspini Marienk\u00e4fer Gl\u00fccksbringer"},"content":{"rendered":"<p>Anh\u00e4nger aus 925\/1000 Silber, beweglich, Gewicht 3,9 g, H\u00f6he 2,2 cm ohne das obere Glied (0,9 cm), handgefertigt, made in Italy, mit offizieller Giovanni Raspini Garantie und Verpackung.<\/p>\n","protected":false},"excerpt":{"rendered":"<p>Ein einzigartiger Gl\u00fccksbringer, der mit der Welt der Insekten verbunden ist.<\/p>\n","protected":false},"featured_media":114267,"comment_status":"open","ping_status":"closed","template":"","meta":[],"product_brand":[155],"product_cat":[7576],"product_tag":[7442],"class_list":{"0":"post-114244","1":"product","2":"type-product","3":"status-publish","4":"has-post-thumbnail","6":"product_brand-raspini","7":"product_cat-giovanni-raspini-reize","8":"product_tag-verfugbar","10":"first","11":"instock","12":"sale","13":"taxable","14":"shipping-taxable","15":"purchasable","16":"product-type-simple"},"exclude_global_add_ons":[],"addons":[],"df_price":45,"df_sale_price":45,"df_regular_price":50,"df_image_link":"https:\/\/cdn02.fabioferro.eu\/wp-content\/uploads\/virtuemart\/product\/charm-giovanni-raspini-coccinella-11185.jpg","_links":{"self":[{"href":"https:\/\/www.fabioferro.eu\/de\/wp-json\/wp\/v2\/product\/114244","targetHints":{"allow":["GET"]}}],"collection":[{"href":"https:\/\/www.fabioferro.eu\/de\/wp-json\/wp\/v2\/product"}],"about":[{"href":"https:\/\/www.fabioferro.eu\/de\/wp-json\/wp\/v2\/types\/product"}],"replies":[{"embeddable":true,"href":"https:\/\/www.fabioferro.eu\/de\/wp-json\/wp\/v2\/comments?post=114244"}],"version-history":[{"count":0,"href":"https:\/\/www.fabioferro.eu\/de\/wp-json\/wp\/v2\/product\/114244\/revisions"}],"wp:featuredmedia":[{"embeddable":true,"href":"https:\/\/www.fabioferro.eu\/de\/wp-json\/wp\/v2\/media\/114267"}],"wp:attachment":[{"href":"https:\/\/www.fabioferro.eu\/de\/wp-json\/wp\/v2\/media?parent=114244"}],"wp:term":[{"taxonomy":"product_brand","embeddable":true,"href":"https:\/\/www.fabioferro.eu\/de\/wp-json\/wp\/v2\/product_brand?post=114244"},{"taxonomy":"product_cat","embeddable":true,"href":"https:\/\/www.fabioferro.eu\/de\/wp-json\/wp\/v2\/product_cat?post=114244"},{"taxonomy":"product_tag","embeddable":true,"href":"https:\/\/www.fabioferro.eu\/de\/wp-json\/wp\/v2\/product_tag?post=114244"}],"curies":[{"name":"wp","href":"https:\/\/api.w.org\/{rel}","templated":true}]}}