{"id":114246,"date":"2022-06-01T20:07:00","date_gmt":"2022-06-01T18:07:00","guid":{"rendered":"https:\/\/www.fabioferro.eu\/nachfuellpackung-giovanni-raspini-parfuem-iris-puder-500-ml.html"},"modified":"2024-09-18T16:05:34","modified_gmt":"2024-09-18T14:05:34","slug":"nachfuellpackung-giovanni-raspini-parfuem-iris-puder-500-ml","status":"publish","type":"product","link":"https:\/\/www.fabioferro.eu\/de\/nachfuellpackung-giovanni-raspini-parfuem-iris-puder-500-ml.html","title":{"rendered":"Nachf\u00fcllpackung Giovanni Raspini Parf\u00fcm &#8220;Iris Puder&#8221; 500 ml"},"content":{"rendered":"<p>500 ml Nachf\u00fcllpackung f\u00fcr Raumdiffusor. Der Duft hei\u00dft &#8216;Iris Powder&#8217;. Begleitet von Box und Giovanni Raspini Garantie.<\/p>\n","protected":false},"excerpt":{"rendered":"<p>Parf\u00fcmieren Sie Ihr B\u00fcro, Ihr Zuhause oder Ihr Arbeitszimmer mit Giovanni Raspini, Sie werden nicht entt\u00e4uscht sein.<\/p>\n","protected":false},"featured_media":114258,"comment_status":"open","ping_status":"closed","template":"","meta":[],"product_brand":[155],"product_cat":[15],"product_tag":[7551],"class_list":{"0":"post-114246","1":"product","2":"type-product","3":"status-publish","4":"has-post-thumbnail","6":"product_brand-raspini","7":"product_cat-senza-categoria","8":"product_tag-ausschlusse","10":"first","11":"instock","12":"taxable","13":"shipping-taxable","14":"purchasable","15":"product-type-simple"},"exclude_global_add_ons":[],"addons":[],"df_price":75,"df_sale_price":"","df_regular_price":75,"df_image_link":"https:\/\/cdn02.fabioferro.eu\/wp-content\/uploads\/virtuemart\/product\/refill-giovanni-raspini-polvere-diris-b0333r.jpg","_links":{"self":[{"href":"https:\/\/www.fabioferro.eu\/de\/wp-json\/wp\/v2\/product\/114246","targetHints":{"allow":["GET"]}}],"collection":[{"href":"https:\/\/www.fabioferro.eu\/de\/wp-json\/wp\/v2\/product"}],"about":[{"href":"https:\/\/www.fabioferro.eu\/de\/wp-json\/wp\/v2\/types\/product"}],"replies":[{"embeddable":true,"href":"https:\/\/www.fabioferro.eu\/de\/wp-json\/wp\/v2\/comments?post=114246"}],"version-history":[{"count":0,"href":"https:\/\/www.fabioferro.eu\/de\/wp-json\/wp\/v2\/product\/114246\/revisions"}],"wp:featuredmedia":[{"embeddable":true,"href":"https:\/\/www.fabioferro.eu\/de\/wp-json\/wp\/v2\/media\/114258"}],"wp:attachment":[{"href":"https:\/\/www.fabioferro.eu\/de\/wp-json\/wp\/v2\/media?parent=114246"}],"wp:term":[{"taxonomy":"product_brand","embeddable":true,"href":"https:\/\/www.fabioferro.eu\/de\/wp-json\/wp\/v2\/product_brand?post=114246"},{"taxonomy":"product_cat","embeddable":true,"href":"https:\/\/www.fabioferro.eu\/de\/wp-json\/wp\/v2\/product_cat?post=114246"},{"taxonomy":"product_tag","embeddable":true,"href":"https:\/\/www.fabioferro.eu\/de\/wp-json\/wp\/v2\/product_tag?post=114246"}],"curies":[{"name":"wp","href":"https:\/\/api.w.org\/{rel}","templated":true}]}}