{"id":114257,"date":"2022-06-01T20:05:40","date_gmt":"2022-06-01T18:05:40","guid":{"rendered":"https:\/\/www.fabioferro.eu\/giovanni-raspini-gaensebluemchen-diffusor-klein-200-ml-nero-divino-in-weiss-bronze.html"},"modified":"2024-09-18T16:06:01","modified_gmt":"2024-09-18T14:06:01","slug":"giovanni-raspini-gaensebluemchen-diffusor-klein-200-ml-nero-divino-in-weiss-bronze","status":"publish","type":"product","link":"https:\/\/www.fabioferro.eu\/de\/giovanni-raspini-gaensebluemchen-diffusor-klein-200-ml-nero-divino-in-weiss-bronze.html","title":{"rendered":"Giovanni Raspini G\u00e4nsebl\u00fcmchen Diffusor klein 200 ml &#8220;Nero Divino&#8221; in Wei\u00df Bronze"},"content":{"rendered":"<p>200 ml Glas und Diffusor aus wei\u00dfer Bronze. Besondere Darstellung der Sch\u00f6nheit von G\u00e4nsebl\u00fcmchen. Hergestellt in Italien, handgefertigt. Begleitet von einer Giovanni Raspini-Garantie, Box und Shopper.<\/p>\n","protected":false},"excerpt":{"rendered":"<p>Parf\u00fcmieren Sie Ihr B\u00fcro, Ihr Zuhause oder Ihr Arbeitszimmer mit Giovanni Raspini, Sie werden nicht entt\u00e4uscht sein.<\/p>\n","protected":false},"featured_media":114274,"comment_status":"open","ping_status":"closed","template":"","meta":[],"product_brand":[155],"product_cat":[15],"product_tag":[],"class_list":{"0":"post-114257","1":"product","2":"type-product","3":"status-publish","4":"has-post-thumbnail","6":"product_brand-raspini","7":"product_cat-senza-categoria","9":"first","10":"instock","11":"sale","12":"taxable","13":"shipping-taxable","14":"purchasable","15":"product-type-simple"},"exclude_global_add_ons":[],"addons":[],"df_price":135,"df_sale_price":135,"df_regular_price":150,"df_image_link":"https:\/\/cdn02.fabioferro.eu\/wp-content\/uploads\/virtuemart\/product\/diffusore-giovanni-raspini-margherite-piccolo-b0707.jpg","_links":{"self":[{"href":"https:\/\/www.fabioferro.eu\/de\/wp-json\/wp\/v2\/product\/114257","targetHints":{"allow":["GET"]}}],"collection":[{"href":"https:\/\/www.fabioferro.eu\/de\/wp-json\/wp\/v2\/product"}],"about":[{"href":"https:\/\/www.fabioferro.eu\/de\/wp-json\/wp\/v2\/types\/product"}],"replies":[{"embeddable":true,"href":"https:\/\/www.fabioferro.eu\/de\/wp-json\/wp\/v2\/comments?post=114257"}],"version-history":[{"count":0,"href":"https:\/\/www.fabioferro.eu\/de\/wp-json\/wp\/v2\/product\/114257\/revisions"}],"wp:featuredmedia":[{"embeddable":true,"href":"https:\/\/www.fabioferro.eu\/de\/wp-json\/wp\/v2\/media\/114274"}],"wp:attachment":[{"href":"https:\/\/www.fabioferro.eu\/de\/wp-json\/wp\/v2\/media?parent=114257"}],"wp:term":[{"taxonomy":"product_brand","embeddable":true,"href":"https:\/\/www.fabioferro.eu\/de\/wp-json\/wp\/v2\/product_brand?post=114257"},{"taxonomy":"product_cat","embeddable":true,"href":"https:\/\/www.fabioferro.eu\/de\/wp-json\/wp\/v2\/product_cat?post=114257"},{"taxonomy":"product_tag","embeddable":true,"href":"https:\/\/www.fabioferro.eu\/de\/wp-json\/wp\/v2\/product_tag?post=114257"}],"curies":[{"name":"wp","href":"https:\/\/api.w.org\/{rel}","templated":true}]}}