{"id":114279,"date":"2022-06-01T20:04:27","date_gmt":"2022-06-01T18:04:27","guid":{"rendered":"https:\/\/www.fabioferro.eu\/desmos-armband-vergoldete-silberfaeden-laenge-165-cm.html"},"modified":"2024-10-18T10:16:08","modified_gmt":"2024-10-18T08:16:08","slug":"desmos-armband-vergoldete-silberfaeden-laenge-165-cm","status":"publish","type":"product","link":"https:\/\/www.fabioferro.eu\/de\/desmos-armband-vergoldete-silberfaeden-laenge-165-cm.html","title":{"rendered":"Desmos Armband Vergoldete Silberf\u00e4den L\u00e4nge 16,5 cm"},"content":{"rendered":"<p>925\/1000 gelbvergoldetes Silberarmband, handgefertigt in Italien, L\u00e4nge 16,5 cm, nicht verstellbar, Gesamtgewicht 6,8 g, mit Desmos Garantie und Verpackung.<\/p>\n","protected":false},"excerpt":{"rendered":"<p>Eine Reihe gl\u00e4nzender F\u00e4den, die auf dem Handgelenk der Tr\u00e4gerin tanzen.<\/p>\n","protected":false},"featured_media":114288,"comment_status":"open","ping_status":"closed","template":"","meta":[],"product_brand":[],"product_cat":[6114],"product_tag":[7442],"class_list":{"0":"post-114279","1":"product","2":"type-product","3":"status-publish","4":"has-post-thumbnail","6":"product_cat-desmos-armbander","7":"product_tag-verfugbar","9":"first","10":"instock","11":"sale","12":"taxable","13":"shipping-taxable","14":"purchasable","15":"product-type-simple"},"exclude_global_add_ons":[],"addons":[],"df_price":51.3,"df_sale_price":51.3,"df_regular_price":57,"df_image_link":"https:\/\/cdn02.fabioferro.eu\/wp-content\/uploads\/virtuemart\/product\/bracciale_desmos_argento_06_SPARK.MUL_._B_E_10F_015_00G.jpg","_links":{"self":[{"href":"https:\/\/www.fabioferro.eu\/de\/wp-json\/wp\/v2\/product\/114279","targetHints":{"allow":["GET"]}}],"collection":[{"href":"https:\/\/www.fabioferro.eu\/de\/wp-json\/wp\/v2\/product"}],"about":[{"href":"https:\/\/www.fabioferro.eu\/de\/wp-json\/wp\/v2\/types\/product"}],"replies":[{"embeddable":true,"href":"https:\/\/www.fabioferro.eu\/de\/wp-json\/wp\/v2\/comments?post=114279"}],"version-history":[{"count":0,"href":"https:\/\/www.fabioferro.eu\/de\/wp-json\/wp\/v2\/product\/114279\/revisions"}],"wp:featuredmedia":[{"embeddable":true,"href":"https:\/\/www.fabioferro.eu\/de\/wp-json\/wp\/v2\/media\/114288"}],"wp:attachment":[{"href":"https:\/\/www.fabioferro.eu\/de\/wp-json\/wp\/v2\/media?parent=114279"}],"wp:term":[{"taxonomy":"product_brand","embeddable":true,"href":"https:\/\/www.fabioferro.eu\/de\/wp-json\/wp\/v2\/product_brand?post=114279"},{"taxonomy":"product_cat","embeddable":true,"href":"https:\/\/www.fabioferro.eu\/de\/wp-json\/wp\/v2\/product_cat?post=114279"},{"taxonomy":"product_tag","embeddable":true,"href":"https:\/\/www.fabioferro.eu\/de\/wp-json\/wp\/v2\/product_tag?post=114279"}],"curies":[{"name":"wp","href":"https:\/\/api.w.org\/{rel}","templated":true}]}}