{"id":114293,"date":"2022-06-01T20:05:02","date_gmt":"2022-06-01T18:05:02","guid":{"rendered":"https:\/\/www.fabioferro.eu\/silber-desmos-barrel-armband-laenge-165-cm.html"},"modified":"2024-10-18T10:16:40","modified_gmt":"2024-10-18T08:16:40","slug":"silber-desmos-barrel-armband-laenge-165-cm","status":"publish","type":"product","link":"https:\/\/www.fabioferro.eu\/de\/silber-desmos-barrel-armband-laenge-165-cm.html","title":{"rendered":"Silber Desmos Barrel Armband L\u00e4nge 16,5 cm"},"content":{"rendered":"<p>Armband aus 925\/1000 Silber, hergestellt in Italien, handgefertigt. Die L\u00e4nge betr\u00e4gt 16,5 cm, verstellbar. Das Gesamtgewicht betr\u00e4gt 4,5 g. Mit einer Desmos Garantie und Verpackung.<\/p>\n","protected":false},"excerpt":{"rendered":"<p>Eine Reihe von F\u00e4ssern, die in ihrem eigenen Licht erstrahlen.<\/p>\n","protected":false},"featured_media":114299,"comment_status":"open","ping_status":"closed","template":"","meta":[],"product_brand":[],"product_cat":[6114],"product_tag":[],"class_list":{"0":"post-114293","1":"product","2":"type-product","3":"status-publish","4":"has-post-thumbnail","6":"product_cat-desmos-armbander","8":"first","9":"outofstock","10":"sale","11":"taxable","12":"shipping-taxable","13":"purchasable","14":"product-type-simple"},"exclude_global_add_ons":[],"addons":[],"df_price":66.6,"df_sale_price":66.6,"df_regular_price":74,"df_image_link":"https:\/\/cdn02.fabioferro.eu\/wp-content\/uploads\/virtuemart\/product\/bracciale-desmos-barrel-bianco.jpg","_links":{"self":[{"href":"https:\/\/www.fabioferro.eu\/de\/wp-json\/wp\/v2\/product\/114293","targetHints":{"allow":["GET"]}}],"collection":[{"href":"https:\/\/www.fabioferro.eu\/de\/wp-json\/wp\/v2\/product"}],"about":[{"href":"https:\/\/www.fabioferro.eu\/de\/wp-json\/wp\/v2\/types\/product"}],"replies":[{"embeddable":true,"href":"https:\/\/www.fabioferro.eu\/de\/wp-json\/wp\/v2\/comments?post=114293"}],"version-history":[{"count":0,"href":"https:\/\/www.fabioferro.eu\/de\/wp-json\/wp\/v2\/product\/114293\/revisions"}],"wp:featuredmedia":[{"embeddable":true,"href":"https:\/\/www.fabioferro.eu\/de\/wp-json\/wp\/v2\/media\/114299"}],"wp:attachment":[{"href":"https:\/\/www.fabioferro.eu\/de\/wp-json\/wp\/v2\/media?parent=114293"}],"wp:term":[{"taxonomy":"product_brand","embeddable":true,"href":"https:\/\/www.fabioferro.eu\/de\/wp-json\/wp\/v2\/product_brand?post=114293"},{"taxonomy":"product_cat","embeddable":true,"href":"https:\/\/www.fabioferro.eu\/de\/wp-json\/wp\/v2\/product_cat?post=114293"},{"taxonomy":"product_tag","embeddable":true,"href":"https:\/\/www.fabioferro.eu\/de\/wp-json\/wp\/v2\/product_tag?post=114293"}],"curies":[{"name":"wp","href":"https:\/\/api.w.org\/{rel}","templated":true}]}}