{"id":114454,"date":"2022-06-01T19:57:13","date_gmt":"2022-06-01T17:57:13","guid":{"rendered":"https:\/\/www.fabioferro.eu\/hamilton-khaki-navy-tenet-belowzero-automatikuhr-aus-titan-46-mm.html"},"modified":"2025-06-06T16:13:45","modified_gmt":"2025-06-06T14:13:45","slug":"hamilton-khaki-navy-tenet-belowzero-automatikuhr-aus-titan-46-mm","status":"publish","type":"product","link":"https:\/\/www.fabioferro.eu\/de\/hamilton-khaki-navy-tenet-belowzero-automatikuhr-aus-titan-46-mm.html","title":{"rendered":"Hamilton Khaki Navy Tenet BeLOWZERO 46mm H78505330"},"content":{"rendered":"<p>Hamilton Khaki Navy Tenet BeLOWZERO 46mm H78505330 mit automatischem Drei-Kugel-Uhrwerk, Gangreserve \u00fcber 80 Stunden, Kaliber H-10.<\/p>\n<p>Schwarzes PVD-beschichtetes Titangeh\u00e4use, 46 mm Durchmesser. Schwarze L\u00fcnette mit auff\u00e4lligen Stundenmarkierungen von 12 Uhr bis 3 Uhr.<\/p>\n<p>Breite zwischen den \u00d6sen 24 mm.<\/p>\n<p>Schwarzes Zifferblatt mit numerischen Stundenmarkierungen, Hamilton-Logo bei 12 Uhr, ohne Datum. Lumibrite-H\u00e4nde f\u00fcr bessere Sicht im Dunkeln.<\/p>\n<p>Schwarzes Kautschukarmband mit Hamilton-Logo, doppelte Dornschlie\u00dfe. 22 mm breite Schnalle.<\/p>\n<p>Verschraubter Geh\u00e4useboden mit BeLOWZERO-Anpassung.<\/p>\n<p>Leicht gew\u00f6lbtes, entspiegeltes Saphirglas.<\/p>\n<p>Wasserdicht bis zu 100 bar\/1000 Meter.<\/p>\n<p>Die Uhr wird von der Garantie, der Verpackung und der offiziellen Hamilton Einkaufstasche begleitet.<\/p>\n","protected":false},"excerpt":{"rendered":"<p>Hamilton Khaki Navy Tenet BeLOWZERO 46mm H78505330, ein hochmodernes Titangeh\u00e4use, sehr leicht, praktisch und mit einem Heliumauslassventil.<\/p>\n","protected":false},"featured_media":114466,"comment_status":"open","ping_status":"closed","template":"","meta":[],"product_brand":[161],"product_cat":[5974],"product_tag":[],"class_list":{"0":"post-114454","1":"product","2":"type-product","3":"status-publish","4":"has-post-thumbnail","6":"product_brand-hamilton","7":"product_cat-hamilton-herrenuhren","9":"first","10":"instock","11":"sale","12":"taxable","13":"shipping-taxable","14":"purchasable","15":"product-type-simple"},"exclude_global_add_ons":[],"addons":[],"df_price":1636,"df_sale_price":1636,"df_regular_price":2045,"df_image_link":"https:\/\/cdn02.fabioferro.eu\/wp-content\/uploads\/virtuemart\/product\/orologio_hamilton_khaki_navy_belowzero_tenet_titanium_auto_H78505330__1601049184_97.jpg","_links":{"self":[{"href":"https:\/\/www.fabioferro.eu\/de\/wp-json\/wp\/v2\/product\/114454","targetHints":{"allow":["GET"]}}],"collection":[{"href":"https:\/\/www.fabioferro.eu\/de\/wp-json\/wp\/v2\/product"}],"about":[{"href":"https:\/\/www.fabioferro.eu\/de\/wp-json\/wp\/v2\/types\/product"}],"replies":[{"embeddable":true,"href":"https:\/\/www.fabioferro.eu\/de\/wp-json\/wp\/v2\/comments?post=114454"}],"version-history":[{"count":0,"href":"https:\/\/www.fabioferro.eu\/de\/wp-json\/wp\/v2\/product\/114454\/revisions"}],"wp:featuredmedia":[{"embeddable":true,"href":"https:\/\/www.fabioferro.eu\/de\/wp-json\/wp\/v2\/media\/114466"}],"wp:attachment":[{"href":"https:\/\/www.fabioferro.eu\/de\/wp-json\/wp\/v2\/media?parent=114454"}],"wp:term":[{"taxonomy":"product_brand","embeddable":true,"href":"https:\/\/www.fabioferro.eu\/de\/wp-json\/wp\/v2\/product_brand?post=114454"},{"taxonomy":"product_cat","embeddable":true,"href":"https:\/\/www.fabioferro.eu\/de\/wp-json\/wp\/v2\/product_cat?post=114454"},{"taxonomy":"product_tag","embeddable":true,"href":"https:\/\/www.fabioferro.eu\/de\/wp-json\/wp\/v2\/product_tag?post=114454"}],"curies":[{"name":"wp","href":"https:\/\/api.w.org\/{rel}","templated":true}]}}