{"id":114473,"date":"2022-06-01T19:58:53","date_gmt":"2022-06-01T17:58:53","guid":{"rendered":"https:\/\/www.fabioferro.eu\/hamilton-intra-matic-american-classic-automatikuhr.html"},"modified":"2025-04-02T21:22:52","modified_gmt":"2025-04-02T19:22:52","slug":"hamilton-intra-matic-american-classic-automatikuhr","status":"publish","type":"product","link":"https:\/\/www.fabioferro.eu\/de\/hamilton-intra-matic-american-classic-automatikuhr.html","title":{"rendered":"Hamilton Intra-Matic American Classic 40mm H38425720"},"content":{"rendered":"<p>Hamilton Intra-Matic American Classic 40mm H38425720.<\/p>\n<p>Uhrwerk Kaliber H-10, Gangreserve von 80 Stunden.<\/p>\n<p>Edelstahlgeh\u00e4use, Durchmesser 40 mm, Ansto\u00dfbreite 20 mm. Ger\u00e4ndelte Krone mit Hamilton-Logo.<\/p>\n<p>Verschraubte, mit Logo versehene, undurchsichtige R\u00fcckseite.<\/p>\n<p>Wasserdicht bis zu 5 bar\/50 Meter.<\/p>\n<p>Leicht gew\u00f6lbtes Saphirglas.<\/p>\n<p>Zweifarbiges Zifferblatt, beige und schwarz, auch &#8220;Panda&#8221; genannt. Datum auf 6 Uhr.<\/p>\n<p>Armband aus schwarzem Kalbsleder, Schnalle mit Logo.<\/p>\n<p>Die Uhr wird von der Garantie, der Verpackung und der offiziellen Hamilton Einkaufstasche begleitet.<\/p>\n","protected":false},"excerpt":{"rendered":"<p>Die Hamilton Intra-Matic American Classic 40mm H38425720 verf\u00fcgt \u00fcber ein zweifarbiges Zifferblatt, das einen Vintage-Stil pr\u00e4sentiert, der nicht bei allen Uhren dieser Art zu finden ist.<\/p>\n","protected":false},"featured_media":114481,"comment_status":"open","ping_status":"closed","template":"","meta":[],"product_brand":[161],"product_cat":[5974],"product_tag":[],"class_list":{"0":"post-114473","1":"product","2":"type-product","3":"status-publish","4":"has-post-thumbnail","6":"product_brand-hamilton","7":"product_cat-hamilton-herrenuhren","9":"first","10":"instock","11":"sale","12":"taxable","13":"shipping-taxable","14":"purchasable","15":"product-type-simple"},"exclude_global_add_ons":[],"addons":[],"df_price":876,"df_sale_price":876,"df_regular_price":1095,"df_image_link":"https:\/\/cdn02.fabioferro.eu\/wp-content\/uploads\/virtuemart\/product\/orologio_hamilton_intramatic_auto_american_classic_H38425720__1604514891_330.jpg","_links":{"self":[{"href":"https:\/\/www.fabioferro.eu\/de\/wp-json\/wp\/v2\/product\/114473","targetHints":{"allow":["GET"]}}],"collection":[{"href":"https:\/\/www.fabioferro.eu\/de\/wp-json\/wp\/v2\/product"}],"about":[{"href":"https:\/\/www.fabioferro.eu\/de\/wp-json\/wp\/v2\/types\/product"}],"replies":[{"embeddable":true,"href":"https:\/\/www.fabioferro.eu\/de\/wp-json\/wp\/v2\/comments?post=114473"}],"version-history":[{"count":0,"href":"https:\/\/www.fabioferro.eu\/de\/wp-json\/wp\/v2\/product\/114473\/revisions"}],"wp:featuredmedia":[{"embeddable":true,"href":"https:\/\/www.fabioferro.eu\/de\/wp-json\/wp\/v2\/media\/114481"}],"wp:attachment":[{"href":"https:\/\/www.fabioferro.eu\/de\/wp-json\/wp\/v2\/media?parent=114473"}],"wp:term":[{"taxonomy":"product_brand","embeddable":true,"href":"https:\/\/www.fabioferro.eu\/de\/wp-json\/wp\/v2\/product_brand?post=114473"},{"taxonomy":"product_cat","embeddable":true,"href":"https:\/\/www.fabioferro.eu\/de\/wp-json\/wp\/v2\/product_cat?post=114473"},{"taxonomy":"product_tag","embeddable":true,"href":"https:\/\/www.fabioferro.eu\/de\/wp-json\/wp\/v2\/product_tag?post=114473"}],"curies":[{"name":"wp","href":"https:\/\/api.w.org\/{rel}","templated":true}]}}