{"id":114556,"date":"2022-06-01T20:01:39","date_gmt":"2022-06-01T18:01:39","guid":{"rendered":"https:\/\/www.fabioferro.eu\/halskette-giovanni-raspini-anhaenger-perlage-drops-collection-mit-mabe-perle.html"},"modified":"2025-05-02T17:47:48","modified_gmt":"2025-05-02T15:47:48","slug":"halskette-giovanni-raspini-anhaenger-perlage-drops-collection-mit-mabe-perle","status":"publish","type":"product","link":"https:\/\/www.fabioferro.eu\/de\/halskette-giovanni-raspini-anhaenger-perlage-drops-collection-mit-mabe-perle.html","title":{"rendered":"Halskette Giovanni Raspini Anh\u00e4nger Perlage Drops Collection mit Mab\u00e8-Perle"},"content":{"rendered":"<p>Halskette aus 925\/1000 Silber, nat\u00fcrliche S\u00fc\u00dfwasserperle.<\/p>\n<p>L\u00e4nge 45 cm. H\u00f6he des Anh\u00e4ngers 2,1 cm.<\/p>\n<p>Gesamtgewicht 10 g.<\/p>\n<p>Karabinerverschluss und Horn mit Raspini-Logo.<\/p>\n<p>Hergestellt in Italien, handgefertigt.<\/p>\n<p>Begleitet von Box und offizieller Giovanni Raspini Garantie.<\/p>\n","protected":false},"excerpt":{"rendered":"<p>Elegante Verzierungen unterstreichen die Sch\u00f6nheit der S\u00fc\u00dfwasserperle.<\/p>\n","protected":false},"featured_media":114561,"comment_status":"open","ping_status":"closed","template":"","meta":[],"product_brand":[155],"product_cat":[7568],"product_tag":[],"class_list":{"0":"post-114556","1":"product","2":"type-product","3":"status-publish","4":"has-post-thumbnail","6":"product_brand-raspini","7":"product_cat-giovanni-raspini-halsketten","9":"first","10":"instock","11":"sale","12":"taxable","13":"shipping-taxable","14":"purchasable","15":"product-type-simple"},"exclude_global_add_ons":[],"addons":[],"df_price":184.5,"df_sale_price":184.5,"df_regular_price":205,"df_image_link":"https:\/\/cdn02.fabioferro.eu\/wp-content\/uploads\/virtuemart\/product\/collana-giovanni-raspini-pendente-drops-perlage-11106.jpg","_links":{"self":[{"href":"https:\/\/www.fabioferro.eu\/de\/wp-json\/wp\/v2\/product\/114556","targetHints":{"allow":["GET"]}}],"collection":[{"href":"https:\/\/www.fabioferro.eu\/de\/wp-json\/wp\/v2\/product"}],"about":[{"href":"https:\/\/www.fabioferro.eu\/de\/wp-json\/wp\/v2\/types\/product"}],"replies":[{"embeddable":true,"href":"https:\/\/www.fabioferro.eu\/de\/wp-json\/wp\/v2\/comments?post=114556"}],"version-history":[{"count":0,"href":"https:\/\/www.fabioferro.eu\/de\/wp-json\/wp\/v2\/product\/114556\/revisions"}],"wp:featuredmedia":[{"embeddable":true,"href":"https:\/\/www.fabioferro.eu\/de\/wp-json\/wp\/v2\/media\/114561"}],"wp:attachment":[{"href":"https:\/\/www.fabioferro.eu\/de\/wp-json\/wp\/v2\/media?parent=114556"}],"wp:term":[{"taxonomy":"product_brand","embeddable":true,"href":"https:\/\/www.fabioferro.eu\/de\/wp-json\/wp\/v2\/product_brand?post=114556"},{"taxonomy":"product_cat","embeddable":true,"href":"https:\/\/www.fabioferro.eu\/de\/wp-json\/wp\/v2\/product_cat?post=114556"},{"taxonomy":"product_tag","embeddable":true,"href":"https:\/\/www.fabioferro.eu\/de\/wp-json\/wp\/v2\/product_tag?post=114556"}],"curies":[{"name":"wp","href":"https:\/\/api.w.org\/{rel}","templated":true}]}}