{"id":114563,"date":"2022-06-01T19:59:21","date_gmt":"2022-06-01T17:59:21","guid":{"rendered":"https:\/\/www.fabioferro.eu\/festina-classic-automatik-herren-stahluhr-42-mm.html"},"modified":"2022-06-01T19:59:21","modified_gmt":"2022-06-01T17:59:21","slug":"festina-classic-automatik-herren-stahluhr-42-mm","status":"publish","type":"product","link":"https:\/\/www.fabioferro.eu\/de\/festina-classic-automatik-herren-stahluhr-42-mm.html","title":{"rendered":"Festina Classic Automatik Herren Stahluhr 42 mm"},"content":{"rendered":"<p>Mechanische Automatikuhr, mit der M\u00f6glichkeit des Handaufzugs.<\/p>\n<p>Geh\u00e4use aus rostfreiem Stahl, Durchmesser 42 mm. Verschraubter, satinierter Geh\u00e4useboden, transparentes Glas.<\/p>\n<p>Satiniertes und poliertes Stahlarmband, Druckknopfverschluss.<\/p>\n<p>Wei\u00dfes Zifferblatt mit spezieller Innenstruktur, au\u00dfen glatt. Blaue Zeiger und Stundenmarkierungen, r\u00f6mische Ziffern. Festina-Logo bei 12 Uhr.<\/p>\n<p>Flaches Saphirglas. Unterwasserbest\u00e4ndigkeit bis zu 5 bar\/50 Meter.<\/p>\n<p>Datum auf 6 Uhr.<\/p>\n<p>Die Uhr wird von einer Garantie, einer Schachtel und einem Festina-Shopper begleitet.<\/p>\n","protected":false},"excerpt":{"rendered":"<p>Ein gro\u00dfer mechanischer Automatik-Klassiker, elegant und praktisch.<\/p>\n","protected":false},"featured_media":114573,"comment_status":"open","ping_status":"closed","template":"","meta":[],"product_brand":[171],"product_cat":[5998],"product_tag":[],"class_list":{"0":"post-114563","1":"product","2":"type-product","3":"status-publish","4":"has-post-thumbnail","6":"product_brand-festina","7":"product_cat-festina-herrenuhren","9":"first","10":"outofstock","11":"sale","12":"taxable","13":"shipping-taxable","14":"purchasable","15":"product-type-simple"},"exclude_global_add_ons":[],"addons":[],"df_price":159.2,"df_sale_price":159.2,"df_regular_price":199,"df_image_link":"https:\/\/cdn02.fabioferro.eu\/wp-content\/uploads\/virtuemart\/product\/orologio-festina-automatic-classic-uomo-F20482.jpg","_links":{"self":[{"href":"https:\/\/www.fabioferro.eu\/de\/wp-json\/wp\/v2\/product\/114563","targetHints":{"allow":["GET"]}}],"collection":[{"href":"https:\/\/www.fabioferro.eu\/de\/wp-json\/wp\/v2\/product"}],"about":[{"href":"https:\/\/www.fabioferro.eu\/de\/wp-json\/wp\/v2\/types\/product"}],"replies":[{"embeddable":true,"href":"https:\/\/www.fabioferro.eu\/de\/wp-json\/wp\/v2\/comments?post=114563"}],"version-history":[{"count":0,"href":"https:\/\/www.fabioferro.eu\/de\/wp-json\/wp\/v2\/product\/114563\/revisions"}],"wp:featuredmedia":[{"embeddable":true,"href":"https:\/\/www.fabioferro.eu\/de\/wp-json\/wp\/v2\/media\/114573"}],"wp:attachment":[{"href":"https:\/\/www.fabioferro.eu\/de\/wp-json\/wp\/v2\/media?parent=114563"}],"wp:term":[{"taxonomy":"product_brand","embeddable":true,"href":"https:\/\/www.fabioferro.eu\/de\/wp-json\/wp\/v2\/product_brand?post=114563"},{"taxonomy":"product_cat","embeddable":true,"href":"https:\/\/www.fabioferro.eu\/de\/wp-json\/wp\/v2\/product_cat?post=114563"},{"taxonomy":"product_tag","embeddable":true,"href":"https:\/\/www.fabioferro.eu\/de\/wp-json\/wp\/v2\/product_tag?post=114563"}],"curies":[{"name":"wp","href":"https:\/\/api.w.org\/{rel}","templated":true}]}}