{"id":114574,"date":"2022-06-01T19:59:48","date_gmt":"2022-06-01T17:59:48","guid":{"rendered":"https:\/\/www.fabioferro.eu\/fabio-ferro-king-verlobungsring-aus-weissgold-mit-diamanten-im-brillantschliff-030-karat.html"},"modified":"2025-06-06T16:22:50","modified_gmt":"2025-06-06T14:22:50","slug":"fabio-ferro-king-verlobungsring-aus-weissgold-mit-diamanten-im-brillantschliff-030-karat","status":"publish","type":"product","link":"https:\/\/www.fabioferro.eu\/de\/fabio-ferro-king-verlobungsring-aus-weissgold-mit-diamanten-im-brillantschliff-030-karat.html","title":{"rendered":"Verlobungsring Fabio Ferro K\u00f6nig in Wei\u00dfgold mit 0,30 Karat Diamanten"},"content":{"rendered":"<p>Verlobungsring &#8220;King&#8221; aus 18 Karat Wei\u00dfgold. Das Gesamtgewicht betr\u00e4gt 2,87 g. Es wird in unserer Goldschmiedewerkstatt vollst\u00e4ndig von Hand gefertigt.<\/p>\n<p>Der Star des Schmuckst\u00fccks ist ein pr\u00e4chtiger Diamant im Brillantschliff von 0,30 Karat, der sich durch eine Farbe von F und eine Reinheit von Vs1 auszeichnet und mit einem internationalen IGI-Zertifikat versehen ist.<\/p>\n<p>10 Diamanten mit insgesamt 0,16 Karat sind an den Seiten gefasst und unterstreichen die Sch\u00f6nheit des Schmuckst\u00fccks.<\/p>\n<p>Eine besondere Fassung mit quadratischer Struktur, die Fassung des zentralen Diamanten ist klassisch mit 4 abgerundeten Spitzen, die dem Diamanten Licht und Sicherheit verleihen. Die Diamanten an den Seiten sind in den Schaft der Fassung eingelassen und mit jeweils vier Zacken besetzt.<\/p>\n<p>Auf der Innenseite jedes Rings sind der Karatgehalt der Steine sowie das Logo Fabio Ferro I Gioielli&#8221; eingraviert.<\/p>\n<p>Das Schmuckst\u00fcck wird von einem Garantie- und Qualit\u00e4tszertifikat begleitet und ist in einem eleganten, personalisierten Etui und einer h\u00fcbschen Geschenkbox f\u00fcr einen besonderen Anlass verpackt.<\/p>\n<p>&nbsp;<\/p>\n<p><img decoding=\"async\" class=\"alignnone size-full wp-image-68675\" src=\"https:\/\/cdn02.fabioferro.eu\/wp-content\/uploads\/IGI-4cs-chart-IT-scaled.jpg\" alt=\"\" width=\"1864\" height=\"2560\" title=\"\" srcset=\"https:\/\/cdn02.fabioferro.eu\/wp-content\/uploads\/IGI-4cs-chart-IT-scaled.jpg 1864w, https:\/\/cdn02.fabioferro.eu\/wp-content\/uploads\/IGI-4cs-chart-IT-768x1055.jpg 768w, https:\/\/cdn02.fabioferro.eu\/wp-content\/uploads\/IGI-4cs-chart-IT-1119x1536.jpg 1119w, https:\/\/cdn02.fabioferro.eu\/wp-content\/uploads\/IGI-4cs-chart-IT-1491x2048.jpg 1491w, https:\/\/cdn02.fabioferro.eu\/wp-content\/uploads\/IGI-4cs-chart-IT-990x1359.jpg 990w, https:\/\/cdn02.fabioferro.eu\/wp-content\/uploads\/IGI-4cs-chart-IT-441x606.jpg 441w, https:\/\/cdn02.fabioferro.eu\/wp-content\/uploads\/IGI-4cs-chart-IT-600x824.jpg 600w, https:\/\/cdn02.fabioferro.eu\/wp-content\/uploads\/IGI-4cs-chart-IT-150x206.jpg 150w\" sizes=\"(max-width: 1864px) 100vw, 1864px\" \/><\/p>\n","protected":false},"excerpt":{"rendered":"<p>Ein Ring, der Sicherheit bietet, ein wesentliches Element in einer Beziehung, die f\u00fcr immer bestehen bleiben soll.<\/p>\n","protected":false},"featured_media":114595,"comment_status":"open","ping_status":"closed","template":"","meta":[],"product_brand":[152],"product_cat":[6021],"product_tag":[],"class_list":{"0":"post-114574","1":"product","2":"type-product","3":"status-publish","4":"has-post-thumbnail","6":"product_brand-fabio-ferro-i-gioielli","7":"product_cat-verlobungsringe","9":"first","10":"instock","11":"sale","12":"taxable","13":"shipping-taxable","14":"purchasable","15":"product-type-variable","16":"has-default-attributes"},"exclude_global_add_ons":[],"addons":[],"df_price":2120,"df_sale_price":"","df_regular_price":2120,"df_image_link":"https:\/\/cdn02.fabioferro.eu\/wp-content\/uploads\/anello-solitario-ff1058-1.jpg","_links":{"self":[{"href":"https:\/\/www.fabioferro.eu\/de\/wp-json\/wp\/v2\/product\/114574","targetHints":{"allow":["GET"]}}],"collection":[{"href":"https:\/\/www.fabioferro.eu\/de\/wp-json\/wp\/v2\/product"}],"about":[{"href":"https:\/\/www.fabioferro.eu\/de\/wp-json\/wp\/v2\/types\/product"}],"replies":[{"embeddable":true,"href":"https:\/\/www.fabioferro.eu\/de\/wp-json\/wp\/v2\/comments?post=114574"}],"version-history":[{"count":0,"href":"https:\/\/www.fabioferro.eu\/de\/wp-json\/wp\/v2\/product\/114574\/revisions"}],"wp:featuredmedia":[{"embeddable":true,"href":"https:\/\/www.fabioferro.eu\/de\/wp-json\/wp\/v2\/media\/114595"}],"wp:attachment":[{"href":"https:\/\/www.fabioferro.eu\/de\/wp-json\/wp\/v2\/media?parent=114574"}],"wp:term":[{"taxonomy":"product_brand","embeddable":true,"href":"https:\/\/www.fabioferro.eu\/de\/wp-json\/wp\/v2\/product_brand?post=114574"},{"taxonomy":"product_cat","embeddable":true,"href":"https:\/\/www.fabioferro.eu\/de\/wp-json\/wp\/v2\/product_cat?post=114574"},{"taxonomy":"product_tag","embeddable":true,"href":"https:\/\/www.fabioferro.eu\/de\/wp-json\/wp\/v2\/product_tag?post=114574"}],"curies":[{"name":"wp","href":"https:\/\/api.w.org\/{rel}","templated":true}]}}