{"id":114615,"date":"2022-06-01T20:01:23","date_gmt":"2022-06-01T18:01:23","guid":{"rendered":"https:\/\/www.fabioferro.eu\/ti-sento-milano-ring-rotes-streifenband-mit-zirkonen-in-sterling-silber.html"},"modified":"2024-09-18T16:08:45","modified_gmt":"2024-09-18T14:08:45","slug":"ti-sento-milano-ring-rotes-streifenband-mit-zirkonen-in-sterling-silber","status":"publish","type":"product","link":"https:\/\/www.fabioferro.eu\/de\/ti-sento-milano-ring-rotes-streifenband-mit-zirkonen-in-sterling-silber.html","title":{"rendered":"Ti Sento Milano Ring Rot gestreiftes Ehering mit Zirkonen in Sterling Silber"},"content":{"rendered":"<p>Ring aus 925\/1000 Sterlingsilber, auch mit ros\u00e9vergoldeter Spitze. Gr\u00f6\u00dfen von 10-12-14-16-18-20, die im Bestellring angegeben werden m\u00fcssen, begleitet von der Ti Sento Milano Garantie und Verpackung.<\/p>\n","protected":false},"excerpt":{"rendered":"<p>Die Eleganz dieses Bandes hebt sich von den anderen ab und unterstreicht die Hand des Tr\u00e4gers.<\/p>\n","protected":false},"featured_media":114624,"comment_status":"open","ping_status":"closed","template":"","meta":[],"product_brand":[158],"product_cat":[6343],"product_tag":[],"class_list":{"0":"post-114615","1":"product","2":"type-product","3":"status-publish","4":"has-post-thumbnail","6":"product_brand-ti-sento-milano","7":"product_cat-ti-sento-milano-ringe","9":"first","10":"outofstock","11":"taxable","12":"shipping-taxable","13":"purchasable","14":"product-type-simple"},"exclude_global_add_ons":[],"addons":[],"df_price":109,"df_sale_price":"","df_regular_price":109,"df_image_link":"https:\/\/cdn02.fabioferro.eu\/wp-content\/uploads\/virtuemart\/product\/anello-ti-sento-milano-fedina-in-argento-e-zirconi-12144ZR.jpg-3.jpg","_links":{"self":[{"href":"https:\/\/www.fabioferro.eu\/de\/wp-json\/wp\/v2\/product\/114615","targetHints":{"allow":["GET"]}}],"collection":[{"href":"https:\/\/www.fabioferro.eu\/de\/wp-json\/wp\/v2\/product"}],"about":[{"href":"https:\/\/www.fabioferro.eu\/de\/wp-json\/wp\/v2\/types\/product"}],"replies":[{"embeddable":true,"href":"https:\/\/www.fabioferro.eu\/de\/wp-json\/wp\/v2\/comments?post=114615"}],"version-history":[{"count":0,"href":"https:\/\/www.fabioferro.eu\/de\/wp-json\/wp\/v2\/product\/114615\/revisions"}],"wp:featuredmedia":[{"embeddable":true,"href":"https:\/\/www.fabioferro.eu\/de\/wp-json\/wp\/v2\/media\/114624"}],"wp:attachment":[{"href":"https:\/\/www.fabioferro.eu\/de\/wp-json\/wp\/v2\/media?parent=114615"}],"wp:term":[{"taxonomy":"product_brand","embeddable":true,"href":"https:\/\/www.fabioferro.eu\/de\/wp-json\/wp\/v2\/product_brand?post=114615"},{"taxonomy":"product_cat","embeddable":true,"href":"https:\/\/www.fabioferro.eu\/de\/wp-json\/wp\/v2\/product_cat?post=114615"},{"taxonomy":"product_tag","embeddable":true,"href":"https:\/\/www.fabioferro.eu\/de\/wp-json\/wp\/v2\/product_tag?post=114615"}],"curies":[{"name":"wp","href":"https:\/\/api.w.org\/{rel}","templated":true}]}}