{"id":114628,"date":"2022-06-01T20:01:49","date_gmt":"2022-06-01T18:01:49","guid":{"rendered":"https:\/\/www.fabioferro.eu\/charme-giovanni-raspini-fiocco-tropfen-kollektion.html"},"modified":"2022-06-01T20:01:49","modified_gmt":"2022-06-01T18:01:49","slug":"charme-giovanni-raspini-fiocco-tropfen-kollektion","status":"publish","type":"product","link":"https:\/\/www.fabioferro.eu\/de\/charme-giovanni-raspini-fiocco-tropfen-kollektion.html","title":{"rendered":"Charme Giovanni Raspini Fiocco Tropfen Kollektion"},"content":{"rendered":"<p>Anh\u00e4nger aus 925\/1000 Sterlingsilber, nat\u00fcrliche S\u00fc\u00dfwasserperle.<\/p>\n<p>Gesamtgewicht 5,7 g.<\/p>\n<p>H\u00f6he 1,8 cm, ohne 0,9 cm Oberlenker.<\/p>\n<p>Hergestellt in Italien, handgefertigt.<\/p>\n<p>Begleitet von Box und offizieller Giovanni Raspini Garantie.<\/p>\n","protected":false},"excerpt":{"rendered":"<p>Elegante Verzierungen unterstreichen die Sch\u00f6nheit der S\u00fc\u00dfwasserperle.<\/p>\n","protected":false},"featured_media":114640,"comment_status":"open","ping_status":"closed","template":"","meta":[],"product_brand":[155],"product_cat":[7576],"product_tag":[7442],"class_list":{"0":"post-114628","1":"product","2":"type-product","3":"status-publish","4":"has-post-thumbnail","6":"product_brand-raspini","7":"product_cat-giovanni-raspini-reize","8":"product_tag-verfugbar","10":"first","11":"instock","12":"sale","13":"taxable","14":"shipping-taxable","15":"purchasable","16":"product-type-simple"},"exclude_global_add_ons":[],"addons":[],"df_price":63,"df_sale_price":63,"df_regular_price":70,"df_image_link":"https:\/\/cdn02.fabioferro.eu\/wp-content\/uploads\/virtuemart\/product\/charm-giovanni-raspini-drops-fiocco-11115.jpg","_links":{"self":[{"href":"https:\/\/www.fabioferro.eu\/de\/wp-json\/wp\/v2\/product\/114628","targetHints":{"allow":["GET"]}}],"collection":[{"href":"https:\/\/www.fabioferro.eu\/de\/wp-json\/wp\/v2\/product"}],"about":[{"href":"https:\/\/www.fabioferro.eu\/de\/wp-json\/wp\/v2\/types\/product"}],"replies":[{"embeddable":true,"href":"https:\/\/www.fabioferro.eu\/de\/wp-json\/wp\/v2\/comments?post=114628"}],"version-history":[{"count":0,"href":"https:\/\/www.fabioferro.eu\/de\/wp-json\/wp\/v2\/product\/114628\/revisions"}],"wp:featuredmedia":[{"embeddable":true,"href":"https:\/\/www.fabioferro.eu\/de\/wp-json\/wp\/v2\/media\/114640"}],"wp:attachment":[{"href":"https:\/\/www.fabioferro.eu\/de\/wp-json\/wp\/v2\/media?parent=114628"}],"wp:term":[{"taxonomy":"product_brand","embeddable":true,"href":"https:\/\/www.fabioferro.eu\/de\/wp-json\/wp\/v2\/product_brand?post=114628"},{"taxonomy":"product_cat","embeddable":true,"href":"https:\/\/www.fabioferro.eu\/de\/wp-json\/wp\/v2\/product_cat?post=114628"},{"taxonomy":"product_tag","embeddable":true,"href":"https:\/\/www.fabioferro.eu\/de\/wp-json\/wp\/v2\/product_tag?post=114628"}],"curies":[{"name":"wp","href":"https:\/\/api.w.org\/{rel}","templated":true}]}}