{"id":114641,"date":"2022-06-01T20:01:33","date_gmt":"2022-06-01T18:01:33","guid":{"rendered":"https:\/\/www.fabioferro.eu\/ohrringe-giovanni-raspini-perlage-drops-kollektion-mit-mabe-perlen.html"},"modified":"2025-06-06T15:48:03","modified_gmt":"2025-06-06T13:48:03","slug":"ohrringe-giovanni-raspini-perlage-drops-kollektion-mit-mabe-perlen","status":"publish","type":"product","link":"https:\/\/www.fabioferro.eu\/de\/ohrringe-giovanni-raspini-perlage-drops-kollektion-mit-mabe-perlen.html","title":{"rendered":"Ohrringe Giovanni Raspini Perlage Drops Kollektion mit Mab\u00e8-Perlen"},"content":{"rendered":"<p>Ohrringe aus 925\/1000 Sterlingsilber, nat\u00fcrliche S\u00fc\u00dfwasserperlen.<\/p>\n<p>Gesamtgewicht 13 g. L\u00e4nge 3,2 cm.<\/p>\n<p>Schmetterlingsverschluss mit Raspini-Logo.<\/p>\n<p>Hergestellt in Italien, handgefertigt.<\/p>\n<p>Begleitet von Box und offizieller Giovanni Raspini Garantie.<\/p>\n","protected":false},"excerpt":{"rendered":"<p>Elegante Verzierungen unterstreichen die Sch\u00f6nheit der S\u00fc\u00dfwasserperlen.<\/p>\n","protected":false},"featured_media":114649,"comment_status":"open","ping_status":"closed","template":"","meta":[],"product_brand":[],"product_cat":[7570],"product_tag":[7442],"class_list":{"0":"post-114641","1":"product","2":"type-product","3":"status-publish","4":"has-post-thumbnail","6":"product_cat-giovanni-raspini-ohrringe","7":"product_tag-verfugbar","9":"first","10":"instock","11":"sale","12":"taxable","13":"shipping-taxable","14":"purchasable","15":"product-type-simple"},"exclude_global_add_ons":[],"addons":[],"df_price":261,"df_sale_price":261,"df_regular_price":290,"df_image_link":"https:\/\/cdn02.fabioferro.eu\/wp-content\/uploads\/virtuemart\/product\/orecchini-giovanni-raspini-perlage-drops-11101.jpg","_links":{"self":[{"href":"https:\/\/www.fabioferro.eu\/de\/wp-json\/wp\/v2\/product\/114641","targetHints":{"allow":["GET"]}}],"collection":[{"href":"https:\/\/www.fabioferro.eu\/de\/wp-json\/wp\/v2\/product"}],"about":[{"href":"https:\/\/www.fabioferro.eu\/de\/wp-json\/wp\/v2\/types\/product"}],"replies":[{"embeddable":true,"href":"https:\/\/www.fabioferro.eu\/de\/wp-json\/wp\/v2\/comments?post=114641"}],"version-history":[{"count":0,"href":"https:\/\/www.fabioferro.eu\/de\/wp-json\/wp\/v2\/product\/114641\/revisions"}],"wp:featuredmedia":[{"embeddable":true,"href":"https:\/\/www.fabioferro.eu\/de\/wp-json\/wp\/v2\/media\/114649"}],"wp:attachment":[{"href":"https:\/\/www.fabioferro.eu\/de\/wp-json\/wp\/v2\/media?parent=114641"}],"wp:term":[{"taxonomy":"product_brand","embeddable":true,"href":"https:\/\/www.fabioferro.eu\/de\/wp-json\/wp\/v2\/product_brand?post=114641"},{"taxonomy":"product_cat","embeddable":true,"href":"https:\/\/www.fabioferro.eu\/de\/wp-json\/wp\/v2\/product_cat?post=114641"},{"taxonomy":"product_tag","embeddable":true,"href":"https:\/\/www.fabioferro.eu\/de\/wp-json\/wp\/v2\/product_tag?post=114641"}],"curies":[{"name":"wp","href":"https:\/\/api.w.org\/{rel}","templated":true}]}}