{"id":114654,"date":"2022-06-01T19:59:51","date_gmt":"2022-06-01T17:59:51","guid":{"rendered":"https:\/\/www.fabioferro.eu\/fabio-ferro-volto-weissgold-verlobungsring-mit-diamant-015-karat.html"},"modified":"2025-06-30T20:44:13","modified_gmt":"2025-06-30T18:44:13","slug":"fabio-ferro-volto-weissgold-verlobungsring-mit-diamant-015-karat","status":"publish","type":"product","link":"https:\/\/www.fabioferro.eu\/de\/fabio-ferro-volto-weissgold-verlobungsring-mit-diamant-015-karat.html","title":{"rendered":"Fabio Ferro Volto Wei\u00dfgold Verlobungsring mit Diamant 0,15 Karat"},"content":{"rendered":"<p>Solit\u00e4r-Verlobungsring, vollst\u00e4ndig aus 18 Karat Wei\u00dfgold in Italien handgefertigt.<\/p>\n<p>Der Ring wiegt 1,66 Gramm und ist in der Mitte mit einem Diamanten im Brillantschliff von 0,15 Karat, Farbe F, Reinheit VS1, besetzt.<\/p>\n<p>Die L\u00fcnette ist 4,5 mm hoch und 3,5 mm breit.<\/p>\n<p>Modell &#8220;Volto&#8221; mit eingelassener Rille 4 runde Riffs, um Sicherheit und Raum f\u00fcr den Diamanten zu geben, um das Licht zu reflektieren.<\/p>\n<p>Auf der Innenseite der Ringschiene sind das Logo Fabio Ferro I Gioielli&#8221; und der Karatwert des Steins mit einem Laser eingraviert.<\/p>\n<p>Bitte verlassen Sie sich auf die Beschreibung f\u00fcr die tats\u00e4chlichen Eigenschaften des Juwels, das Foto ist nur zu Demonstrationszwecken.<\/p>\n<p>Das Schmuckst\u00fcck wird von einem Garantie- und Qualit\u00e4tszertifikat sowie einer wertvollen Geschenkbox begleitet, die speziell f\u00fcr diesen Anlass entworfen wurde.<\/p>\n<p>&nbsp;<\/p>\n<p><img decoding=\"async\" class=\"alignnone size-full wp-image-68675\" src=\"https:\/\/cdn02.fabioferro.eu\/wp-content\/uploads\/IGI-4cs-chart-IT-scaled.jpg\" alt=\"\" width=\"1864\" height=\"2560\" title=\"\" srcset=\"https:\/\/cdn02.fabioferro.eu\/wp-content\/uploads\/IGI-4cs-chart-IT-scaled.jpg 1864w, https:\/\/cdn02.fabioferro.eu\/wp-content\/uploads\/IGI-4cs-chart-IT-768x1055.jpg 768w, https:\/\/cdn02.fabioferro.eu\/wp-content\/uploads\/IGI-4cs-chart-IT-1119x1536.jpg 1119w, https:\/\/cdn02.fabioferro.eu\/wp-content\/uploads\/IGI-4cs-chart-IT-1491x2048.jpg 1491w, https:\/\/cdn02.fabioferro.eu\/wp-content\/uploads\/IGI-4cs-chart-IT-990x1359.jpg 990w, https:\/\/cdn02.fabioferro.eu\/wp-content\/uploads\/IGI-4cs-chart-IT-441x606.jpg 441w, https:\/\/cdn02.fabioferro.eu\/wp-content\/uploads\/IGI-4cs-chart-IT-600x824.jpg 600w, https:\/\/cdn02.fabioferro.eu\/wp-content\/uploads\/IGI-4cs-chart-IT-150x206.jpg 150w\" sizes=\"(max-width: 1864px) 100vw, 1864px\" \/><\/p>\n","protected":false},"excerpt":{"rendered":"<p>Verlobungsring aus Wei\u00dfgold, handgefertigt in unserer Goldschmiedewerkstatt, besetzt mit einem atemberaubenden Diamanten im Brillantschliff.<\/p>\n","protected":false},"featured_media":114665,"comment_status":"open","ping_status":"closed","template":"","meta":[],"product_brand":[152],"product_cat":[6021],"product_tag":[],"class_list":{"0":"post-114654","1":"product","2":"type-product","3":"status-publish","4":"has-post-thumbnail","6":"product_brand-fabio-ferro-i-gioielli","7":"product_cat-verlobungsringe","9":"first","10":"instock","11":"sale","12":"taxable","13":"shipping-taxable","14":"purchasable","15":"product-type-variable","16":"has-default-attributes"},"exclude_global_add_ons":[],"addons":[],"df_price":712,"df_sale_price":"","df_regular_price":712,"df_image_link":"https:\/\/cdn02.fabioferro.eu\/wp-content\/uploads\/anello-fabio-ferro-di-fidanzamento-volto-ff1060-2-1.jpg","_links":{"self":[{"href":"https:\/\/www.fabioferro.eu\/de\/wp-json\/wp\/v2\/product\/114654","targetHints":{"allow":["GET"]}}],"collection":[{"href":"https:\/\/www.fabioferro.eu\/de\/wp-json\/wp\/v2\/product"}],"about":[{"href":"https:\/\/www.fabioferro.eu\/de\/wp-json\/wp\/v2\/types\/product"}],"replies":[{"embeddable":true,"href":"https:\/\/www.fabioferro.eu\/de\/wp-json\/wp\/v2\/comments?post=114654"}],"version-history":[{"count":0,"href":"https:\/\/www.fabioferro.eu\/de\/wp-json\/wp\/v2\/product\/114654\/revisions"}],"wp:featuredmedia":[{"embeddable":true,"href":"https:\/\/www.fabioferro.eu\/de\/wp-json\/wp\/v2\/media\/114665"}],"wp:attachment":[{"href":"https:\/\/www.fabioferro.eu\/de\/wp-json\/wp\/v2\/media?parent=114654"}],"wp:term":[{"taxonomy":"product_brand","embeddable":true,"href":"https:\/\/www.fabioferro.eu\/de\/wp-json\/wp\/v2\/product_brand?post=114654"},{"taxonomy":"product_cat","embeddable":true,"href":"https:\/\/www.fabioferro.eu\/de\/wp-json\/wp\/v2\/product_cat?post=114654"},{"taxonomy":"product_tag","embeddable":true,"href":"https:\/\/www.fabioferro.eu\/de\/wp-json\/wp\/v2\/product_tag?post=114654"}],"curies":[{"name":"wp","href":"https:\/\/api.w.org\/{rel}","templated":true}]}}