{"id":114695,"date":"2022-06-01T19:56:37","date_gmt":"2022-06-01T17:56:37","guid":{"rendered":"https:\/\/www.fabioferro.eu\/seiko-prospex-alpinist-automatik-kompass-395-mm-spb121j1-uhr.html"},"modified":"2026-01-29T10:41:31","modified_gmt":"2026-01-29T09:41:31","slug":"seiko-prospex-alpinist-automatik-kompass-395-mm-spb121j1-uhr","status":"publish","type":"product","link":"https:\/\/www.fabioferro.eu\/de\/seiko-prospex-alpinist-automatik-kompass-395-mm-spb121j1-uhr.html","title":{"rendered":"Seiko SPB121J1 Prospex Alpinist Automatischer Kompass 39,5 mm"},"content":{"rendered":"<p>Seiko SPB121J1 mit mechanischem Automatikwerk, Kaliber 6R35 mit 41 Stunden Gangreserve, 24 Lagersteinen.<\/p>\n<p>Geh\u00e4use aus Edelstahl, Durchmesser 39,5 mm, Dicke 13,2 mm, Breite 46,4 mm.<\/p>\n<p>Verschraubte Krone und Boden, einseitig drehbare L\u00fcnette. Drehbarer innerer Kompassring.<\/p>\n<p>Gew\u00f6lbtes Saphirglas, innen beschichtet zur Entspiegelung.<\/p>\n<p>Armband aus Kalbsleder, Druckknopfverschluss.<\/p>\n<p>Gr\u00fcnes Zifferblatt mit vergoldeten Lumibrite-Zeigern und -Indizes f\u00fcr die Anzeige im Dunkeln. Seiko-Logo bei 12 Uhr, Datumsanzeige bei 3 Uhr mit Vergr\u00f6\u00dferungsglas.<\/p>\n<p>Die Uhr wird von der Garantie, der Verpackung und der Seiko Einkaufstasche begleitet.<\/p>\n","protected":false},"excerpt":{"rendered":"<p>Seiko SPB121J1, ein ganz eigener Stil und Farben, die Seiko Alpinist ist die Verk\u00f6rperung des Charakters des Bergmanns.<\/p>\n","protected":false},"featured_media":114700,"comment_status":"open","ping_status":"closed","template":"","meta":[],"product_brand":[202],"product_cat":[5985],"product_tag":[],"class_list":{"0":"post-114695","1":"product","2":"type-product","3":"status-publish","4":"has-post-thumbnail","6":"product_brand-seiko","7":"product_cat-seiko-herrenuhren","8":"pa_collezione-seiko-prospex-de","10":"first","11":"instock","12":"sale","13":"taxable","14":"shipping-taxable","15":"purchasable","16":"product-type-simple"},"exclude_global_add_ons":[],"addons":[],"df_price":663,"df_sale_price":663,"df_regular_price":780,"df_image_link":"https:\/\/cdn02.fabioferro.eu\/wp-content\/uploads\/virtuemart\/product\/orologio_seiko_prospex_alpinist_automatico_uomo_verde_marrone_SPB121J1__1599214167_218.jpg","_links":{"self":[{"href":"https:\/\/www.fabioferro.eu\/de\/wp-json\/wp\/v2\/product\/114695","targetHints":{"allow":["GET"]}}],"collection":[{"href":"https:\/\/www.fabioferro.eu\/de\/wp-json\/wp\/v2\/product"}],"about":[{"href":"https:\/\/www.fabioferro.eu\/de\/wp-json\/wp\/v2\/types\/product"}],"replies":[{"embeddable":true,"href":"https:\/\/www.fabioferro.eu\/de\/wp-json\/wp\/v2\/comments?post=114695"}],"version-history":[{"count":0,"href":"https:\/\/www.fabioferro.eu\/de\/wp-json\/wp\/v2\/product\/114695\/revisions"}],"wp:featuredmedia":[{"embeddable":true,"href":"https:\/\/www.fabioferro.eu\/de\/wp-json\/wp\/v2\/media\/114700"}],"wp:attachment":[{"href":"https:\/\/www.fabioferro.eu\/de\/wp-json\/wp\/v2\/media?parent=114695"}],"wp:term":[{"taxonomy":"product_brand","embeddable":true,"href":"https:\/\/www.fabioferro.eu\/de\/wp-json\/wp\/v2\/product_brand?post=114695"},{"taxonomy":"product_cat","embeddable":true,"href":"https:\/\/www.fabioferro.eu\/de\/wp-json\/wp\/v2\/product_cat?post=114695"},{"taxonomy":"product_tag","embeddable":true,"href":"https:\/\/www.fabioferro.eu\/de\/wp-json\/wp\/v2\/product_tag?post=114695"}],"curies":[{"name":"wp","href":"https:\/\/api.w.org\/{rel}","templated":true}]}}