{"id":114698,"date":"2022-06-01T19:55:59","date_gmt":"2022-06-01T17:55:59","guid":{"rendered":"https:\/\/www.fabioferro.eu\/original-tibetisches-tamashii-armband-mit-lila-amethyst.html"},"modified":"2024-09-27T12:25:33","modified_gmt":"2024-09-27T10:25:33","slug":"original-tibetisches-tamashii-armband-mit-lila-amethyst","status":"publish","type":"product","link":"https:\/\/www.fabioferro.eu\/de\/original-tibetisches-tamashii-armband-mit-lila-amethyst.html","title":{"rendered":"Original tibetisches Tamashii-Armband mit lila Amethyst"},"content":{"rendered":"<p>Der violettfarbene Naturstein Amethyst wird auch als Stein der Demut bezeichnet. In buddhistischen Praktiken wird sie verwendet, um in Phasen des inneren Wachstums und der Ver\u00e4nderung zu helfen. Das Amethyst Tamashii bes\u00e4nftigt den Stolz und verwandelt ihn in Besinnung und Introspektion. &nbsp; Das Armband ist handgekn\u00fcpft und besteht aus 12 violetten Amethyst-Perlen mit einem Durchmesser von 8,00 mm. Die Gesamtl\u00e4nge betr\u00e4gt 24,00 cm, kann aber auch bis zu 18,00 cm getragen werden. Praktischer Knopfverschluss aus br\u00fcniertem Metall. Jedes Tamashii-Armband enth\u00e4lt ein h\u00f6lzernes Element, eine Darstellung eines kleinen K\u00fcrbisses voller Samen, der Kamawatchi Calabush oder einfach Calabash genannt wird und f\u00fcr die Kontinuit\u00e4t des Lebens steht. Ein einzigartiges Schmuckst\u00fcck, denn es wird ausschlie\u00dflich von den geschickten H\u00e4nden tibetischer M\u00f6nche hergestellt und am Ende seiner Herstellung einzeln gesegnet. Neues Produkt in Originalverpackung mit authentischer Tamashii-Garantie.<\/p>\n","protected":false},"excerpt":{"rendered":"<p>Armb\u00e4nder, die direkt in Tibet aufgereiht und gesegnet wurden, jedes mit seiner eigenen spirituellen Bedeutung.<\/p>\n","protected":false},"featured_media":114702,"comment_status":"open","ping_status":"closed","template":"","meta":[],"product_brand":[155],"product_cat":[6318],"product_tag":[7442],"class_list":{"0":"post-114698","1":"product","2":"type-product","3":"status-publish","4":"has-post-thumbnail","6":"product_brand-raspini","7":"product_cat-tamashii","8":"product_tag-verfugbar","10":"first","11":"instock","12":"taxable","13":"shipping-taxable","14":"purchasable","15":"product-type-simple"},"exclude_global_add_ons":[],"addons":[],"df_price":42,"df_sale_price":"","df_regular_price":42,"df_image_link":"https:\/\/cdn02.fabioferro.eu\/wp-content\/uploads\/virtuemart\/product\/bracciale_tamashii_ametista_1_giro_BHS900_08__1596617125_992.jpg","_links":{"self":[{"href":"https:\/\/www.fabioferro.eu\/de\/wp-json\/wp\/v2\/product\/114698","targetHints":{"allow":["GET"]}}],"collection":[{"href":"https:\/\/www.fabioferro.eu\/de\/wp-json\/wp\/v2\/product"}],"about":[{"href":"https:\/\/www.fabioferro.eu\/de\/wp-json\/wp\/v2\/types\/product"}],"replies":[{"embeddable":true,"href":"https:\/\/www.fabioferro.eu\/de\/wp-json\/wp\/v2\/comments?post=114698"}],"version-history":[{"count":0,"href":"https:\/\/www.fabioferro.eu\/de\/wp-json\/wp\/v2\/product\/114698\/revisions"}],"wp:featuredmedia":[{"embeddable":true,"href":"https:\/\/www.fabioferro.eu\/de\/wp-json\/wp\/v2\/media\/114702"}],"wp:attachment":[{"href":"https:\/\/www.fabioferro.eu\/de\/wp-json\/wp\/v2\/media?parent=114698"}],"wp:term":[{"taxonomy":"product_brand","embeddable":true,"href":"https:\/\/www.fabioferro.eu\/de\/wp-json\/wp\/v2\/product_brand?post=114698"},{"taxonomy":"product_cat","embeddable":true,"href":"https:\/\/www.fabioferro.eu\/de\/wp-json\/wp\/v2\/product_cat?post=114698"},{"taxonomy":"product_tag","embeddable":true,"href":"https:\/\/www.fabioferro.eu\/de\/wp-json\/wp\/v2\/product_tag?post=114698"}],"curies":[{"name":"wp","href":"https:\/\/api.w.org\/{rel}","templated":true}]}}