{"id":114797,"date":"2011-08-01T07:08:17","date_gmt":"2011-08-01T05:08:17","guid":{"rendered":"https:\/\/www.fabioferro.eu\/bibigi-fantasia-halskette-aus-weissgold-mit-diamanten-018-karat.html"},"modified":"2025-06-06T16:14:09","modified_gmt":"2025-06-06T14:14:09","slug":"bibigi-fantasia-halskette-aus-weissgold-mit-diamanten-018-karat","status":"publish","type":"product","link":"https:\/\/www.fabioferro.eu\/de\/bibigi-fantasia-halskette-aus-weissgold-mit-diamanten-018-karat.html","title":{"rendered":"Bibigi Fantasia Halskette aus Wei\u00dfgold mit Diamanten 0,18 Karat"},"content":{"rendered":"<p>Bibig\u00ec-Halskette aus 750\/1000 g Wei\u00dfgold, 5,20 g schwer, mit Phantasieanh\u00e4nger und Diamanten im Brillantschliff.<\/p>\n<p>Zentral gegliederter und verschiebbarer Anh\u00e4nger an einer 42 cm langen venezianischen Kette mit Bibig\u00ec-Logo, Gr\u00f6\u00dfe des Anh\u00e4ngers 40 x 15 mm, Gesamtl\u00e4nge am K\u00f6rper 46 cm.<\/p>\n<p>Er ist mit 6 Diamanten im Brillantschliff von insgesamt 0,18 Karat besetzt, Farbe G und Reinheit VVS1.<\/p>\n<p>Schmuckst\u00fcck mit original Bibig\u00ec-Etui und Garantie, begleitet von einer h\u00fcbschen Geschenkbox f\u00fcr besondere Anl\u00e4sse.<\/p>\n<p><img decoding=\"async\" class=\"alignnone size-full wp-image-68675\" src=\"https:\/\/cdn02.fabioferro.eu\/wp-content\/uploads\/IGI-4cs-chart-IT-scaled.jpg\" alt=\"\" width=\"1864\" height=\"2560\" title=\"\" srcset=\"https:\/\/cdn02.fabioferro.eu\/wp-content\/uploads\/IGI-4cs-chart-IT-scaled.jpg 1864w, https:\/\/cdn02.fabioferro.eu\/wp-content\/uploads\/IGI-4cs-chart-IT-768x1055.jpg 768w, https:\/\/cdn02.fabioferro.eu\/wp-content\/uploads\/IGI-4cs-chart-IT-1119x1536.jpg 1119w, https:\/\/cdn02.fabioferro.eu\/wp-content\/uploads\/IGI-4cs-chart-IT-1491x2048.jpg 1491w, https:\/\/cdn02.fabioferro.eu\/wp-content\/uploads\/IGI-4cs-chart-IT-990x1359.jpg 990w, https:\/\/cdn02.fabioferro.eu\/wp-content\/uploads\/IGI-4cs-chart-IT-441x606.jpg 441w, https:\/\/cdn02.fabioferro.eu\/wp-content\/uploads\/IGI-4cs-chart-IT-600x824.jpg 600w, https:\/\/cdn02.fabioferro.eu\/wp-content\/uploads\/IGI-4cs-chart-IT-150x206.jpg 150w\" sizes=\"(max-width: 1864px) 100vw, 1864px\" \/><\/p>\n","protected":false},"excerpt":{"rendered":"<p>Eine s\u00fc\u00dfe und schlichte Fantasie, geboren aus dem Gedanken, Eleganz in Schmuck zu verwandeln.<\/p>\n","protected":false},"featured_media":114800,"comment_status":"open","ping_status":"closed","template":"","meta":[],"product_brand":[],"product_cat":[6015],"product_tag":[7442],"class_list":{"0":"post-114797","1":"product","2":"type-product","3":"status-publish","4":"has-post-thumbnail","6":"product_cat-halsketten","7":"product_tag-verfugbar","9":"first","10":"instock","11":"sale","12":"taxable","13":"shipping-taxable","14":"purchasable","15":"product-type-simple"},"exclude_global_add_ons":[],"addons":[],"df_price":1720,"df_sale_price":1720,"df_regular_price":2150,"df_image_link":"https:\/\/cdn02.fabioferro.eu\/wp-content\/uploads\/collana-fabio-ferro-fantasy-in-oro-bianco-con-diamanti-cla6975b.jpg","_links":{"self":[{"href":"https:\/\/www.fabioferro.eu\/de\/wp-json\/wp\/v2\/product\/114797","targetHints":{"allow":["GET"]}}],"collection":[{"href":"https:\/\/www.fabioferro.eu\/de\/wp-json\/wp\/v2\/product"}],"about":[{"href":"https:\/\/www.fabioferro.eu\/de\/wp-json\/wp\/v2\/types\/product"}],"replies":[{"embeddable":true,"href":"https:\/\/www.fabioferro.eu\/de\/wp-json\/wp\/v2\/comments?post=114797"}],"version-history":[{"count":0,"href":"https:\/\/www.fabioferro.eu\/de\/wp-json\/wp\/v2\/product\/114797\/revisions"}],"wp:featuredmedia":[{"embeddable":true,"href":"https:\/\/www.fabioferro.eu\/de\/wp-json\/wp\/v2\/media\/114800"}],"wp:attachment":[{"href":"https:\/\/www.fabioferro.eu\/de\/wp-json\/wp\/v2\/media?parent=114797"}],"wp:term":[{"taxonomy":"product_brand","embeddable":true,"href":"https:\/\/www.fabioferro.eu\/de\/wp-json\/wp\/v2\/product_brand?post=114797"},{"taxonomy":"product_cat","embeddable":true,"href":"https:\/\/www.fabioferro.eu\/de\/wp-json\/wp\/v2\/product_cat?post=114797"},{"taxonomy":"product_tag","embeddable":true,"href":"https:\/\/www.fabioferro.eu\/de\/wp-json\/wp\/v2\/product_tag?post=114797"}],"curies":[{"name":"wp","href":"https:\/\/api.w.org\/{rel}","templated":true}]}}