{"id":114807,"date":"2011-08-01T07:08:17","date_gmt":"2011-08-01T05:08:17","guid":{"rendered":"https:\/\/www.fabioferro.eu\/salvini-perla-und-puntoluce-halskette.html"},"modified":"2024-10-14T12:19:50","modified_gmt":"2024-10-14T10:19:50","slug":"salvini-perla-und-puntoluce-halskette","status":"publish","type":"product","link":"https:\/\/www.fabioferro.eu\/de\/salvini-perla-und-puntoluce-halskette.html","title":{"rendered":"Salvini PERLA und PUNTOLUCE Halskette"},"content":{"rendered":"<p>Salvini Halskette f\u00fcr Damen aus 18K Wei\u00dfgold mit einem Gewicht von 4,60 g. Anh\u00e4nger aus japanischer Zuchtperle mit Diamanten im Brillantschliff mit einem Gewicht von 0,07H Karat L\u00e4nge der venezianischen Kette cm. 43,50. Der Durchmesser der japanischen Zuchtperle betr\u00e4gt 8,00 mm und sie gleitet leicht durch die Kette. Karabinerverschluss mit Salvini-Logo, besetzt mit einem Diamanten.<\/p>\n<p>Ref. 20012315 LAST CHANCE<\/p>\n<p>Original-Box und Garantie, sch\u00f6ne kostenlose Geschenk-Box.<\/p>\n","protected":false},"excerpt":{"rendered":"<p>Damen-Halskette aus Wei\u00dfgold mit PEARL und DOT-Diamanten Salvini<\/p>\n","protected":false},"featured_media":114808,"comment_status":"open","ping_status":"closed","template":"","meta":[],"product_brand":[],"product_cat":[7620],"product_tag":[7442],"class_list":{"0":"post-114807","1":"product","2":"type-product","3":"status-publish","4":"has-post-thumbnail","6":"product_cat-outlet-schmuck","7":"product_tag-verfugbar","9":"first","10":"instock","11":"taxable","12":"shipping-taxable","13":"purchasable","14":"product-type-simple"},"exclude_global_add_ons":[],"addons":[],"df_price":930,"df_sale_price":"","df_regular_price":930,"df_image_link":"https:\/\/cdn02.fabioferro.eu\/wp-content\/uploads\/virtuemart\/product\/collana_perla.jpg","_links":{"self":[{"href":"https:\/\/www.fabioferro.eu\/de\/wp-json\/wp\/v2\/product\/114807","targetHints":{"allow":["GET"]}}],"collection":[{"href":"https:\/\/www.fabioferro.eu\/de\/wp-json\/wp\/v2\/product"}],"about":[{"href":"https:\/\/www.fabioferro.eu\/de\/wp-json\/wp\/v2\/types\/product"}],"replies":[{"embeddable":true,"href":"https:\/\/www.fabioferro.eu\/de\/wp-json\/wp\/v2\/comments?post=114807"}],"version-history":[{"count":0,"href":"https:\/\/www.fabioferro.eu\/de\/wp-json\/wp\/v2\/product\/114807\/revisions"}],"wp:featuredmedia":[{"embeddable":true,"href":"https:\/\/www.fabioferro.eu\/de\/wp-json\/wp\/v2\/media\/114808"}],"wp:attachment":[{"href":"https:\/\/www.fabioferro.eu\/de\/wp-json\/wp\/v2\/media?parent=114807"}],"wp:term":[{"taxonomy":"product_brand","embeddable":true,"href":"https:\/\/www.fabioferro.eu\/de\/wp-json\/wp\/v2\/product_brand?post=114807"},{"taxonomy":"product_cat","embeddable":true,"href":"https:\/\/www.fabioferro.eu\/de\/wp-json\/wp\/v2\/product_cat?post=114807"},{"taxonomy":"product_tag","embeddable":true,"href":"https:\/\/www.fabioferro.eu\/de\/wp-json\/wp\/v2\/product_tag?post=114807"}],"curies":[{"name":"wp","href":"https:\/\/api.w.org\/{rel}","templated":true}]}}