{"id":114825,"date":"2012-04-10T15:39:46","date_gmt":"2012-04-10T13:39:46","guid":{"rendered":"https:\/\/www.fabioferro.eu\/comete-manschettenknoepfe-fuer-herren-aus-stahl-senior-collection-mit-diamanten.html"},"modified":"2012-04-10T15:39:46","modified_gmt":"2012-04-10T13:39:46","slug":"comete-manschettenknoepfe-fuer-herren-aus-stahl-senior-collection-mit-diamanten","status":"publish","type":"product","link":"https:\/\/www.fabioferro.eu\/de\/comete-manschettenknoepfe-fuer-herren-aus-stahl-senior-collection-mit-diamanten.html","title":{"rendered":"Comete Manschettenkn\u00f6pfe f\u00fcr Herren aus Stahl Senior Collection mit Diamanten"},"content":{"rendered":"<p>Paar Manschettenkn\u00f6pfe von Comete aus poliertem Edelstahl<\/p>\n<p>Gr\u00f6\u00dfe mm.11\u00d711 mit einem Diamanten in den Ecken gesetzt<\/p>\n<p>Neuer Artikel mit original Comete Box und Garantie<\/p>\n<p>Ausstellen einer Quittung und\/oder Rechnung<\/p>\n<p>\u00a0<\/p>\n","protected":false},"excerpt":{"rendered":"<p>Comete Manschettenkn\u00f6pfe aus Edelstahl Senior Kollektion mit wei\u00dfen Diamanten<\/p>\n","protected":false},"featured_media":114834,"comment_status":"open","ping_status":"closed","template":"","meta":[],"product_brand":[157],"product_cat":[6392],"product_tag":[7442],"class_list":{"0":"post-114825","1":"product","2":"type-product","3":"status-publish","4":"has-post-thumbnail","6":"product_brand-comete","7":"product_cat-comete-accessoires-manner","8":"product_tag-verfugbar","10":"first","11":"instock","12":"sale","13":"taxable","14":"shipping-taxable","15":"purchasable","16":"product-type-simple"},"exclude_global_add_ons":[],"addons":[],"df_price":106.2,"df_sale_price":106.2,"df_regular_price":118,"df_image_link":"https:\/\/cdn02.fabioferro.eu\/wp-content\/uploads\/virtuemart\/product\/gemelli-ugm102.jpg","_links":{"self":[{"href":"https:\/\/www.fabioferro.eu\/de\/wp-json\/wp\/v2\/product\/114825","targetHints":{"allow":["GET"]}}],"collection":[{"href":"https:\/\/www.fabioferro.eu\/de\/wp-json\/wp\/v2\/product"}],"about":[{"href":"https:\/\/www.fabioferro.eu\/de\/wp-json\/wp\/v2\/types\/product"}],"replies":[{"embeddable":true,"href":"https:\/\/www.fabioferro.eu\/de\/wp-json\/wp\/v2\/comments?post=114825"}],"version-history":[{"count":0,"href":"https:\/\/www.fabioferro.eu\/de\/wp-json\/wp\/v2\/product\/114825\/revisions"}],"wp:featuredmedia":[{"embeddable":true,"href":"https:\/\/www.fabioferro.eu\/de\/wp-json\/wp\/v2\/media\/114834"}],"wp:attachment":[{"href":"https:\/\/www.fabioferro.eu\/de\/wp-json\/wp\/v2\/media?parent=114825"}],"wp:term":[{"taxonomy":"product_brand","embeddable":true,"href":"https:\/\/www.fabioferro.eu\/de\/wp-json\/wp\/v2\/product_brand?post=114825"},{"taxonomy":"product_cat","embeddable":true,"href":"https:\/\/www.fabioferro.eu\/de\/wp-json\/wp\/v2\/product_cat?post=114825"},{"taxonomy":"product_tag","embeddable":true,"href":"https:\/\/www.fabioferro.eu\/de\/wp-json\/wp\/v2\/product_tag?post=114825"}],"curies":[{"name":"wp","href":"https:\/\/api.w.org\/{rel}","templated":true}]}}