{"id":114826,"date":"2013-01-29T16:11:51","date_gmt":"2013-01-29T15:11:51","guid":{"rendered":"https:\/\/www.fabioferro.eu\/fabio-ferro-kreuz-halskette-aus-weissgold-mit-diamant.html"},"modified":"2013-01-29T16:11:51","modified_gmt":"2013-01-29T15:11:51","slug":"fabio-ferro-kreuz-halskette-aus-weissgold-mit-diamant","status":"publish","type":"product","link":"https:\/\/www.fabioferro.eu\/de\/fabio-ferro-kreuz-halskette-aus-weissgold-mit-diamant.html","title":{"rendered":"Fabio Ferro Kreuz Halskette aus Wei\u00dfgold mit Diamant"},"content":{"rendered":"<p>Halskette handgefertigt in unserer Goldschmiedewerkstatt aus 750\/1000 g Wei\u00dfgold.<\/p>\n<p>An der Kette gleitender Anh\u00e4nger in Form eines Kreuzes, mit einem Brillanten von 0,06 Karat, Farbe G und Reinheit VS2.<\/p>\n<p>Venezianische Kette 41 cm lang mit der M\u00f6glichkeit, 45 cm lang \u00fcber eine Schlaufe in der Kette zu tragen, Karabinerverschluss.<\/p>\n<p>Die Gr\u00f6\u00dfe des Kreuzes betr\u00e4gt 20 x 11 mm, die Dicke 2,50 mm.<\/p>\n<p>Schmuckst\u00fcck mit Schatulle und einem von Fabio Ferro i Gioielli unterzeichneten Garantie- und Qualit\u00e4tszertifikat.<\/p>\n<p><img decoding=\"async\" class=\"alignnone size-full wp-image-68675\" src=\"https:\/\/cdn02.fabioferro.eu\/wp-content\/uploads\/IGI-4cs-chart-IT-scaled.jpg\" alt=\"\" width=\"1864\" height=\"2560\" title=\"\" srcset=\"https:\/\/cdn02.fabioferro.eu\/wp-content\/uploads\/IGI-4cs-chart-IT-scaled.jpg 1864w, https:\/\/cdn02.fabioferro.eu\/wp-content\/uploads\/IGI-4cs-chart-IT-768x1055.jpg 768w, https:\/\/cdn02.fabioferro.eu\/wp-content\/uploads\/IGI-4cs-chart-IT-1119x1536.jpg 1119w, https:\/\/cdn02.fabioferro.eu\/wp-content\/uploads\/IGI-4cs-chart-IT-1491x2048.jpg 1491w, https:\/\/cdn02.fabioferro.eu\/wp-content\/uploads\/IGI-4cs-chart-IT-990x1359.jpg 990w, https:\/\/cdn02.fabioferro.eu\/wp-content\/uploads\/IGI-4cs-chart-IT-441x606.jpg 441w, https:\/\/cdn02.fabioferro.eu\/wp-content\/uploads\/IGI-4cs-chart-IT-600x824.jpg 600w, https:\/\/cdn02.fabioferro.eu\/wp-content\/uploads\/IGI-4cs-chart-IT-150x206.jpg 150w\" sizes=\"(max-width: 1864px) 100vw, 1864px\" \/><\/p>\n","protected":false},"excerpt":{"rendered":"<p>Ein Kreuz mit pr\u00e4zisen und klaren Linien, vollst\u00e4ndig von Hand in Italien gefertigt.<\/p>\n","protected":false},"featured_media":114838,"comment_status":"open","ping_status":"closed","template":"","meta":[],"product_brand":[152],"product_cat":[6015],"product_tag":[7442],"class_list":{"0":"post-114826","1":"product","2":"type-product","3":"status-publish","4":"has-post-thumbnail","6":"product_brand-fabio-ferro-i-gioielli","7":"product_cat-halsketten","8":"product_tag-verfugbar","10":"first","11":"instock","12":"sale","13":"taxable","14":"shipping-taxable","15":"purchasable","16":"product-type-simple"},"exclude_global_add_ons":[],"addons":[],"df_price":960,"df_sale_price":960,"df_regular_price":1200,"df_image_link":"https:\/\/cdn02.fabioferro.eu\/wp-content\/uploads\/collana-fabio-ferro-croce-in-oro-bianco-con-diamante-ae0q9s.jpg","_links":{"self":[{"href":"https:\/\/www.fabioferro.eu\/de\/wp-json\/wp\/v2\/product\/114826","targetHints":{"allow":["GET"]}}],"collection":[{"href":"https:\/\/www.fabioferro.eu\/de\/wp-json\/wp\/v2\/product"}],"about":[{"href":"https:\/\/www.fabioferro.eu\/de\/wp-json\/wp\/v2\/types\/product"}],"replies":[{"embeddable":true,"href":"https:\/\/www.fabioferro.eu\/de\/wp-json\/wp\/v2\/comments?post=114826"}],"version-history":[{"count":0,"href":"https:\/\/www.fabioferro.eu\/de\/wp-json\/wp\/v2\/product\/114826\/revisions"}],"wp:featuredmedia":[{"embeddable":true,"href":"https:\/\/www.fabioferro.eu\/de\/wp-json\/wp\/v2\/media\/114838"}],"wp:attachment":[{"href":"https:\/\/www.fabioferro.eu\/de\/wp-json\/wp\/v2\/media?parent=114826"}],"wp:term":[{"taxonomy":"product_brand","embeddable":true,"href":"https:\/\/www.fabioferro.eu\/de\/wp-json\/wp\/v2\/product_brand?post=114826"},{"taxonomy":"product_cat","embeddable":true,"href":"https:\/\/www.fabioferro.eu\/de\/wp-json\/wp\/v2\/product_cat?post=114826"},{"taxonomy":"product_tag","embeddable":true,"href":"https:\/\/www.fabioferro.eu\/de\/wp-json\/wp\/v2\/product_tag?post=114826"}],"curies":[{"name":"wp","href":"https:\/\/api.w.org\/{rel}","templated":true}]}}