{"id":114847,"date":"2012-11-15T16:30:51","date_gmt":"2012-11-15T15:30:51","guid":{"rendered":"https:\/\/www.fabioferro.eu\/zero-by-zancan-halskette-fuer-frauen-aus-vergoldeter-bronze-2.html"},"modified":"2012-11-15T16:30:51","modified_gmt":"2012-11-15T15:30:51","slug":"zero-by-zancan-halskette-fuer-frauen-aus-vergoldeter-bronze-2","status":"publish","type":"product","link":"https:\/\/www.fabioferro.eu\/de\/zero-by-zancan-halskette-fuer-frauen-aus-vergoldeter-bronze-2.html","title":{"rendered":"Zero by Zancan Halskette f\u00fcr Frauen aus vergoldeter Bronze"},"content":{"rendered":"<p>&nbsp;<\/p>\n<p>Doppeltes Rollo-Stahlhalsband<\/p>\n<p>L\u00e4nge 42 cm.<\/p>\n<p>Karabinerhakenverschluss<\/p>\n<p>Anh\u00e4nger: gelbvergoldetes Bronzekreuz, Gr\u00f6\u00dfe cm. 4&#215;4, facettierter hydrothermaler Quarz in schwarz, B\u00fcschel aus 14 Anh\u00e4ngerketten cm. 4<\/p>\n<p>Neuware mit Box und Shop-Garantie<\/p>\n<p>Ausstellen einer Quittung und\/oder Rechnung<\/p>\n<p>&nbsp;<\/p>\n<p>&nbsp;<\/p>\n<p>&nbsp;<\/p>\n<p>&nbsp;<\/p>\n","protected":false},"excerpt":{"rendered":"<p>Zancan Maharadja Stahlkette mit gelbvergoldetem Bronzekreuz mit Quarz<\/p>\n","protected":false},"featured_media":114859,"comment_status":"open","ping_status":"closed","template":"","meta":[],"product_brand":[],"product_cat":[7620],"product_tag":[7442],"class_list":{"0":"post-114847","1":"product","2":"type-product","3":"status-publish","4":"has-post-thumbnail","6":"product_cat-outlet-schmuck","7":"product_tag-verfugbar","9":"first","10":"instock","11":"sale","12":"taxable","13":"shipping-taxable","14":"purchasable","15":"product-type-simple"},"exclude_global_add_ons":[],"addons":[],"df_price":146,"df_sale_price":146,"df_regular_price":292.4,"df_image_link":"https:\/\/cdn02.fabioferro.eu\/wp-content\/uploads\/virtuemart\/product\/collana-croce-maharaja.jpg","_links":{"self":[{"href":"https:\/\/www.fabioferro.eu\/de\/wp-json\/wp\/v2\/product\/114847","targetHints":{"allow":["GET"]}}],"collection":[{"href":"https:\/\/www.fabioferro.eu\/de\/wp-json\/wp\/v2\/product"}],"about":[{"href":"https:\/\/www.fabioferro.eu\/de\/wp-json\/wp\/v2\/types\/product"}],"replies":[{"embeddable":true,"href":"https:\/\/www.fabioferro.eu\/de\/wp-json\/wp\/v2\/comments?post=114847"}],"version-history":[{"count":0,"href":"https:\/\/www.fabioferro.eu\/de\/wp-json\/wp\/v2\/product\/114847\/revisions"}],"wp:featuredmedia":[{"embeddable":true,"href":"https:\/\/www.fabioferro.eu\/de\/wp-json\/wp\/v2\/media\/114859"}],"wp:attachment":[{"href":"https:\/\/www.fabioferro.eu\/de\/wp-json\/wp\/v2\/media?parent=114847"}],"wp:term":[{"taxonomy":"product_brand","embeddable":true,"href":"https:\/\/www.fabioferro.eu\/de\/wp-json\/wp\/v2\/product_brand?post=114847"},{"taxonomy":"product_cat","embeddable":true,"href":"https:\/\/www.fabioferro.eu\/de\/wp-json\/wp\/v2\/product_cat?post=114847"},{"taxonomy":"product_tag","embeddable":true,"href":"https:\/\/www.fabioferro.eu\/de\/wp-json\/wp\/v2\/product_tag?post=114847"}],"curies":[{"name":"wp","href":"https:\/\/api.w.org\/{rel}","templated":true}]}}