{"id":114870,"date":"2012-10-27T16:06:45","date_gmt":"2012-10-27T14:06:45","guid":{"rendered":"https:\/\/www.fabioferro.eu\/raspini-charme-cent.html"},"modified":"2024-09-18T12:42:41","modified_gmt":"2024-09-18T10:42:41","slug":"raspini-charme-cent","status":"publish","type":"product","link":"https:\/\/www.fabioferro.eu\/de\/raspini-charme-cent.html","title":{"rendered":"Raspini Charme Cent"},"content":{"rendered":"<p>Raspini 925 Silber Charm in Form eines Cents Kleine Gr\u00f6\u00dfe Der Charm ist mit einem Haken zum Befestigen an einem Schl\u00fcsselring, einer Halskette oder einem Armband ausgestattet Neuer Artikel mit Originalverpackung und Garantie Ich stelle eine Quittung und\/oder Rechnung aus<\/p>\n","protected":false},"excerpt":{"rendered":"<p>Raspini-Charme in Form eines Cents<\/p>\n","protected":false},"featured_media":114881,"comment_status":"open","ping_status":"closed","template":"","meta":[],"product_brand":[155],"product_cat":[7576,7578],"product_tag":[],"class_list":{"0":"post-114870","1":"product","2":"type-product","3":"status-publish","4":"has-post-thumbnail","6":"product_brand-raspini","7":"product_cat-giovanni-raspini-reize","8":"product_cat-raspini-charms-fur-veranstaltung","10":"first","11":"instock","12":"sale","13":"taxable","14":"shipping-taxable","15":"purchasable","16":"product-type-simple"},"exclude_global_add_ons":[],"addons":[],"df_price":36,"df_sale_price":36,"df_regular_price":40,"df_image_link":"https:\/\/cdn02.fabioferro.eu\/wp-content\/uploads\/virtuemart\/product\/one-cent.jpg","_links":{"self":[{"href":"https:\/\/www.fabioferro.eu\/de\/wp-json\/wp\/v2\/product\/114870","targetHints":{"allow":["GET"]}}],"collection":[{"href":"https:\/\/www.fabioferro.eu\/de\/wp-json\/wp\/v2\/product"}],"about":[{"href":"https:\/\/www.fabioferro.eu\/de\/wp-json\/wp\/v2\/types\/product"}],"replies":[{"embeddable":true,"href":"https:\/\/www.fabioferro.eu\/de\/wp-json\/wp\/v2\/comments?post=114870"}],"version-history":[{"count":0,"href":"https:\/\/www.fabioferro.eu\/de\/wp-json\/wp\/v2\/product\/114870\/revisions"}],"wp:featuredmedia":[{"embeddable":true,"href":"https:\/\/www.fabioferro.eu\/de\/wp-json\/wp\/v2\/media\/114881"}],"wp:attachment":[{"href":"https:\/\/www.fabioferro.eu\/de\/wp-json\/wp\/v2\/media?parent=114870"}],"wp:term":[{"taxonomy":"product_brand","embeddable":true,"href":"https:\/\/www.fabioferro.eu\/de\/wp-json\/wp\/v2\/product_brand?post=114870"},{"taxonomy":"product_cat","embeddable":true,"href":"https:\/\/www.fabioferro.eu\/de\/wp-json\/wp\/v2\/product_cat?post=114870"},{"taxonomy":"product_tag","embeddable":true,"href":"https:\/\/www.fabioferro.eu\/de\/wp-json\/wp\/v2\/product_tag?post=114870"}],"curies":[{"name":"wp","href":"https:\/\/api.w.org\/{rel}","templated":true}]}}