{"id":114877,"date":"2013-04-12T17:15:22","date_gmt":"2013-04-12T15:15:22","guid":{"rendered":"https:\/\/www.fabioferro.eu\/ti-sento-milano-portofino-weisser-quarz-halskette.html"},"modified":"2013-04-12T17:15:22","modified_gmt":"2013-04-12T15:15:22","slug":"ti-sento-milano-portofino-weisser-quarz-halskette","status":"publish","type":"product","link":"https:\/\/www.fabioferro.eu\/de\/ti-sento-milano-portofino-weisser-quarz-halskette.html","title":{"rendered":"Ti Sento Milano Portofino Wei\u00dfer Quarz Halskette"},"content":{"rendered":"<p><span style=\"text-decoration: underline;\"><strong>LETZTES ST\u00dcCK VERF\u00dcGBAR<\/strong> <\/span><\/p>\n<p>Ti Sento Milano Halskette aus rhodiniertem und nicht allergenem 925\/1000 Silber und gelbvergoldetem Silber<\/p>\n<p>Rolokette klein<\/p>\n<p>Gesamtl\u00e4nge der Kette cm. 45 mit der M\u00f6glichkeit, sie bis zu cm. 42 zu tragen<\/p>\n<p>Karabinerhakenverschluss<\/p>\n<p>Runder Anh\u00e4nger aus hydrothermalem Quarz mit Facettenschliff, wei\u00df mm 11<\/p>\n<p>Anh\u00e4ngerrahmen aus 925er Sterlingsilber und Gelbgold plattiert<\/p>\n<p><strong> <\/strong><\/p>\n<p>Neuer Artikel mit eleganter Satinverpackung und entsprechender Garantie<\/p>\n<p>Ausstellen einer Quittung und\/oder Rechnung<\/p>\n<p>&nbsp;<\/p>\n","protected":false},"excerpt":{"rendered":"<p>Silberne Damenhalskette mit gelbvergoldetem Anh\u00e4nger. LETZTES ST\u00dcCK VERF\u00dcGBAR<\/p>\n","protected":false},"featured_media":114892,"comment_status":"open","ping_status":"closed","template":"","meta":[],"product_brand":[158],"product_cat":[6090],"product_tag":[7442],"class_list":{"0":"post-114877","1":"product","2":"type-product","3":"status-publish","4":"has-post-thumbnail","6":"product_brand-ti-sento-milano","7":"product_cat-ti-sento-milano-halsketten","8":"product_tag-verfugbar","10":"first","11":"instock","12":"taxable","13":"shipping-taxable","14":"purchasable","15":"product-type-simple"},"exclude_global_add_ons":[],"addons":[],"df_price":99,"df_sale_price":"","df_regular_price":99,"df_image_link":"https:\/\/cdn02.fabioferro.eu\/wp-content\/uploads\/virtuemart\/product\/Collana_Ti_Sento_5168412ab7c5b.jpg","_links":{"self":[{"href":"https:\/\/www.fabioferro.eu\/de\/wp-json\/wp\/v2\/product\/114877","targetHints":{"allow":["GET"]}}],"collection":[{"href":"https:\/\/www.fabioferro.eu\/de\/wp-json\/wp\/v2\/product"}],"about":[{"href":"https:\/\/www.fabioferro.eu\/de\/wp-json\/wp\/v2\/types\/product"}],"replies":[{"embeddable":true,"href":"https:\/\/www.fabioferro.eu\/de\/wp-json\/wp\/v2\/comments?post=114877"}],"version-history":[{"count":0,"href":"https:\/\/www.fabioferro.eu\/de\/wp-json\/wp\/v2\/product\/114877\/revisions"}],"wp:featuredmedia":[{"embeddable":true,"href":"https:\/\/www.fabioferro.eu\/de\/wp-json\/wp\/v2\/media\/114892"}],"wp:attachment":[{"href":"https:\/\/www.fabioferro.eu\/de\/wp-json\/wp\/v2\/media?parent=114877"}],"wp:term":[{"taxonomy":"product_brand","embeddable":true,"href":"https:\/\/www.fabioferro.eu\/de\/wp-json\/wp\/v2\/product_brand?post=114877"},{"taxonomy":"product_cat","embeddable":true,"href":"https:\/\/www.fabioferro.eu\/de\/wp-json\/wp\/v2\/product_cat?post=114877"},{"taxonomy":"product_tag","embeddable":true,"href":"https:\/\/www.fabioferro.eu\/de\/wp-json\/wp\/v2\/product_tag?post=114877"}],"curies":[{"name":"wp","href":"https:\/\/api.w.org\/{rel}","templated":true}]}}