{"id":114878,"date":"2013-04-11T16:43:01","date_gmt":"2013-04-11T14:43:01","guid":{"rendered":"https:\/\/www.fabioferro.eu\/ti-sento-milan-solitaer-ring.html"},"modified":"2025-06-06T16:01:53","modified_gmt":"2025-06-06T14:01:53","slug":"ti-sento-milan-solitaer-ring","status":"publish","type":"product","link":"https:\/\/www.fabioferro.eu\/de\/ti-sento-milan-solitaer-ring.html","title":{"rendered":"Ti Sento Milan Solit\u00e4r Ring"},"content":{"rendered":"<p>Ring Ti Sento Milano aus 925\/1000 Sterlingsilber, rhodiniert und hypoallergen. Zentraler Solit\u00e4r, montiert mit 4 Krallen und seitlichen Zirkonen. Bandbreite mm. 2 Verf\u00fcgbare Gr\u00f6\u00dfe Nr. 14 Neuware in einer eleganten Satinschachtel mit Garantie.<\/p>\n","protected":false},"excerpt":{"rendered":"<p>Damenring aus Silber mit Solit\u00e4r<\/p>\n","protected":false},"featured_media":114893,"comment_status":"open","ping_status":"closed","template":"","meta":[],"product_brand":[158],"product_cat":[6343],"product_tag":[7551],"class_list":{"0":"post-114878","1":"product","2":"type-product","3":"status-publish","4":"has-post-thumbnail","6":"product_brand-ti-sento-milano","7":"product_cat-ti-sento-milano-ringe","8":"product_tag-ausschlusse","10":"first","11":"outofstock","12":"taxable","13":"shipping-taxable","14":"purchasable","15":"product-type-simple"},"exclude_global_add_ons":[],"addons":[],"df_price":65,"df_sale_price":"","df_regular_price":65,"df_image_link":"https:\/\/cdn02.fabioferro.eu\/wp-content\/uploads\/virtuemart\/product\/solitario-ti-sento6.jpg","_links":{"self":[{"href":"https:\/\/www.fabioferro.eu\/de\/wp-json\/wp\/v2\/product\/114878","targetHints":{"allow":["GET"]}}],"collection":[{"href":"https:\/\/www.fabioferro.eu\/de\/wp-json\/wp\/v2\/product"}],"about":[{"href":"https:\/\/www.fabioferro.eu\/de\/wp-json\/wp\/v2\/types\/product"}],"replies":[{"embeddable":true,"href":"https:\/\/www.fabioferro.eu\/de\/wp-json\/wp\/v2\/comments?post=114878"}],"version-history":[{"count":0,"href":"https:\/\/www.fabioferro.eu\/de\/wp-json\/wp\/v2\/product\/114878\/revisions"}],"wp:featuredmedia":[{"embeddable":true,"href":"https:\/\/www.fabioferro.eu\/de\/wp-json\/wp\/v2\/media\/114893"}],"wp:attachment":[{"href":"https:\/\/www.fabioferro.eu\/de\/wp-json\/wp\/v2\/media?parent=114878"}],"wp:term":[{"taxonomy":"product_brand","embeddable":true,"href":"https:\/\/www.fabioferro.eu\/de\/wp-json\/wp\/v2\/product_brand?post=114878"},{"taxonomy":"product_cat","embeddable":true,"href":"https:\/\/www.fabioferro.eu\/de\/wp-json\/wp\/v2\/product_cat?post=114878"},{"taxonomy":"product_tag","embeddable":true,"href":"https:\/\/www.fabioferro.eu\/de\/wp-json\/wp\/v2\/product_tag?post=114878"}],"curies":[{"name":"wp","href":"https:\/\/api.w.org\/{rel}","templated":true}]}}