{"id":114894,"date":"2013-04-11T16:29:16","date_gmt":"2013-04-11T14:29:16","guid":{"rendered":"https:\/\/www.fabioferro.eu\/ti-sento-milano-ring-schmaler-pave-ring.html"},"modified":"2024-09-18T17:17:14","modified_gmt":"2024-09-18T15:17:14","slug":"ti-sento-milano-ring-schmaler-pave-ring","status":"publish","type":"product","link":"https:\/\/www.fabioferro.eu\/de\/ti-sento-milano-ring-schmaler-pave-ring.html","title":{"rendered":"Ti Sento Milano Ring Schmaler Pav\u00e9-Ring"},"content":{"rendered":"<p>Ti Sento Milano Ring aus 925\/1000 rhodiniertem Silber und hypoallergenem zentralem Pav\u00e8 aus Zirkonia Bandbreite mm. 5 Gr\u00f6\u00dfe sofort lieferbar Nr. 14 Neuware in einer eleganten Satinschachtel mit entsprechender Garantie.<\/p>\n","protected":false},"excerpt":{"rendered":"<p>Silberner Damenring mit Zirkonia-Pflaster<\/p>\n","protected":false},"featured_media":114914,"comment_status":"open","ping_status":"closed","template":"","meta":[],"product_brand":[158],"product_cat":[6343],"product_tag":[],"class_list":{"0":"post-114894","1":"product","2":"type-product","3":"status-publish","4":"has-post-thumbnail","6":"product_brand-ti-sento-milano","7":"product_cat-ti-sento-milano-ringe","9":"first","10":"outofstock","11":"taxable","12":"shipping-taxable","13":"purchasable","14":"product-type-simple"},"exclude_global_add_ons":[],"addons":[],"df_price":99,"df_sale_price":"","df_regular_price":99,"df_image_link":"https:\/\/cdn02.fabioferro.eu\/wp-content\/uploads\/virtuemart\/product\/Anello_Ti_Sento__516ecf582aef9.jpg","_links":{"self":[{"href":"https:\/\/www.fabioferro.eu\/de\/wp-json\/wp\/v2\/product\/114894","targetHints":{"allow":["GET"]}}],"collection":[{"href":"https:\/\/www.fabioferro.eu\/de\/wp-json\/wp\/v2\/product"}],"about":[{"href":"https:\/\/www.fabioferro.eu\/de\/wp-json\/wp\/v2\/types\/product"}],"replies":[{"embeddable":true,"href":"https:\/\/www.fabioferro.eu\/de\/wp-json\/wp\/v2\/comments?post=114894"}],"version-history":[{"count":0,"href":"https:\/\/www.fabioferro.eu\/de\/wp-json\/wp\/v2\/product\/114894\/revisions"}],"wp:featuredmedia":[{"embeddable":true,"href":"https:\/\/www.fabioferro.eu\/de\/wp-json\/wp\/v2\/media\/114914"}],"wp:attachment":[{"href":"https:\/\/www.fabioferro.eu\/de\/wp-json\/wp\/v2\/media?parent=114894"}],"wp:term":[{"taxonomy":"product_brand","embeddable":true,"href":"https:\/\/www.fabioferro.eu\/de\/wp-json\/wp\/v2\/product_brand?post=114894"},{"taxonomy":"product_cat","embeddable":true,"href":"https:\/\/www.fabioferro.eu\/de\/wp-json\/wp\/v2\/product_cat?post=114894"},{"taxonomy":"product_tag","embeddable":true,"href":"https:\/\/www.fabioferro.eu\/de\/wp-json\/wp\/v2\/product_tag?post=114894"}],"curies":[{"name":"wp","href":"https:\/\/api.w.org\/{rel}","templated":true}]}}