{"id":114916,"date":"2012-01-05T15:54:16","date_gmt":"2012-01-05T14:54:16","guid":{"rendered":"https:\/\/www.fabioferro.eu\/fabio-ferro-buchstabe-f-halskette-in-weiss-und-schwarz-gold-mit-diamanten-013-karat.html"},"modified":"2024-09-18T17:25:48","modified_gmt":"2024-09-18T15:25:48","slug":"fabio-ferro-buchstabe-f-halskette-in-weiss-und-schwarz-gold-mit-diamanten-013-karat","status":"publish","type":"product","link":"https:\/\/www.fabioferro.eu\/de\/fabio-ferro-buchstabe-f-halskette-in-weiss-und-schwarz-gold-mit-diamanten-013-karat.html","title":{"rendered":"Fabio Ferro Buchstabe F Halskette in Wei\u00df und Schwarz Gold mit Diamanten 0,13 Karat"},"content":{"rendered":"<p>In unserer Goldschmiedewerkstatt handgefertigte Halskette mit dem Buchstaben &#8216;F&#8217; aus 750\/1000 Wei\u00dfgold mit einem Gewicht von 3,60 Gramm. Anh\u00e4nger mit der Initiale &#8220;F&#8221;, besetzt mit Diamanten im Brillantschliff von 0,13 Karat, Farbe F und Reinheit VS1. Der zentrale Teil ist aus schwarzem, rhodiniertem Schrot gefertigt. Die Kette ist 42 cm lang und mit einem Karabinerverschluss versehen. Die Gr\u00f6\u00dfe des Anh\u00e4ngers betr\u00e4gt 18 x 12 mm. Das Schmuckst\u00fcck wird von einer Schachtel, einem Geschenkkarton und einem von Fabio Ferro i Gioielli unterzeichneten Garantie- und Qualit\u00e4tszertifikat begleitet.  <img decoding=\"async\" class=\"alignnone size-full wp-image-68675\" src=\"https:\/\/cdn02.fabioferro.eu\/wp-content\/uploads\/IGI-4cs-chart-IT-scaled.jpg\" alt=\"\" width=\"1864\" height=\"2560\" title=\"\" srcset=\"https:\/\/cdn02.fabioferro.eu\/wp-content\/uploads\/IGI-4cs-chart-IT-scaled.jpg 1864w, https:\/\/cdn02.fabioferro.eu\/wp-content\/uploads\/IGI-4cs-chart-IT-768x1055.jpg 768w, https:\/\/cdn02.fabioferro.eu\/wp-content\/uploads\/IGI-4cs-chart-IT-1119x1536.jpg 1119w, https:\/\/cdn02.fabioferro.eu\/wp-content\/uploads\/IGI-4cs-chart-IT-1491x2048.jpg 1491w, https:\/\/cdn02.fabioferro.eu\/wp-content\/uploads\/IGI-4cs-chart-IT-990x1359.jpg 990w, https:\/\/cdn02.fabioferro.eu\/wp-content\/uploads\/IGI-4cs-chart-IT-441x606.jpg 441w, https:\/\/cdn02.fabioferro.eu\/wp-content\/uploads\/IGI-4cs-chart-IT-600x824.jpg 600w, https:\/\/cdn02.fabioferro.eu\/wp-content\/uploads\/IGI-4cs-chart-IT-150x206.jpg 150w\" sizes=\"(max-width: 1864px) 100vw, 1864px\" \/><\/p>\n","protected":false},"excerpt":{"rendered":"<p>Ein s\u00fc\u00dfer Buchstabe als Anfangsbuchstabe eines besonderen Namens, deines Namens.<\/p>\n","protected":false},"featured_media":114927,"comment_status":"open","ping_status":"closed","template":"","meta":[],"product_brand":[152],"product_cat":[6015],"product_tag":[],"class_list":{"0":"post-114916","1":"product","2":"type-product","3":"status-publish","4":"has-post-thumbnail","6":"product_brand-fabio-ferro-i-gioielli","7":"product_cat-halsketten","9":"first","10":"instock","11":"sale","12":"taxable","13":"shipping-taxable","14":"purchasable","15":"product-type-simple"},"exclude_global_add_ons":[],"addons":[],"df_price":1336,"df_sale_price":1336,"df_regular_price":1670,"df_image_link":"https:\/\/cdn02.fabioferro.eu\/wp-content\/uploads\/collana-fabio-ferro-lettera-f-in-oro-bianco-con-diamanti-m.6143f.jpg","_links":{"self":[{"href":"https:\/\/www.fabioferro.eu\/de\/wp-json\/wp\/v2\/product\/114916","targetHints":{"allow":["GET"]}}],"collection":[{"href":"https:\/\/www.fabioferro.eu\/de\/wp-json\/wp\/v2\/product"}],"about":[{"href":"https:\/\/www.fabioferro.eu\/de\/wp-json\/wp\/v2\/types\/product"}],"replies":[{"embeddable":true,"href":"https:\/\/www.fabioferro.eu\/de\/wp-json\/wp\/v2\/comments?post=114916"}],"version-history":[{"count":0,"href":"https:\/\/www.fabioferro.eu\/de\/wp-json\/wp\/v2\/product\/114916\/revisions"}],"wp:featuredmedia":[{"embeddable":true,"href":"https:\/\/www.fabioferro.eu\/de\/wp-json\/wp\/v2\/media\/114927"}],"wp:attachment":[{"href":"https:\/\/www.fabioferro.eu\/de\/wp-json\/wp\/v2\/media?parent=114916"}],"wp:term":[{"taxonomy":"product_brand","embeddable":true,"href":"https:\/\/www.fabioferro.eu\/de\/wp-json\/wp\/v2\/product_brand?post=114916"},{"taxonomy":"product_cat","embeddable":true,"href":"https:\/\/www.fabioferro.eu\/de\/wp-json\/wp\/v2\/product_cat?post=114916"},{"taxonomy":"product_tag","embeddable":true,"href":"https:\/\/www.fabioferro.eu\/de\/wp-json\/wp\/v2\/product_tag?post=114916"}],"curies":[{"name":"wp","href":"https:\/\/api.w.org\/{rel}","templated":true}]}}