{"id":114932,"date":"2011-12-31T16:42:30","date_gmt":"2011-12-31T15:42:30","guid":{"rendered":"https:\/\/www.fabioferro.eu\/comete-stahl-schluesselanhaenger-fuer-herren-mit-schwarzem-pvd-und-diamant.html"},"modified":"2011-12-31T16:42:30","modified_gmt":"2011-12-31T15:42:30","slug":"comete-stahl-schluesselanhaenger-fuer-herren-mit-schwarzem-pvd-und-diamant","status":"publish","type":"product","link":"https:\/\/www.fabioferro.eu\/de\/comete-stahl-schluesselanhaenger-fuer-herren-mit-schwarzem-pvd-und-diamant.html","title":{"rendered":"Comete Stahl-Schl\u00fcsselanh\u00e4nger f\u00fcr Herren mit schwarzem PVD und Diamant"},"content":{"rendered":"<p>Herrenschl\u00fcsselanh\u00e4nger Comete aus Edelstahl<br \/>\nStahlanh\u00e4nger mit schwarz\/rosa PVD-Behandlung mit Diamanten.<\/p>\n<p>Neuware mit Originalverpackung und Garantie<br \/>\nAusstellen einer Quittung und\/oder Rechnung<\/p>\n<p><strong>LAST PIECE<\/strong><\/p>\n","protected":false},"excerpt":{"rendered":"<p>Schl\u00fcsselanh\u00e4nger aus Comete-Stahl. Letztes verf\u00fcgbares St\u00fcck<\/p>\n","protected":false},"featured_media":114933,"comment_status":"open","ping_status":"closed","template":"","meta":[],"product_brand":[157],"product_cat":[6392],"product_tag":[],"class_list":{"0":"post-114932","1":"product","2":"type-product","3":"status-publish","4":"has-post-thumbnail","6":"product_brand-comete","7":"product_cat-comete-accessoires-manner","9":"first","10":"outofstock","11":"sale","12":"taxable","13":"shipping-taxable","14":"purchasable","15":"product-type-simple"},"exclude_global_add_ons":[],"addons":[],"df_price":77.4,"df_sale_price":77.4,"df_regular_price":86,"df_image_link":"https:\/\/cdn02.fabioferro.eu\/wp-content\/uploads\/virtuemart\/product\/portachiavi-comete-uomo-UCH-124.jpg","_links":{"self":[{"href":"https:\/\/www.fabioferro.eu\/de\/wp-json\/wp\/v2\/product\/114932","targetHints":{"allow":["GET"]}}],"collection":[{"href":"https:\/\/www.fabioferro.eu\/de\/wp-json\/wp\/v2\/product"}],"about":[{"href":"https:\/\/www.fabioferro.eu\/de\/wp-json\/wp\/v2\/types\/product"}],"replies":[{"embeddable":true,"href":"https:\/\/www.fabioferro.eu\/de\/wp-json\/wp\/v2\/comments?post=114932"}],"version-history":[{"count":0,"href":"https:\/\/www.fabioferro.eu\/de\/wp-json\/wp\/v2\/product\/114932\/revisions"}],"wp:featuredmedia":[{"embeddable":true,"href":"https:\/\/www.fabioferro.eu\/de\/wp-json\/wp\/v2\/media\/114933"}],"wp:attachment":[{"href":"https:\/\/www.fabioferro.eu\/de\/wp-json\/wp\/v2\/media?parent=114932"}],"wp:term":[{"taxonomy":"product_brand","embeddable":true,"href":"https:\/\/www.fabioferro.eu\/de\/wp-json\/wp\/v2\/product_brand?post=114932"},{"taxonomy":"product_cat","embeddable":true,"href":"https:\/\/www.fabioferro.eu\/de\/wp-json\/wp\/v2\/product_cat?post=114932"},{"taxonomy":"product_tag","embeddable":true,"href":"https:\/\/www.fabioferro.eu\/de\/wp-json\/wp\/v2\/product_tag?post=114932"}],"curies":[{"name":"wp","href":"https:\/\/api.w.org\/{rel}","templated":true}]}}