{"id":114947,"date":"2011-08-01T07:08:20","date_gmt":"2011-08-01T05:08:20","guid":{"rendered":"https:\/\/www.fabioferro.eu\/raspini-armbaender-schmetterlinge.html"},"modified":"2025-06-06T16:04:33","modified_gmt":"2025-06-06T14:04:33","slug":"raspini-armbaender-schmetterlinge","status":"publish","type":"product","link":"https:\/\/www.fabioferro.eu\/de\/raspini-armbaender-schmetterlinge.html","title":{"rendered":"Raspini Armb\u00e4nder Schmetterlinge"},"content":{"rendered":"<p>Silber 925\/1000 Giovanni Raspini Armband<\/p>\n<p>Geflochtene rosa Wachskordel mit silberfarbenen Schmetterlingen und Kugeln<\/p>\n<p>L\u00e4nge 17 cm. auch f\u00fcr das Handgelenk eines M\u00e4dchens geeignet<\/p>\n<p>Neuer Artikel mit original Giovanni Raspini Box und Garantie<\/p>\n<p>Ausstellen einer Quittung und\/oder Rechnung<\/p>\n","protected":false},"excerpt":{"rendered":"<p>Giovanni Raspini Armband aus rosa geflochtener Wachskordel und silbernen Schmetterlingen<\/p>\n","protected":false},"featured_media":114955,"comment_status":"open","ping_status":"closed","template":"","meta":[],"product_brand":[155],"product_cat":[7620],"product_tag":[7442],"class_list":{"0":"post-114947","1":"product","2":"type-product","3":"status-publish","4":"has-post-thumbnail","6":"product_brand-raspini","7":"product_cat-outlet-schmuck","8":"product_tag-verfugbar","10":"first","11":"instock","12":"sale","13":"taxable","14":"shipping-taxable","15":"purchasable","16":"product-type-simple"},"exclude_global_add_ons":[],"addons":[],"df_price":112.2,"df_sale_price":112.2,"df_regular_price":132,"df_image_link":"https:\/\/cdn02.fabioferro.eu\/wp-content\/uploads\/virtuemart\/product\/bracciale-rosa-con-farfalle.jpg","_links":{"self":[{"href":"https:\/\/www.fabioferro.eu\/de\/wp-json\/wp\/v2\/product\/114947","targetHints":{"allow":["GET"]}}],"collection":[{"href":"https:\/\/www.fabioferro.eu\/de\/wp-json\/wp\/v2\/product"}],"about":[{"href":"https:\/\/www.fabioferro.eu\/de\/wp-json\/wp\/v2\/types\/product"}],"replies":[{"embeddable":true,"href":"https:\/\/www.fabioferro.eu\/de\/wp-json\/wp\/v2\/comments?post=114947"}],"version-history":[{"count":0,"href":"https:\/\/www.fabioferro.eu\/de\/wp-json\/wp\/v2\/product\/114947\/revisions"}],"wp:featuredmedia":[{"embeddable":true,"href":"https:\/\/www.fabioferro.eu\/de\/wp-json\/wp\/v2\/media\/114955"}],"wp:attachment":[{"href":"https:\/\/www.fabioferro.eu\/de\/wp-json\/wp\/v2\/media?parent=114947"}],"wp:term":[{"taxonomy":"product_brand","embeddable":true,"href":"https:\/\/www.fabioferro.eu\/de\/wp-json\/wp\/v2\/product_brand?post=114947"},{"taxonomy":"product_cat","embeddable":true,"href":"https:\/\/www.fabioferro.eu\/de\/wp-json\/wp\/v2\/product_cat?post=114947"},{"taxonomy":"product_tag","embeddable":true,"href":"https:\/\/www.fabioferro.eu\/de\/wp-json\/wp\/v2\/product_tag?post=114947"}],"curies":[{"name":"wp","href":"https:\/\/api.w.org\/{rel}","templated":true}]}}