{"id":114971,"date":"2011-08-01T07:08:23","date_gmt":"2011-08-01T05:08:23","guid":{"rendered":"https:\/\/www.fabioferro.eu\/giovanni-raspini-elefant-charme-2.html"},"modified":"2026-05-11T15:46:34","modified_gmt":"2026-05-11T13:46:34","slug":"giovanni-raspini-elefant-charme-2","status":"publish","type":"product","link":"https:\/\/www.fabioferro.eu\/de\/giovanni-raspini-elefant-charme-2.html","title":{"rendered":"Giovanni Raspini Elefant Charme"},"content":{"rendered":"<p>Anh\u00e4nger aus 925\/1000 Sterlingsilber.<\/p>\n<p>Der Anh\u00e4nger hat einen Haken zum Befestigen an einem Schl\u00fcsselring, Halsband oder Armband.<\/p>\n<p>Neuware mit Originalverpackung und Garantie.<\/p>\n","protected":false},"excerpt":{"rendered":"<p>Giovanni Raspini Charme in Form eines Elefanten. Erh\u00e4ltlich in verschiedenen Gr\u00f6\u00dfen<\/p>\n","protected":false},"featured_media":106274,"comment_status":"open","ping_status":"closed","template":"","meta":[],"product_brand":[],"product_cat":[7809,7801],"product_tag":[7442],"class_list":{"0":"post-114971","1":"product","2":"type-product","3":"status-publish","4":"has-post-thumbnail","6":"product_cat-do-it-yourself-schmuck-giovanni-raspini","7":"product_cat-giovanni-raspini-reize","8":"product_tag-verfugbar","10":"first","11":"instock","12":"sale","13":"taxable","14":"shipping-taxable","15":"purchasable","16":"product-type-simple"},"exclude_global_add_ons":[],"addons":[],"df_price":40.5,"df_sale_price":40.5,"df_regular_price":45,"df_image_link":"https:\/\/cdn02.fabioferro.eu\/wp-content\/uploads\/virtuemart\/product\/charm-giovanni-raspini-elefante-6006-1.jpg","_links":{"self":[{"href":"https:\/\/www.fabioferro.eu\/de\/wp-json\/wp\/v2\/product\/114971","targetHints":{"allow":["GET"]}}],"collection":[{"href":"https:\/\/www.fabioferro.eu\/de\/wp-json\/wp\/v2\/product"}],"about":[{"href":"https:\/\/www.fabioferro.eu\/de\/wp-json\/wp\/v2\/types\/product"}],"replies":[{"embeddable":true,"href":"https:\/\/www.fabioferro.eu\/de\/wp-json\/wp\/v2\/comments?post=114971"}],"version-history":[{"count":1,"href":"https:\/\/www.fabioferro.eu\/de\/wp-json\/wp\/v2\/product\/114971\/revisions"}],"predecessor-version":[{"id":219631,"href":"https:\/\/www.fabioferro.eu\/de\/wp-json\/wp\/v2\/product\/114971\/revisions\/219631"}],"wp:featuredmedia":[{"embeddable":true,"href":"https:\/\/www.fabioferro.eu\/de\/wp-json\/wp\/v2\/media\/106274"}],"wp:attachment":[{"href":"https:\/\/www.fabioferro.eu\/de\/wp-json\/wp\/v2\/media?parent=114971"}],"wp:term":[{"taxonomy":"product_brand","embeddable":true,"href":"https:\/\/www.fabioferro.eu\/de\/wp-json\/wp\/v2\/product_brand?post=114971"},{"taxonomy":"product_cat","embeddable":true,"href":"https:\/\/www.fabioferro.eu\/de\/wp-json\/wp\/v2\/product_cat?post=114971"},{"taxonomy":"product_tag","embeddable":true,"href":"https:\/\/www.fabioferro.eu\/de\/wp-json\/wp\/v2\/product_tag?post=114971"}],"curies":[{"name":"wp","href":"https:\/\/api.w.org\/{rel}","templated":true}]}}