{"id":114994,"date":"2011-08-01T07:08:18","date_gmt":"2011-08-01T05:08:18","guid":{"rendered":"https:\/\/www.fabioferro.eu\/zancan-armband-fuer-maenner.html"},"modified":"2011-08-01T07:08:18","modified_gmt":"2011-08-01T05:08:18","slug":"zancan-armband-fuer-maenner","status":"publish","type":"product","link":"https:\/\/www.fabioferro.eu\/de\/zancan-armband-fuer-maenner.html","title":{"rendered":"Zancan-Armband f\u00fcr M\u00e4nner"},"content":{"rendered":"<p>Herrenarmband aus 18 kt Wei\u00dfgold<br \/>\nR\u00f6hrenf\u00f6rmige Zentralplatte mit Zancan-Logo<br \/>\nL\u00e4nge 21 cm<\/p>\n<p>Ref. EB288B<br \/>\nNeuer Artikel<br \/>\nOriginalverpackung und Garantie<br \/>\nAusstellen einer Quittung und\/oder Rechnung<\/p>\n","protected":false},"excerpt":{"rendered":"<p>Herrenarmband aus Wei\u00dfgold mit Zancan-R\u00f6hrchenplatte<\/p>\n","protected":false},"featured_media":115000,"comment_status":"open","ping_status":"closed","template":"","meta":[],"product_brand":[],"product_cat":[7620],"product_tag":[7442],"class_list":{"0":"post-114994","1":"product","2":"type-product","3":"status-publish","4":"has-post-thumbnail","6":"product_cat-outlet-schmuck","7":"product_tag-verfugbar","9":"first","10":"instock","11":"sale","12":"taxable","13":"shipping-taxable","14":"purchasable","15":"product-type-simple"},"exclude_global_add_ons":[],"addons":[],"df_price":930,"df_sale_price":930,"df_regular_price":1164.55,"df_image_link":"https:\/\/cdn02.fabioferro.eu\/wp-content\/uploads\/virtuemart\/product\/bracciale-piastra-tubolare2.jpg","_links":{"self":[{"href":"https:\/\/www.fabioferro.eu\/de\/wp-json\/wp\/v2\/product\/114994","targetHints":{"allow":["GET"]}}],"collection":[{"href":"https:\/\/www.fabioferro.eu\/de\/wp-json\/wp\/v2\/product"}],"about":[{"href":"https:\/\/www.fabioferro.eu\/de\/wp-json\/wp\/v2\/types\/product"}],"replies":[{"embeddable":true,"href":"https:\/\/www.fabioferro.eu\/de\/wp-json\/wp\/v2\/comments?post=114994"}],"version-history":[{"count":0,"href":"https:\/\/www.fabioferro.eu\/de\/wp-json\/wp\/v2\/product\/114994\/revisions"}],"wp:featuredmedia":[{"embeddable":true,"href":"https:\/\/www.fabioferro.eu\/de\/wp-json\/wp\/v2\/media\/115000"}],"wp:attachment":[{"href":"https:\/\/www.fabioferro.eu\/de\/wp-json\/wp\/v2\/media?parent=114994"}],"wp:term":[{"taxonomy":"product_brand","embeddable":true,"href":"https:\/\/www.fabioferro.eu\/de\/wp-json\/wp\/v2\/product_brand?post=114994"},{"taxonomy":"product_cat","embeddable":true,"href":"https:\/\/www.fabioferro.eu\/de\/wp-json\/wp\/v2\/product_cat?post=114994"},{"taxonomy":"product_tag","embeddable":true,"href":"https:\/\/www.fabioferro.eu\/de\/wp-json\/wp\/v2\/product_tag?post=114994"}],"curies":[{"name":"wp","href":"https:\/\/api.w.org\/{rel}","templated":true}]}}