{"id":115008,"date":"2011-08-01T07:08:17","date_gmt":"2011-08-01T05:08:17","guid":{"rendered":"https:\/\/www.fabioferro.eu\/salvini-trilogie-corolla-halskette.html"},"modified":"2024-10-14T11:32:14","modified_gmt":"2024-10-14T09:32:14","slug":"salvini-trilogie-corolla-halskette","status":"publish","type":"product","link":"https:\/\/www.fabioferro.eu\/de\/salvini-trilogie-corolla-halskette.html","title":{"rendered":"Salvini Trilogie Corolla Halskette"},"content":{"rendered":"<p>Salvini Damenhalskette aus 18 Karat Wei\u00dfgold, Gesamtgewicht 6,5 g. Trilogie-Anh\u00e4nger mit Brillanten Carat tot. 0,34 Farbe H VVS. Kette aus venezianischem Wei\u00dfgold, L\u00e4nge cm 45, verstellbar\/einstellbar in der L\u00e4nge auf cm 41 f\u00fcr &#8220;schlanke&#8221; Halsketten Trilogie-Anh\u00e4nger, Gr\u00f6\u00dfe mm 17,00 x 7,00 Karabinerverschluss mit &#8220;Salvini&#8221; Logo <\/p>\n<p>Ref 20029437 ANLASS LETZTES ST\u00dcCK<\/p>\n<p>Original Salvini-Schachtel und -Garantie, Geschenkpackung &#8220;dem Anlass entsprechend&#8221;.<\/p>\n","protected":false},"excerpt":{"rendered":"<p>Salvini Halskette aus Wei\u00dfgold mit diamantbesetztem Trilogy-Anh\u00e4nger<\/p>\n","protected":false},"featured_media":115015,"comment_status":"open","ping_status":"closed","template":"","meta":[],"product_brand":[],"product_cat":[7620],"product_tag":[7442],"class_list":{"0":"post-115008","1":"product","2":"type-product","3":"status-publish","4":"has-post-thumbnail","6":"product_cat-outlet-schmuck","7":"product_tag-verfugbar","9":"first","10":"instock","11":"sale","12":"taxable","13":"shipping-taxable","14":"purchasable","15":"product-type-simple"},"exclude_global_add_ons":[],"addons":[],"df_price":2550,"df_sale_price":2550,"df_regular_price":3190,"df_image_link":"https:\/\/cdn02.fabioferro.eu\/wp-content\/uploads\/virtuemart\/product\/collana_trilogy_rosetta.jpg","_links":{"self":[{"href":"https:\/\/www.fabioferro.eu\/de\/wp-json\/wp\/v2\/product\/115008","targetHints":{"allow":["GET"]}}],"collection":[{"href":"https:\/\/www.fabioferro.eu\/de\/wp-json\/wp\/v2\/product"}],"about":[{"href":"https:\/\/www.fabioferro.eu\/de\/wp-json\/wp\/v2\/types\/product"}],"replies":[{"embeddable":true,"href":"https:\/\/www.fabioferro.eu\/de\/wp-json\/wp\/v2\/comments?post=115008"}],"version-history":[{"count":0,"href":"https:\/\/www.fabioferro.eu\/de\/wp-json\/wp\/v2\/product\/115008\/revisions"}],"wp:featuredmedia":[{"embeddable":true,"href":"https:\/\/www.fabioferro.eu\/de\/wp-json\/wp\/v2\/media\/115015"}],"wp:attachment":[{"href":"https:\/\/www.fabioferro.eu\/de\/wp-json\/wp\/v2\/media?parent=115008"}],"wp:term":[{"taxonomy":"product_brand","embeddable":true,"href":"https:\/\/www.fabioferro.eu\/de\/wp-json\/wp\/v2\/product_brand?post=115008"},{"taxonomy":"product_cat","embeddable":true,"href":"https:\/\/www.fabioferro.eu\/de\/wp-json\/wp\/v2\/product_cat?post=115008"},{"taxonomy":"product_tag","embeddable":true,"href":"https:\/\/www.fabioferro.eu\/de\/wp-json\/wp\/v2\/product_tag?post=115008"}],"curies":[{"name":"wp","href":"https:\/\/api.w.org\/{rel}","templated":true}]}}